{"id":24668,"date":"2024-05-08T16:11:45","date_gmt":"2024-05-08T14:11:45","guid":{"rendered":"https:\/\/pawz.rs\/?post_type=product&#038;p=24668"},"modified":"2026-04-05T23:20:37","modified_gmt":"2026-04-05T21:20:37","slug":"sams-field-dog-medium-adult-piletina-i-krompir-13kg","status":"publish","type":"product","link":"https:\/\/pawz.rs\/en\/sams-field-dog-medium-adult-piletina-i-krompir-13kg\/","title":{"rendered":"Sam&#8217;s Field Dog Medium Adult Piletina i Krompir 13 kg"},"content":{"rendered":"<p><strong>Sam&#8217;s Field Dog Medium Adult Piletina i Krompir 13 kg<\/strong><\/p>\n<p>Kompletna premium hrana za odrasle pse srednjih rasa.<br \/>\nPreventivna formula za \u017eivot: kombinacija 60% pilec\u0301eg mesa, voc\u0301a i povrc\u0301a za zdravlje va\u0161eg psa.<\/p>\n<p>Bez glutena &#8211; nizak sadr\u017eaj \u017eitarica &#8211; nema rizika od intolerancije na hranu.<\/p>\n<p><strong>Pogodno za srednje rase:<\/strong><\/p>\n<p>Bigl, Pudla, \u0160etlandski Ov\u010dar, Koker \u0160panijel, Australski Ov\u010dar, Engleski Springer \u0160panijel, Engleski Baset, Collies, Border Collies, Persijski Hrt, Shar-Pei, Bull Terijer, Portugalski Vodeni pas, Mali Engleski Hrt, Chow Chows, Ameri\u010dki Staford, Basenji, Klamber \u0160panijel<\/p>\n<p><strong>Napredna ishrana za va\u0161eg psa:<\/strong><\/p>\n<p><strong>Visok nivo energije <\/strong>&#8211; piletina je izvor lako svarljivih proteina koji obezbe\u0111uju esencijalne aminokiseline va\u017ene za rast mi\u0161ic\u0301a, kvalitet dlake i odr\u017eavanje kondicije. Prirodno odli\u010dnog ukusa. Krompir u prera\u0111enom obliku je odli\u010dan izvor energije sa niskim glikemijskim indeksom. Obezbe\u0111uje energiju koja se efikasno koristi u telu. Kao ugljeni hidrat, kukuruz je izvor energije. Ove integralne \u017eitarice su bogate vlaknima, vitaminima i masnim kiselinama. Sertifikovan je kao sastojak \u201ebez GMO\u201c.<\/p>\n<p><strong>Zdravlje ko\u017ee i dlake <\/strong>&#8211; lososovo ulje je prirodni izvor Omega-3 masnih kiselina. Optimalni udeo masnih kiselina u telu poma\u017ee pobolj\u0161anju kvaliteta ko\u017ee i kose.<\/p>\n<p><strong>Imunitet <\/strong>&#8211; voc\u0301e i povrc\u0301e za ja\u010danje imuniteta. Su\u0161ene jabuke su esencijalni izvor fermentabilnih prebioti\u010dkih vlakana. Paradajz je izvor likopena, antioksidativna funkcija pru\u017ea za\u0161titu od delovanja slobodnih radikala. \u0160argarepa je prirodni izvor vitamina, minerala, dijetalnih vlakana, antioksidanata i fitonutrijenata.<\/p>\n<p>Zdrav metabolizam &#8211; prebiotici (mananoligosaharidi i fruktooligosaharidi) odr\u017eavaju zdravlje creva.<\/p>\n<p><strong>Sastav<\/strong>:<br \/>\nPiletina, pile\u0107a jetra, krompir, kukuruz, koko\u0161ija mast (za\u0161ti\u0107eno tokoferolima, izvor vitamina E), lososovo ulje, prirodni ukus, su\u0161ena jabuka, pivski kvasac, paradajz, ekstrakt od juke, \u0161argarepa, minerali, DL-metionin, L-lizin, mananoligosaharid, fruktooligosaharidi, probiotici.<\/p>\n<p><strong>Analiti\u010dki sastojci<\/strong>:<br \/>\nSirov protein\u00a026%, sirove masti 15%, sirova vlakna 2,5%, sirovi pepeo 6,6%, vlaga 10%, kalcijum 1,4%, fosfor 1,0%.<\/p>\n<p><strong>Dodaci\u00a0( po kg):<br \/>\n<\/strong>Vitamin A 20 000 IJ, vitamin D3 1 900 IJ, vitamin E 500 mg, vitamin B1 4,5 mg, vitamin B2 6,0 mg, vitamin B6 5,0 mg, vitamin B12 0,05 mg, niacin 26 mg, kalcijum pantotenat 13 mg, biotin 0,78 mg, folna kiselina 0,65 mg, kolin hlorid 780 mg, organski cink 107 mg, organski bakar 18 mg, jod 0,84 mg, organski selen 0,2 mg.<\/p>\n<p><strong>Uputstvo za hranjenje:<\/strong><br \/>\nHranite suvom ili delimi\u010dno navla\u017eenom hranom. Sve\u017ea voda uvek mora biti dostupna. Dnevne prehrambene potrebe va\u0161eg psa se mogu razlikovati zbog okoline gde boravi, veli\u010dine, starosti i fizi\u010dkog optere\u0107enja. Da bi odr\u017eali pravilnu kondiciju, osigurajte da va\u0161 pas ima dovoljno fizi\u010dke aktivnosti i da ga ne hranite previ\u0161e. \u010cuvati od vlage; na suvom, tamnom i hladnom mestu. Najbolje upotrebiti do, tablica hranjenja, serijski broj i neto masa: utisnuti su na pakovanju.<\/p>\n<p>Proizvo\u0111a\u010d: VAFO PRAHA s.r.o., K Br\u016fdku 94, Chr\u00e1\u0161\u0165any, 252 19 Rudn\u00e1 u Prahy, \u010ce\u0161ka<br \/>\nZemlja porekla: EU.<\/p>\n<p>&nbsp;<\/p>\n\n    <div class=\"xs_social_share_widget xs_share_url after_content \t\tmain_content  wslu-style-1 wslu-share-box-shaped wslu-fill-colored wslu-none wslu-share-horizontal wslu-theme-font-no wslu-main_content\">\n\n\t\t\n        <ul>\n\t\t\t        <\/ul>\n    <\/div>","protected":false},"excerpt":{"rendered":"<p>Sam&#8217;s Field Dog Medium Adult je kompletna hrana super premium kvaliteta, namenjena odraslim psima srednjih rasa, sa piletinom i krompirom<\/p>","protected":false},"featured_media":24669,"comment_status":"closed","ping_status":"closed","template":"","meta":{"_acf_changed":false},"pwb-brand":[917],"product_cat":[49,48,47],"product_tag":[209],"class_list":{"0":"post-24668","1":"product","2":"type-product","3":"status-publish","4":"has-post-thumbnail","6":"pwb-brand-sams-field","7":"product_cat-granule-za-pse","8":"product_cat-hrana-za-pse","9":"product_cat-psi","10":"product_tag-bez-glutena","12":"first","13":"instock","14":"taxable","15":"shipping-taxable","16":"purchasable","17":"product-type-simple"},"acf":[],"brands":[{"id":917,"name":"Sams Field","slug":"sams-field"}],"_links":{"self":[{"href":"https:\/\/pawz.rs\/en\/wp-json\/wp\/v2\/product\/24668","targetHints":{"allow":["GET"]}}],"collection":[{"href":"https:\/\/pawz.rs\/en\/wp-json\/wp\/v2\/product"}],"about":[{"href":"https:\/\/pawz.rs\/en\/wp-json\/wp\/v2\/types\/product"}],"replies":[{"embeddable":true,"href":"https:\/\/pawz.rs\/en\/wp-json\/wp\/v2\/comments?post=24668"}],"wp:featuredmedia":[{"embeddable":true,"href":"https:\/\/pawz.rs\/en\/wp-json\/wp\/v2\/media\/24669"}],"wp:attachment":[{"href":"https:\/\/pawz.rs\/en\/wp-json\/wp\/v2\/media?parent=24668"}],"wp:term":[{"taxonomy":"pwb-brand","embeddable":true,"href":"https:\/\/pawz.rs\/en\/wp-json\/wp\/v2\/pwb-brand?post=24668"},{"taxonomy":"product_cat","embeddable":true,"href":"https:\/\/pawz.rs\/en\/wp-json\/wp\/v2\/product_cat?post=24668"},{"taxonomy":"product_tag","embeddable":true,"href":"https:\/\/pawz.rs\/en\/wp-json\/wp\/v2\/product_tag?post=24668"}],"curies":[{"name":"wp","href":"https:\/\/api.w.org\/{rel}","templated":true}]}}