{"id":24674,"date":"2024-05-08T16:11:45","date_gmt":"2024-05-08T14:11:45","guid":{"rendered":"https:\/\/pawz.rs\/?post_type=product&#038;p=24674"},"modified":"2026-05-04T19:47:35","modified_gmt":"2026-05-04T17:47:35","slug":"sams-field-dog-large-adult-piletina-i-krompir-13kg","status":"publish","type":"product","link":"https:\/\/pawz.rs\/en\/sams-field-dog-large-adult-piletina-i-krompir-13kg\/","title":{"rendered":"Sam&#8217;s Field Dog Large Adult Piletina i Krompir 13 kg"},"content":{"rendered":"<p><strong>Sam&#8217;s Field Dog Large Adult Piletina i Krompir 13 kg<\/strong><\/p>\n<p>Kompletna premijum hrana za odrasle pse velikih rasa.<\/p>\n<p>Sadr\u017ei glukozamin i hondroitin sulfat za podr\u0161ku zdravlju zglobova i hrskavice.<\/p>\n<p>Preventivna formula za \u017eivot: kombinacija 60% pilec\u0301eg mesa, voc\u0301a i povrc\u0301a za zdravlje va\u0161eg psa.<\/p>\n<p>Bez glutena &#8211; nizak sadr\u017eaj zrna &#8211; nema rizika od intolerancije na hranu.<\/p>\n<p><strong>Pogodno za velike rase pasa:<\/strong><\/p>\n<p>Labrador Retriver, Nema\u010dki Ov\u010dar, Bokser, Buldog, rRotvajler, Bernski Planinski Pas, Doberman, Rodezijski Goni\u010d, Sibirski Haski, Crveni Irski seter, Nema\u010dki Kratkodlaki Pokaziva\u010d, Nema\u010dka doga, Mastif, Bulmastif, Bernadet, Njufaundlend, Pirinejski Planinski Pas, Irski Vu\u010dji Hrt, Veliki \u0160vajcarski Planinski pas, Napuljski Mastif<\/p>\n<p><strong>Napredna ishrana za va\u0161eg psa:<\/strong><\/p>\n<p><strong>Visok nivo energije<\/strong> &#8211; piletina je izvor lako svarljivih proteina koji obezbe\u0111uju esencijalne aminokiseline va\u017ene za rast mi\u0161ic\u0301a, kvalitet dlake i odr\u017eavanje kondicije. Prirodno odli\u010dnog ukusa. Krompir u prera\u0111enom obliku je odli\u010dan izvor energije sa niskim glikemijskim indeksom. Obezbe\u0111uje energiju koja se efikasno koristi u telu. Kao ugljeni hidrat, kukuruz je izvor energije. Ove integralne \u017eitarice su bogate vlaknima, vitaminima i masnim kiselinama. Sertifikovan je kao sastojak \u201ebez GMO\u201c.<\/p>\n<p><strong>Zdravlje ko\u017ee i dlake<\/strong> &#8211; lososovo ulje je prirodni izvor Omega-3 masnih kiselina. Optimalni udeo masnih kiselina u telu poma\u017ee pobolj\u0161anju kvaliteta ko\u017ee i kose.<\/p>\n<p><strong>Imunitet <\/strong>&#8211; voc\u0301e i povrc\u0301e za ja\u010danje imuniteta. Su\u0161ene jabuke su esencijalni izvor fermentabilnih prebioti\u010dkih vlakana. Paradajz je izvor likopena, antioksidativna funkcija pru\u017ea za\u0161titu od delovanja slobodnih radikala. \u0160argarepa je prirodni izvor vitamina, minerala, dijetalnih vlakana, antioksidanata i fitonutrijenata.<\/p>\n<p><strong>Zdrav metabolizam<\/strong> &#8211; prebiotici (mananoligosaharidi i fruktooligosaharidi) odr\u017eavaju zdravlje creva.<\/p>\n<p><strong>Sastojci<\/strong>:<br \/>\nPiletina, pilec\u0301a d\u017eigerica, krompir, kukuruz, pilec\u0301a mast (za\u0161tic\u0301ena tokoferolima, izvor vitamina E), lososovo ulje, prirodne arome, su\u0161ena jabuka, pivski kvasac, paradajz, ekstrakt juke, \u0161argarepa, minerali, glukozamin, DL hondroitin -metionin, L-lizin, mananoligosaharid, fruktooligosaharidi, probiotici.<\/p>\n<p><strong>Analytical composition:<\/strong><br \/>\nSirovi proteini 25%, Sirove masti 13%, Sirova vlakna 2,7%, Sirovi pepeo 6,5%, Vlaga 10%, Kalcijum 1,4%, Fosfor 1,0%.<\/p>\n<p><strong>Dodaci:<br \/>\n<\/strong>Vitamin A 20.000 IJ, Vitamin D3 1.900 IJ, Vitamin E 500 mg, Vitamin B1 4.5 mg, Vitamin B2 6.0 mg, Vitamin B6 5.0 mg, Vitamin B12 0.05 mg, Niacin 26 mg, Kalcijum pantotenat 13 mg, biotin 0,78 mg, folna kiselina 0,65 mg, holin hlorid 780 mg, organski cink 107 mg, organski bakar 18 mg, jod 0,84 mg, organski selen 0,2 mg;<em>\u00a0sadr\u017ei antioksidante koje je odobrila EU.<\/em><\/p>\n<p><strong>Uputstvo za hranjenje<\/strong>: Hranite suvom ili delimi\u010dno navla\u017eenom hranom. Sve\u017ea voda mora uvek biti dostupna. Dnevne potrebe za ishranom va\u0161eg psa mogu varirati u zavisnosti od okru\u017eenja, veli\u010dine, starosti i fizi\u010dke aktivnosti. Da biste odr\u017eali odgovarajuc\u0301u kondiciju, pobrinite se da va\u0161 pas ima dovoljno fizi\u010dke aktivnosti i da ga ne hranite previ\u0161e.<\/p>\n<p>Preporu\u010dena dnevna doza je navedena u tabeli hranjenja od\u0161tampanoj na pakovanju.<\/p>\n<p>Za\u0161titite od vlage; na suvom, tamnom i hladnom mestu.<\/p>\n<p>Proizvo\u0111a\u010d: VAFO PRAHA s.r.o., K Br\u016fdku 94, Chr\u00e1\u0161\u0165any, 252 19 Rudn\u00e1 u Prahy, \u010ce\u0161ka<br \/>\nZemlja porekla: EU.<\/p>\n<p>&nbsp;<\/p>\n\n    <div class=\"xs_social_share_widget xs_share_url after_content \t\tmain_content  wslu-style-1 wslu-share-box-shaped wslu-fill-colored wslu-none wslu-share-horizontal wslu-theme-font-no wslu-main_content\">\n\n\t\t\n        <ul>\n\t\t\t        <\/ul>\n    <\/div>","protected":false},"excerpt":{"rendered":"<p>Sam&#8217;s Field Dog Large Adult je hrana super premium kvaliteta, namenjena odraslim psima velikih rasa, sa ukusom piletine<\/p>","protected":false},"featured_media":24675,"comment_status":"closed","ping_status":"closed","template":"","meta":{"_acf_changed":false},"pwb-brand":[917],"product_cat":[49,48,47],"product_tag":[],"class_list":{"0":"post-24674","1":"product","2":"type-product","3":"status-publish","4":"has-post-thumbnail","6":"pwb-brand-sams-field","7":"product_cat-granule-za-pse","8":"product_cat-hrana-za-pse","9":"product_cat-psi","11":"first","12":"outofstock","13":"taxable","14":"shipping-taxable","15":"purchasable","16":"product-type-simple"},"acf":[],"brands":[{"id":917,"name":"Sams Field","slug":"sams-field"}],"_links":{"self":[{"href":"https:\/\/pawz.rs\/en\/wp-json\/wp\/v2\/product\/24674","targetHints":{"allow":["GET"]}}],"collection":[{"href":"https:\/\/pawz.rs\/en\/wp-json\/wp\/v2\/product"}],"about":[{"href":"https:\/\/pawz.rs\/en\/wp-json\/wp\/v2\/types\/product"}],"replies":[{"embeddable":true,"href":"https:\/\/pawz.rs\/en\/wp-json\/wp\/v2\/comments?post=24674"}],"wp:featuredmedia":[{"embeddable":true,"href":"https:\/\/pawz.rs\/en\/wp-json\/wp\/v2\/media\/24675"}],"wp:attachment":[{"href":"https:\/\/pawz.rs\/en\/wp-json\/wp\/v2\/media?parent=24674"}],"wp:term":[{"taxonomy":"pwb-brand","embeddable":true,"href":"https:\/\/pawz.rs\/en\/wp-json\/wp\/v2\/pwb-brand?post=24674"},{"taxonomy":"product_cat","embeddable":true,"href":"https:\/\/pawz.rs\/en\/wp-json\/wp\/v2\/product_cat?post=24674"},{"taxonomy":"product_tag","embeddable":true,"href":"https:\/\/pawz.rs\/en\/wp-json\/wp\/v2\/product_tag?post=24674"}],"curies":[{"name":"wp","href":"https:\/\/api.w.org\/{rel}","templated":true}]}}