{"id":24708,"date":"2024-05-08T16:09:53","date_gmt":"2024-05-08T14:09:53","guid":{"rendered":"https:\/\/pawz.rs\/?post_type=product&#038;p=24708"},"modified":"2026-04-05T23:20:57","modified_gmt":"2026-04-05T21:20:57","slug":"sams-field-cat-sterilized-piletina","status":"publish","type":"product","link":"https:\/\/pawz.rs\/en\/sams-field-cat-sterilized-piletina\/","title":{"rendered":"Sam&#8217;s Field Cat Sterilized Piletina"},"content":{"rendered":"<p><strong>Sam&#8217;s Field Cat Sterilized Piletina<\/strong><\/p>\n<p>Kompletna suva hrana za sterilisane ma\u010dke.<\/p>\n<p>Optimalna ravnote\u017ea minerala osigurava zdravlje mokra\u0107nog sastava i spre\u010dava nastanak struvitnih kamenaca. Niska kalorijska vrijednost odr\u017eava normalnu telesnu te\u017einu.<\/p>\n<p>Kombinacija piletine, voc\u0301a i povrc\u0301a za pobolj\u0161anje zdravlja ma\u010daka.<\/p>\n<p><strong>Sam\u00b4s Field super premium hrana<\/strong> je kompletna formula koja po\u0161tuje prirodne prehrambene potrebe, koje ma\u010dke imaju u raznim fazama \u017eivota. Jedinstveni sastav formula, uz velike koli\u010dine sve\u017eeg mesa i \u017eivotinjskih proteina, u kombinaciji sa ekstraktima voc\u0301a i povrc\u0301a, i drugim funkcionalnim komponentama, doprinose urednoj probavi, i efikasnom kori\u0161c\u0301enju hranljivih materija.<\/p>\n<ul>\n<li>Prisustvo \u017eitarica u hrani za ljubimce, posebno p\u0161enice, smanjuje njihovu digestivnost, i ote\u017eava digestivnom traktu da apsorbuje hranljive materije<\/li>\n<li>Sam\u00b4s Field formula bez \u017eitarica obezbe\u0111uje \u017eivotno zdravu prehranu i uklanja rizik od netolerantnosti u hrani i druge ne\u017eeljne reakcije<\/li>\n<\/ul>\n<p><strong>Sastav<\/strong>:<br \/>\nPiletina 42% (sve\u017ee pripremljena 20%), pirina\u010d, mast peradi (konzervirana me\u0161anim tokoferolima, izvor vitamina E), krompir, su\u0161ene jabuke 6%, pivski kvasac, lososovo ulje, pile\u0107a jetra, raj\u010dice 1%, \u0161argarepa 1%, juka, minerali, prebiotici (MOS i FOS 200 mg\/kg), kamilica (Matricaria chamomilla, 50 mg\/kg).<\/p>\n<p><strong>Analiti\u010dki sastojci<\/strong>:<br \/>\nSirovi protein 37%, Sirove masti 11%, Sirova vlakna 4,5%, Sirovi pepeo 7%, Vlaga 10%, Kalcijum 0,7%, Fosfor 0,6%, Natrijum 0,9%, Magnezijum 0,04%, Omega-3 masne kiseline 0,45%, Omega-6 masne kiseline 1,55%.<\/p>\n<p><strong>Dodaci (po kg)Prehrambeni dodaci:<\/strong><br \/>\nVitamin A 22 000 IJ, Vitamin D3 900 IJ, Vitamin E 600 mg, Taurin 2 000 mg, Vitamin C 300 mg, Kolinov Klorid 2 000 mg, L-karnitin 60 mg, Niacin 40 mg, Biotin 1,7 mg, Vitamin B1 2,5 mg, Vitamin B2 3,5 mg, Vitamin B6 2 mg, Vitamin B12 0,02 mg, Kalcijev Pantotenat 5,2 mg, Folna kiselina 0,2 mg, Organski Mangan 55 mg, \u017deljezo 45 mg, Organski Cink (cinkov kelat hidrata aminokiselina) 150 mg, Organski Bakar (bakreni kelat hidrata aminokiselina) 11 mg, Jod 3,5 mg, Organski Selen (organski oblik selenija dobijen iz kvasca Saccharomyces cerevisiae CNCM I-3060, neaktivnog selenskog kvasca) 0,20 mg.<\/p>\n<p>\u010cuvati na \u010distom, suvom i hladnom mestu dalje od direktne sun\u010deve svetlosti.<\/p>\n<p>Proizvo\u0111a\u010d: VAFO PRAHA s.r.o., K Br\u016fdku 94, Chr\u00e1\u0161\u0165any, 252 19 Rudn\u00e1 u Prahy, \u010ce\u0161ka<br \/>\nZemlja porekla: EU.<\/p>\n<p>&nbsp;<\/p>\n\n    <div class=\"xs_social_share_widget xs_share_url after_content \t\tmain_content  wslu-style-1 wslu-share-box-shaped wslu-fill-colored wslu-none wslu-share-horizontal wslu-theme-font-no wslu-main_content\">\n\n\t\t\n        <ul>\n\t\t\t        <\/ul>\n    <\/div>","protected":false},"excerpt":{"rendered":"<p>Sam&#8217;s Field Cat Sterilized predstavlja kompletnu hranu za sterilisane ma\u010dke, sa ukusom piletine<\/p>","protected":false},"featured_media":24709,"comment_status":"closed","ping_status":"closed","template":"","meta":{"_acf_changed":false,"_aa_vp_cena":"","_aa_online_cena":""},"pwb-brand":[917],"product_cat":[23,149,21],"product_tag":[],"class_list":{"0":"post-24708","1":"product","2":"type-product","3":"status-publish","4":"has-post-thumbnail","6":"pwb-brand-sams-field","7":"product_cat-macke","8":"product_cat-granule-za-macke","9":"product_cat-hrana-za-macke","11":"first","12":"outofstock","13":"taxable","14":"shipping-taxable","15":"purchasable","16":"product-type-variable","17":"has-default-attributes"},"acf":[],"brands":[{"id":917,"name":"Sams Field","slug":"sams-field"}],"_links":{"self":[{"href":"https:\/\/pawz.rs\/en\/wp-json\/wp\/v2\/product\/24708","targetHints":{"allow":["GET"]}}],"collection":[{"href":"https:\/\/pawz.rs\/en\/wp-json\/wp\/v2\/product"}],"about":[{"href":"https:\/\/pawz.rs\/en\/wp-json\/wp\/v2\/types\/product"}],"replies":[{"embeddable":true,"href":"https:\/\/pawz.rs\/en\/wp-json\/wp\/v2\/comments?post=24708"}],"wp:featuredmedia":[{"embeddable":true,"href":"https:\/\/pawz.rs\/en\/wp-json\/wp\/v2\/media\/24709"}],"wp:attachment":[{"href":"https:\/\/pawz.rs\/en\/wp-json\/wp\/v2\/media?parent=24708"}],"wp:term":[{"taxonomy":"pwb-brand","embeddable":true,"href":"https:\/\/pawz.rs\/en\/wp-json\/wp\/v2\/pwb-brand?post=24708"},{"taxonomy":"product_cat","embeddable":true,"href":"https:\/\/pawz.rs\/en\/wp-json\/wp\/v2\/product_cat?post=24708"},{"taxonomy":"product_tag","embeddable":true,"href":"https:\/\/pawz.rs\/en\/wp-json\/wp\/v2\/product_tag?post=24708"}],"curies":[{"name":"wp","href":"https:\/\/api.w.org\/{rel}","templated":true}]}}