{"id":24710,"date":"2024-05-08T16:09:55","date_gmt":"2024-05-08T14:09:55","guid":{"rendered":"https:\/\/pawz.rs\/?post_type=product&#038;p=24710"},"modified":"2026-05-04T19:48:09","modified_gmt":"2026-05-04T17:48:09","slug":"sams-field-cat-delicious-wild","status":"publish","type":"product","link":"https:\/\/pawz.rs\/en\/sams-field-cat-delicious-wild\/","title":{"rendered":"Sam&#8217;s Field Cat Delicious Wild"},"content":{"rendered":"<p><strong>Sam&#8217;s Field Cat Delicious Wild<\/strong><\/p>\n<p>Kompletna superpremium suva hrana za izbirljive odrasle ma\u010dke.<\/p>\n<p>Ukusna hrana kojoj ni izbirljive ma\u010dke nec\u0301e moc\u0301i da odole. Vrac\u0301a energiju, obezbe\u0111uje hranljive materije i obezbe\u0111uje savr\u0161eno stanje<\/p>\n<p>Specijalna formulacija kompozicije koja uklju\u010duje velike koli\u010dine sve\u017eeg mesa i \u017eivotinjskih proteina u kombinaciji sa voc\u0301em i povrc\u0301em i drugim funkcionalnim komponentama koje doprinose pravilnom varenju i efikasnom kori\u0161c\u0301enju hranljivih materija.<\/p>\n<p>Prisustvo \u017eitarica u hrani za kuc\u0301ne ljubimce, posebno u p\u0161enici, smanjuje svarljivost hrane i ote\u017eava digestivnom traktu da apsorbuje hranljive materije. Semova formula bez p\u0161enice u polju obezbe\u0111uje do\u017eivotnu zdravu ishranu i elimini\u0161e rizik od intolerancije na hranu i drugih ne\u017eeljenih efekata.<\/p>\n<p><strong>Sastav<\/strong>:<br \/>\nPatka 35%, pirina\u010d, piletina (sve\u017ee pripremljena) 15%, mast \u017eivine (konzervisana me\u0161avinom tokoferola, izvor vitamina E), krompir, suve jabuke 5%, pivski kvasac, lososovo ulje, pile\u0107a d\u017eigerica, paradajz 1% , \u0161argarepa 1%,juka, minerali, zelenousna \u0161koljka (300 mg\/kg), kolagen, prebiotici (mos &amp; fos 200 mg\/kg), kamilica (Matricaria chamomilla, 50 mg\/kg).<\/p>\n<p><strong>Analiti\u010dki sastojci<\/strong>:<br \/>\nSirovi proteini 33%, sirove masti 18%, sirova vlakna 4,5%, sirovi pepeo 6,5%, vlaga 10%, kalcijum 1,3%, fosfor 1,1%, natrijum 0,5%, magnezijum 0,06%, omega-3% masne kiseline , omega-6 masne kiseline 3,2%.<\/p>\n<p><strong>Hranljivi dodaci po 1 kg<\/strong>:<br \/>\nVitamin a 22.000 iu, vitamin d3 900 iu, vitamin E 600 mg, taurin 2.000 mg, vitamin c 300 mg, holinhlorid 2.000 mg, l-karnitin 60 mg, l-karnitin 60 mg, niacin 40mg, biotin 1,7 mg, vitamin b1 2,5 mg, vitamin b2 3,5 mg, vitamin b6 2 mg, vitamin b12 0,02 mg, kalcijum pantotenat 5,2 mg, folna kiselina 0,2 mg, organski mangan 55 mg, gvo\u017e\u0111e 45 mg, organski cink (cink helat amino kiselina hidrat, mg) 150 organski bakar (hidrat aminokiselina bakrenog helata) 11 mg, jod 3,5 mg, organski selen (organski oblik selena dobijen iz pekarskog kvasca cncm i-3060, selenizovani kvasac neaktiviran) 0,20 mg.<\/p>\n<p><strong>Odabrani sastojci visokog kvaliteta:<\/strong><\/p>\n<ul>\n<li style=\"list-style-type: none\">\n<ul>\n<li><strong>Patka<\/strong> &#8211; izvor visoko svarljivih proteina sa esencijalnim aminokiselinama pogodan je za razvoj mi\u0161ic\u0301a, zdravlje dlake i ukupnu vitalnost. Tako\u0111e je bogatog ukusa.<\/li>\n<\/ul>\n<\/li>\n<\/ul>\n<ul>\n<li style=\"list-style-type: none\">\n<ul>\n<li><strong>Lososovo ulje <\/strong>&#8211; prirodni izvor omega-3 masnih kiselina. Optimalan odnos masnih kiselina u telu poma\u017ee u pobolj\u0161anju kvaliteta ko\u017ee i kose.<\/li>\n<\/ul>\n<\/li>\n<\/ul>\n<ul>\n<li style=\"list-style-type: none\">\n<ul>\n<li><strong>Su\u0161ene jabuke<\/strong> &#8211; izvor esencijalnih fermentisanih vlakana<\/li>\n<\/ul>\n<\/li>\n<\/ul>\n<ul>\n<li style=\"list-style-type: none\">\n<ul>\n<li><strong>Paradajz <\/strong>&#8211; izvor likopena, najja\u010deg antioksidansa koji pobolj\u0161ava za\u0161titu od slobodnih radikala<\/li>\n<\/ul>\n<\/li>\n<\/ul>\n<ul>\n<li style=\"list-style-type: none\">\n<ul>\n<li><strong>\u0160argarepa <\/strong>&#8211; prirodni izvor vitamina, minerala, dijetetskih vlakana, antioksidanata i fitonutrijenata. Tako\u0111e pobolj\u0161ava imuni sistem.<\/li>\n<\/ul>\n<\/li>\n<\/ul>\n<ul>\n<li style=\"list-style-type: none\">\n<ul>\n<li><strong>Prava kamilica<\/strong> &#8211; sa antiinflamatornim i antialergijskim svojstvima, pobolj\u0161ava gustinu, sjaj i intenzitet boje ma\u010djeg krzna<\/li>\n<\/ul>\n<\/li>\n<\/ul>\n<p><strong>Uputstvo za hranjenje:<\/strong><br \/>\nHranite suvom ili delimi\u010dno navla\u017eenom hranom. Sve\u017ea voda mora uvek biti dostupna. Dnevne potrebe ma\u010dke u ishrani mogu varirati u zavisnosti od njenog okru\u017eenja, veli\u010dine, starosti i nivoa aktivnosti. Preporu\u010dene dnevne koli\u010dine su prikazane u tabeli ishrane.<\/p>\n<p>\u010cuvati na \u010distom, suvom i hladnom mestu dalje od direktne sun\u010deve svetlosti.<\/p>\n<p>Proizvo\u0111a\u010d: VAFO PRAHA s.r.o., K Br\u016fdku 94, Chr\u00e1\u0161\u0165any, 252 19 Rudn\u00e1 u Prahy, \u010ce\u0161ka<br \/>\nZemlja porekla: EU.<\/p>\n<p>&nbsp;<\/p>\n\n    <div class=\"xs_social_share_widget xs_share_url after_content \t\tmain_content  wslu-style-1 wslu-share-box-shaped wslu-fill-colored wslu-none wslu-share-horizontal wslu-theme-font-no wslu-main_content\">\n\n\t\t\n        <ul>\n\t\t\t        <\/ul>\n    <\/div>","protected":false},"excerpt":{"rendered":"<p>Sam&#8217;s Field Cat Delicious Wild predstavlja kompletnu hranu za odrasle ma\u010dke koje vole da biraju hranu, sa ukusom pa\u010detine<\/p>","protected":false},"featured_media":24711,"comment_status":"closed","ping_status":"closed","template":"","meta":{"_acf_changed":false},"pwb-brand":[917],"product_cat":[23,149,21],"product_tag":[],"class_list":{"0":"post-24710","1":"product","2":"type-product","3":"status-publish","4":"has-post-thumbnail","6":"pwb-brand-sams-field","7":"product_cat-macke","8":"product_cat-granule-za-macke","9":"product_cat-hrana-za-macke","11":"first","12":"outofstock","13":"taxable","14":"shipping-taxable","15":"purchasable","16":"product-type-variable","17":"has-default-attributes"},"acf":[],"brands":[{"id":917,"name":"Sams Field","slug":"sams-field"}],"_links":{"self":[{"href":"https:\/\/pawz.rs\/en\/wp-json\/wp\/v2\/product\/24710","targetHints":{"allow":["GET"]}}],"collection":[{"href":"https:\/\/pawz.rs\/en\/wp-json\/wp\/v2\/product"}],"about":[{"href":"https:\/\/pawz.rs\/en\/wp-json\/wp\/v2\/types\/product"}],"replies":[{"embeddable":true,"href":"https:\/\/pawz.rs\/en\/wp-json\/wp\/v2\/comments?post=24710"}],"wp:featuredmedia":[{"embeddable":true,"href":"https:\/\/pawz.rs\/en\/wp-json\/wp\/v2\/media\/24711"}],"wp:attachment":[{"href":"https:\/\/pawz.rs\/en\/wp-json\/wp\/v2\/media?parent=24710"}],"wp:term":[{"taxonomy":"pwb-brand","embeddable":true,"href":"https:\/\/pawz.rs\/en\/wp-json\/wp\/v2\/pwb-brand?post=24710"},{"taxonomy":"product_cat","embeddable":true,"href":"https:\/\/pawz.rs\/en\/wp-json\/wp\/v2\/product_cat?post=24710"},{"taxonomy":"product_tag","embeddable":true,"href":"https:\/\/pawz.rs\/en\/wp-json\/wp\/v2\/product_tag?post=24710"}],"curies":[{"name":"wp","href":"https:\/\/api.w.org\/{rel}","templated":true}]}}