{"id":24712,"date":"2024-05-08T16:09:56","date_gmt":"2024-05-08T14:09:56","guid":{"rendered":"https:\/\/pawz.rs\/?post_type=product&#038;p=24712"},"modified":"2026-05-04T19:50:57","modified_gmt":"2026-05-04T17:50:57","slug":"sams-field-kitten","status":"publish","type":"product","link":"https:\/\/pawz.rs\/en\/sams-field-kitten\/","title":{"rendered":"Sam&#8217;s Field Kitten"},"content":{"rendered":"<p>Kompletna superpremium suva hrana za ma\u010dic\u0301e.<\/p>\n<p>Sam&#8217;s Field superpremium kompletne formule zadovoljavaju prirodne potrebe za ishranom ma\u010daka u razli\u010ditim fazama njihovog \u017eivota.<\/p>\n<p><strong>Ukusna hrana koja je dobar izbor za zdrav razvoj kostiju i mi\u0161ic\u0301a, za razvoj vitalnih funkcija i imuniteta neophodnih za dobar po\u010detak \u017eivota.<\/strong><\/p>\n<p>Specijalna formulacija kompozicije koja uklju\u010duje velike koli\u010dine sve\u017eeg mesa i \u017eivotinjskih proteina u kombinaciji sa voc\u0301em i povrc\u0301em i drugim funkcionalnim komponentama koje doprinose pravilnom varenju i efikasnom kori\u0161c\u0301enju hranljivih materija.<\/p>\n<p>Prisustvo \u017eitarica u hrani za kuc\u0301ne ljubimce, posebno u p\u0161enici, smanjuje svarljivost hrane i ote\u017eava digestivnom traktu da apsorbuje hranljive materije. Semova formula bez p\u0161enice u polju obezbe\u0111uje do\u017eivotnu zdravu ishranu i elimini\u0161e rizik od intolerancije na hranu i drugih ne\u017eeljenih efekata.<\/p>\n<p><strong>Odabrani sastojci visokog kvaliteta:<\/strong><\/p>\n<ul>\n<li style=\"list-style-type: none\">\n<ul>\n<li><strong>Chicken<\/strong> &#8211; visoko svarljiv izvor proteina sa esencijalnim aminokiselinama pogodan je za razvoj mi\u0161ic\u0301a, zdravlje kose i ukupnu vitalnost. Tako\u0111e je bogatog ukusa.<\/li>\n<\/ul>\n<\/li>\n<\/ul>\n<ul>\n<li style=\"list-style-type: none\">\n<ul>\n<li><strong>Lososovo ulje<\/strong> &#8211; prirodni izvor omega-3 masnih kiselina. Optimalan odnos masnih kiselina u telu poma\u017ee u pobolj\u0161anju kvaliteta ko\u017ee i kose.<\/li>\n<\/ul>\n<\/li>\n<\/ul>\n<ul>\n<li style=\"list-style-type: none\">\n<ul>\n<li><strong>Su\u0161ene jabuke<\/strong> &#8211; izvor esencijalnih fermentisanih vlakana<\/li>\n<\/ul>\n<\/li>\n<\/ul>\n<ul>\n<li style=\"list-style-type: none\">\n<ul>\n<li><strong>Paradajz<\/strong> &#8211; izvor likopena, najja\u010deg antioksidansa koji pobolj\u0161ava za\u0161titu od slobodnih radikala<\/li>\n<\/ul>\n<\/li>\n<\/ul>\n<ul>\n<li style=\"list-style-type: none\">\n<ul>\n<li><strong>\u0160argarepa <\/strong>&#8211; prirodni izvor vitamina, minerala, dijetetskih vlakana, antioksidanata i fitonutrijenata. Tako\u0111e pobolj\u0161ava imuni sistem.<\/li>\n<\/ul>\n<\/li>\n<\/ul>\n<ul>\n<li style=\"list-style-type: none\">\n<ul>\n<li><strong>Prava kamilica<\/strong> &#8211; sa antiinflamatornim i antialergijskim svojstvima, pobolj\u0161ava gustinu, sjaj i intenzitet boje ma\u010djeg krzna<\/li>\n<\/ul>\n<\/li>\n<\/ul>\n<p><strong>Uputstvo za hranjenje<\/strong>: Hranite suvom ili delimi\u010dno navla\u017eenom hranom. Sve\u017ea voda mora uvek biti dostupna. Dnevne potrebe ma\u010dke u ishrani mogu varirati u zavisnosti od njenog okru\u017eenja, veli\u010dine, starosti i nivoa aktivnosti. Preporu\u010dene dnevne koli\u010dine su prikazane u tabeli ishrane.<\/p>\n<p>\u010cuvati na \u010distom, suvom i hladnom mestu dalje od direktne sun\u010deve svetlosti.<\/p>\n<p>Zemlja porekla: EU.<\/p>\n<p>&nbsp;<\/p>\n\n    <div class=\"xs_social_share_widget xs_share_url after_content \t\tmain_content  wslu-style-1 wslu-share-box-shaped wslu-fill-colored wslu-none wslu-share-horizontal wslu-theme-font-no wslu-main_content\">\n\n\t\t\n        <ul>\n\t\t\t        <\/ul>\n    <\/div>","protected":false},"excerpt":{"rendered":"<p>Sam&#8217;s Field kompletna superpremium suva hrana za ma\u010dic\u0301e, na bazi piletine<\/p>","protected":false},"featured_media":24713,"comment_status":"closed","ping_status":"closed","template":"","meta":{"_acf_changed":false},"pwb-brand":[917],"product_cat":[23,21,149],"product_tag":[],"class_list":{"0":"post-24712","1":"product","2":"type-product","3":"status-publish","4":"has-post-thumbnail","6":"pwb-brand-sams-field","7":"product_cat-macke","8":"product_cat-hrana-za-macke","9":"product_cat-granule-za-macke","11":"first","12":"outofstock","13":"taxable","14":"shipping-taxable","15":"purchasable","16":"product-type-variable","17":"has-default-attributes"},"acf":[],"brands":[{"id":917,"name":"Sams Field","slug":"sams-field"}],"_links":{"self":[{"href":"https:\/\/pawz.rs\/en\/wp-json\/wp\/v2\/product\/24712","targetHints":{"allow":["GET"]}}],"collection":[{"href":"https:\/\/pawz.rs\/en\/wp-json\/wp\/v2\/product"}],"about":[{"href":"https:\/\/pawz.rs\/en\/wp-json\/wp\/v2\/types\/product"}],"replies":[{"embeddable":true,"href":"https:\/\/pawz.rs\/en\/wp-json\/wp\/v2\/comments?post=24712"}],"wp:featuredmedia":[{"embeddable":true,"href":"https:\/\/pawz.rs\/en\/wp-json\/wp\/v2\/media\/24713"}],"wp:attachment":[{"href":"https:\/\/pawz.rs\/en\/wp-json\/wp\/v2\/media?parent=24712"}],"wp:term":[{"taxonomy":"pwb-brand","embeddable":true,"href":"https:\/\/pawz.rs\/en\/wp-json\/wp\/v2\/pwb-brand?post=24712"},{"taxonomy":"product_cat","embeddable":true,"href":"https:\/\/pawz.rs\/en\/wp-json\/wp\/v2\/product_cat?post=24712"},{"taxonomy":"product_tag","embeddable":true,"href":"https:\/\/pawz.rs\/en\/wp-json\/wp\/v2\/product_tag?post=24712"}],"curies":[{"name":"wp","href":"https:\/\/api.w.org\/{rel}","templated":true}]}}