{"id":24738,"date":"2024-05-16T12:40:02","date_gmt":"2024-05-16T10:40:02","guid":{"rendered":"https:\/\/pawz.rs\/?post_type=product&#038;p=24738"},"modified":"2026-04-05T23:24:05","modified_gmt":"2026-04-05T21:24:05","slug":"candioli-actea-oral-zastitni-gel-15-ml","status":"publish","type":"product","link":"https:\/\/pawz.rs\/en\/candioli-actea-oral-zastitni-gel-15-ml\/","title":{"rendered":"Candioli actea Oral Za\u0161titini Gel 15 ml"},"content":{"rendered":"<p><strong>Candioli actea Oral Za\u0161titni Gel 15 ml<\/strong><\/p>\n<p>Smanjuje plak i kontroli\u0161e zadah iz usta , za pse i ma\u010dke<\/p>\n<p><strong>\u0160ta je LAS?<br \/>\n<\/strong>To je patentirana me\u0161avina prirodnih molekula koja efikasno kontroli\u0161e upalu, svrab, prekomerni rast bakterija i gljivica. LAS, zahvaljujuc\u0301i svojoj jedinstvenoj formuli, ima antibakterijska i antiinflamatorna svojstva.<br \/>\nLAS se dobija kori\u0161c\u0301enjem inovativnih proizvodnih procesa (patentirana HTN\u2122 TEHNOLOGIJA), i rezultat je trogodi\u0161njeg prou\u010davanja sa me\u0111unarodnom nau\u010dnom zajednicom.<br \/>\nZa proizvodnju LAS-a nisu kori\u0161c\u0301eni rastvara\u010di ili alkohol, a postignuta je vrhunska \u010distoc\u0301a od 98%.<\/p>\n<p><strong>Prednosti LAS formule:<\/strong><\/p>\n<ul>\n<li>Inovativna i ekskluzivna formula<\/li>\n<li>Jedinstven u veterinarskoj medicini<\/li>\n<li>Efikasan, prirodan i siguran<\/li>\n<li>Patentirana formula<\/li>\n<\/ul>\n<p><strong>LAS\u2122 sadr\u017ei:<\/strong><\/p>\n<ul>\n<li><strong>Laktofericin <\/strong>(laktoferin hidrolizat) sa antibakterijskim, antivirusnim i imunolo\u0161kim efektima.<\/li>\n<li><strong>GPI <\/strong>(glicerol-fosfo-inozitol lizin), dobijen od suncokretovog lecitina, sa inovativnim samoreguli\u0161uc\u0301im mehanizmom regulacije upale i svraba.<\/li>\n<li><strong>Verbaskozid<\/strong> (Dermasir\u2122), supstanca dobijena iz mati\u010dnih c\u0301elija odre\u0111enih biljaka, posebno iz Siringa vulgaris (jorgovana), ima antiinflamatorna, antibakterijska svojstva i reguli\u0161e prekomerno lu\u010denje sebuma.<\/li>\n<\/ul>\n<p><strong>Sastav<\/strong>:<br \/>\nAqua (voda) &#8211; sorbitol &#8211; glicerin &#8211; laktofericin &#8211; glIcerofosfoinozitol lizin &#8211; Syringa vulgaris (jorgovan) ekstrakt lista stani\u010dne kulture &#8211; maltodekstrin &#8211; karbomer &#8211; natrijev hidroksid &#8211; etilheksilglicerin &#8211; fenoksietanol.Indikacije: Vrlo ljepljiv stomatolo\u0161ki za\u0161titni gel upotrebljava se kao pomo\u0107 u lije\u010denju parodontnih bolesti u pasa i ma\u010daka (npr. gingivitis, stomatitis, parodontitis).<\/p>\n<p><strong>Indikacije<\/strong>:<br \/>\nVeoma lepljivi zubni za\u0161titni gel se koristi kao pomoc\u0301no sredstvo u le\u010denju parodontalnih oboljenja kod pasa i ma\u010daka (npr. gingivitis, stomatitis, parodontitis).<br \/>\nSpre\u010dava stvaranje plaka i brzo uklanja lo\u0161 zadah. Zahvaljujuc\u0301i svom za\u0161titnom dejstvu, Actea Oral brzo vrac\u0301a fiziolo\u0161ko stanje sluzoko\u017ee usne duplje, \u010dak i nakon uklanjanja kamenca i va\u0111enja zuba.<\/p>\n<p>Proizvo\u0111a\u010d: Candioli S.r.l.<br \/>\nZemlja porekla: Italija<\/p>\n\n    <div class=\"xs_social_share_widget xs_share_url after_content \t\tmain_content  wslu-style-1 wslu-share-box-shaped wslu-fill-colored wslu-none wslu-share-horizontal wslu-theme-font-no wslu-main_content\">\n\n\t\t\n        <ul>\n\t\t\t        <\/ul>\n    <\/div>","protected":false},"excerpt":{"rendered":"<p>Candioli actea Oral predstavlja za\u0161titni gel namenjen psima i ma\u010dkama, koji kontroli\u0161e lo\u0161 zadah iz usta<\/p>","protected":false},"featured_media":24739,"comment_status":"closed","ping_status":"closed","template":"","meta":{"_acf_changed":false},"pwb-brand":[918],"product_cat":[47,23,414,391],"product_tag":[],"class_list":{"0":"post-24738","1":"product","2":"type-product","3":"status-publish","4":"has-post-thumbnail","6":"pwb-brand-candioli-pharma","7":"product_cat-psi","8":"product_cat-macke","9":"product_cat-vitamini-suplementi-i-preparati-za-macke","10":"product_cat-vitamini-suplementi-i-preparati-za-pse","12":"first","13":"instock","14":"taxable","15":"shipping-taxable","16":"purchasable","17":"product-type-simple"},"acf":[],"brands":[{"id":918,"name":"Candioli Pharma","slug":"candioli-pharma"}],"_links":{"self":[{"href":"https:\/\/pawz.rs\/en\/wp-json\/wp\/v2\/product\/24738","targetHints":{"allow":["GET"]}}],"collection":[{"href":"https:\/\/pawz.rs\/en\/wp-json\/wp\/v2\/product"}],"about":[{"href":"https:\/\/pawz.rs\/en\/wp-json\/wp\/v2\/types\/product"}],"replies":[{"embeddable":true,"href":"https:\/\/pawz.rs\/en\/wp-json\/wp\/v2\/comments?post=24738"}],"wp:featuredmedia":[{"embeddable":true,"href":"https:\/\/pawz.rs\/en\/wp-json\/wp\/v2\/media\/24739"}],"wp:attachment":[{"href":"https:\/\/pawz.rs\/en\/wp-json\/wp\/v2\/media?parent=24738"}],"wp:term":[{"taxonomy":"pwb-brand","embeddable":true,"href":"https:\/\/pawz.rs\/en\/wp-json\/wp\/v2\/pwb-brand?post=24738"},{"taxonomy":"product_cat","embeddable":true,"href":"https:\/\/pawz.rs\/en\/wp-json\/wp\/v2\/product_cat?post=24738"},{"taxonomy":"product_tag","embeddable":true,"href":"https:\/\/pawz.rs\/en\/wp-json\/wp\/v2\/product_tag?post=24738"}],"curies":[{"name":"wp","href":"https:\/\/api.w.org\/{rel}","templated":true}]}}