{"id":24782,"date":"2024-05-08T16:09:53","date_gmt":"2024-05-08T14:09:53","guid":{"rendered":"https:\/\/pawz.rs\/?post_type=product&#038;p=24782"},"modified":"2026-05-04T19:50:57","modified_gmt":"2026-05-04T17:50:57","slug":"sams-field-cat-adult-piletina","status":"publish","type":"product","link":"https:\/\/pawz.rs\/en\/sams-field-cat-adult-piletina\/","title":{"rendered":"Sam&#8217;s Field Cat Adult Piletina"},"content":{"rendered":"<p><strong>Sam&#8217;s Field Cat Adult Piletina<\/strong><\/p>\n<p>Kompletna hrana za odrasle ma\u010dke.<\/p>\n<p>Superpremium hrana za ma\u010dke bogata visoko svarljivim \u017eivotinjskim belan\u010devinama, vitaminima i mineraliama koji podsti\u010du razvoj mi\u0161i\u0107a, zdravlje kostiju i zglobova te sveukupno zdravlje radi aktivnog na\u010dina \u017eivota.<\/p>\n<p>Kombinacija sve\u017ee piletine, vo\u0107a i povr\u0107a za pobolj\u0161anje zdravlja va\u0161e ma\u010dke.<\/p>\n<p>Razvoj vitalnih funkcija i imuniteta za dobar po\u010detak \u017eivota. Piletina, vo\u0107e i povr\u0107e.<\/p>\n<ul>\n<li>Bez p\u0161enice<\/li>\n<li>Bez kukuruza<\/li>\n<\/ul>\n<p><strong>Ingredients:<br \/>\n<\/strong>Piletina 45% (sve\u017ee pripremljena 20%), pirina\u010d, mast \u017eivine (konzervisana me\u0161anim tokoferolima, izvor vitamina E), krompir, su\u0161ene jabuke 6%, pivski kvasac, lososovo ulje, pile\u0107a jetra, paradajz 1%, mrkva 1%, juka, minerali, prebiotici (MOS i FOS 200 mg\/kg), kamilica (Matricaria chamomilla, 50 mg\/kg).<\/p>\n<p><strong>Analytical composition:<br \/>\n<\/strong>Sirove belan\u010devine 35%, Sirove masti 15%, Sirova vlakna 3,2%, Sirovi pepeo 5,6%, Vlaga 10%, Kalcijum 1,2%, Fosfor 1%, Natrijum 0,35%, Magnezijum 0,08%, Omega-3 masne kiseline 0,4%, Omega-6 masne kiseline 2,1%.<\/p>\n<p><strong>Dodaci (po kg)<br \/>\n<\/strong>Prehrambeni dodaci: Vitamin A 22 000 IJ, Vitamin D3 900 IJ, Vitamin E 600 mg, Taurin 2 000 mg, Vitamin C 300 mg, Holin Hlorid 2 000 mg, L-karnitin 60 mg, Niacin 40 mg, Biotin 1,7 mg, Vitamin B1 2,5 mg, Vitamin B2 3,5 mg, Vitamin B6 2 mg, Vitamin B12 0,02 mg, KalcijUM Pantotenat 5,2 mg, Folna kiselina 0,2 mg, Organski Mangan 55 mg, Gvo\u017e\u0111e 45 mg, Organski Cink (cinkov helat hidrata aminokiselina) 150 mg, Organski Bakar (bakreni helat hidrata aminokiselina) 11 mg, Jod 3,5 mg, Organski Selen (organski oblik selena dobijen iz kvasca Saccharomyces cerevisiae CNCM I-3060, neaktivnog selenskog kvasca) 0,20 mg.<\/p>\n<p><strong>Uputstvo za hranjenje<\/strong>:<br \/>\nHranite suvom ili delimi\u010dno navla\u017eenom hranom. Sve\u017ea voda uvek mora biti dostupna. Dnevne prehrambene potrebe ma\u010dke mogu se razlikovati zavisno od njene okoline, veli\u010dine, doba i nivoa aktivnosti.<\/p>\n<p>\u010cuvati na \u010distom, suvom i hladnom mestu dalje od direktne sun\u010deve svetlosti.<\/p>\n<p>Najbolje upotrebiti do, serijski broj i neto masa: otisnuti su na pakovanju.<\/p>\n<p>Proizvo\u0111a\u010d: VAFO PRAHA s.r.o., K Br\u016fdku 94, Chr\u00e1\u0161\u0165any, 252 19 Rudn\u00e1 u Prahy, \u010ce\u0161ka<br \/>\nZemlja porekla: EU.<\/p>\n<p>&nbsp;<\/p>\n\n    <div class=\"xs_social_share_widget xs_share_url after_content \t\tmain_content  wslu-style-1 wslu-share-box-shaped wslu-fill-colored wslu-none wslu-share-horizontal wslu-theme-font-no wslu-main_content\">\n\n\t\t\n        <ul>\n\t\t\t        <\/ul>\n    <\/div>","protected":false},"excerpt":{"rendered":"<p>Sam&#8217;s Field Cat Adult je kompletna hrana za odrasle ma\u010dke sa ukusom piletine<\/p>","protected":false},"featured_media":24737,"comment_status":"closed","ping_status":"closed","template":"","meta":{"_acf_changed":false},"pwb-brand":[917],"product_cat":[23,21,149],"product_tag":[],"class_list":{"0":"post-24782","1":"product","2":"type-product","3":"status-publish","4":"has-post-thumbnail","6":"pwb-brand-sams-field","7":"product_cat-macke","8":"product_cat-hrana-za-macke","9":"product_cat-granule-za-macke","11":"first","12":"outofstock","13":"taxable","14":"shipping-taxable","15":"purchasable","16":"product-type-variable","17":"has-default-attributes"},"acf":[],"brands":[{"id":917,"name":"Sams Field","slug":"sams-field"}],"_links":{"self":[{"href":"https:\/\/pawz.rs\/en\/wp-json\/wp\/v2\/product\/24782","targetHints":{"allow":["GET"]}}],"collection":[{"href":"https:\/\/pawz.rs\/en\/wp-json\/wp\/v2\/product"}],"about":[{"href":"https:\/\/pawz.rs\/en\/wp-json\/wp\/v2\/types\/product"}],"replies":[{"embeddable":true,"href":"https:\/\/pawz.rs\/en\/wp-json\/wp\/v2\/comments?post=24782"}],"wp:featuredmedia":[{"embeddable":true,"href":"https:\/\/pawz.rs\/en\/wp-json\/wp\/v2\/media\/24737"}],"wp:attachment":[{"href":"https:\/\/pawz.rs\/en\/wp-json\/wp\/v2\/media?parent=24782"}],"wp:term":[{"taxonomy":"pwb-brand","embeddable":true,"href":"https:\/\/pawz.rs\/en\/wp-json\/wp\/v2\/pwb-brand?post=24782"},{"taxonomy":"product_cat","embeddable":true,"href":"https:\/\/pawz.rs\/en\/wp-json\/wp\/v2\/product_cat?post=24782"},{"taxonomy":"product_tag","embeddable":true,"href":"https:\/\/pawz.rs\/en\/wp-json\/wp\/v2\/product_tag?post=24782"}],"curies":[{"name":"wp","href":"https:\/\/api.w.org\/{rel}","templated":true}]}}