{"id":25050,"date":"2024-05-13T12:14:37","date_gmt":"2024-05-13T10:14:37","guid":{"rendered":"https:\/\/pawz.rs\/?post_type=product&#038;p=25050"},"modified":"2024-05-13T12:14:38","modified_gmt":"2024-05-13T10:14:38","slug":"inodorina-magic-home-talcum-sredstvo-za-ciscenje-1-l","status":"publish","type":"product","link":"https:\/\/pawz.rs\/en\/inodorina-magic-home-talcum-sredstvo-za-ciscenje-1-l\/","title":{"rendered":"Inodorina Magic Home Talcum Sredstvo Za \u010ci\u0161\u0107enje 1 l"},"content":{"rendered":"<p><strong>Inodorina Magic Home Talcum Sredstvo Za \u010ci\u0161\u0107enje\u00a0<\/strong><\/p>\n<div>Inodorina Magic Home je mirisni deterd\u017eent, specifi\u010dan za okru\u017eenja u kojima \u017eive kuc\u0301ni ljubimci.<\/div>\n<div><\/div>\n<div>Pogodan je za sve povr\u0161ine koje se mogu prati i za sve tipove podova.<\/div>\n<div><\/div>\n<div>Mo\u017ee se upotrebiti i za pranje i dezinfekciju odgajiva\u010dnica, bokseva, kreveti\u0107a, jastuka na kojima ljubimci borave.<\/div>\n<div><\/div>\n<div>Ne ostavlja mrlje niti lepljive tragove.<\/div>\n<p><strong>Uputstvo za upotrebu:<br \/>\n<\/strong>Magic Home Inodorina je visoko koncentrovan.<\/p>\n<p>Treba ga razbla\u017eiti u vodi od 1% do 10% u zavisnosti od toga koliko su povr\u0161ine zaprljane i koli\u010dine \u017eeljenog mirisa.<\/p>\n<div>Ne ispirati.<\/div>\n<div><\/div>\n<div>U slu\u010daju mrlja ili odre\u0111ene prljav\u0161tine mo\u017eete ga koristiti \u010disog na sun\u0111eru i isprati.<\/div>\n<p><strong>Zapremina<\/strong>: 1 l<\/p>\n<p>Proizvo\u0111a\u010d: Pet Village Srl, Via Stradello, Italy<br \/>\nZemlja porekla: Italija (EU)<\/p>\n\n    <div class=\"xs_social_share_widget xs_share_url after_content \t\tmain_content  wslu-style-1 wslu-share-box-shaped wslu-fill-colored wslu-none wslu-share-horizontal wslu-theme-font-no wslu-main_content\">\n\n\t\t\n        <ul>\n\t\t\t        <\/ul>\n    <\/div>","protected":false},"excerpt":{"rendered":"<p>Sredstvo za \u010di\u0161\u0107enje mesta gde borave \u017eivotinje, sa mirisom talka<\/p>","protected":false},"featured_media":25051,"comment_status":"open","ping_status":"closed","template":"","meta":{"_acf_changed":false},"pwb-brand":[702],"product_cat":[23,80,388,47,104,389],"product_tag":[],"class_list":{"0":"post-25050","1":"product","2":"type-product","3":"status-publish","4":"has-post-thumbnail","6":"pwb-brand-inodorina","7":"product_cat-macke","8":"product_cat-higijena-nega-macaka","9":"product_cat-higijenski-proizvodi","10":"product_cat-psi","11":"product_cat-higijena-i-nega-pasa","12":"product_cat-higijenski-proizvodi-higijena-i-nega-pasa","14":"first","15":"instock","16":"taxable","17":"shipping-taxable","18":"purchasable","19":"product-type-simple"},"acf":[],"brands":[{"id":702,"name":"Inodorina","slug":"inodorina"}],"_links":{"self":[{"href":"https:\/\/pawz.rs\/en\/wp-json\/wp\/v2\/product\/25050","targetHints":{"allow":["GET"]}}],"collection":[{"href":"https:\/\/pawz.rs\/en\/wp-json\/wp\/v2\/product"}],"about":[{"href":"https:\/\/pawz.rs\/en\/wp-json\/wp\/v2\/types\/product"}],"replies":[{"embeddable":true,"href":"https:\/\/pawz.rs\/en\/wp-json\/wp\/v2\/comments?post=25050"}],"wp:featuredmedia":[{"embeddable":true,"href":"https:\/\/pawz.rs\/en\/wp-json\/wp\/v2\/media\/25051"}],"wp:attachment":[{"href":"https:\/\/pawz.rs\/en\/wp-json\/wp\/v2\/media?parent=25050"}],"wp:term":[{"taxonomy":"pwb-brand","embeddable":true,"href":"https:\/\/pawz.rs\/en\/wp-json\/wp\/v2\/pwb-brand?post=25050"},{"taxonomy":"product_cat","embeddable":true,"href":"https:\/\/pawz.rs\/en\/wp-json\/wp\/v2\/product_cat?post=25050"},{"taxonomy":"product_tag","embeddable":true,"href":"https:\/\/pawz.rs\/en\/wp-json\/wp\/v2\/product_tag?post=25050"}],"curies":[{"name":"wp","href":"https:\/\/api.w.org\/{rel}","templated":true}]}}