{"id":25076,"date":"2024-05-16T11:52:44","date_gmt":"2024-05-16T09:52:44","guid":{"rendered":"https:\/\/pawz.rs\/?post_type=product&#038;p=25076"},"modified":"2026-02-12T20:48:40","modified_gmt":"2026-02-12T19:48:40","slug":"gemon-cat-kitten-with-chicken-and-rice-2-kg","status":"publish","type":"product","link":"https:\/\/pawz.rs\/en\/gemon-cat-kitten-with-chicken-and-rice-2-kg\/","title":{"rendered":"Gemon Cat Kitten With Chicken And Rice 2 kg"},"content":{"rendered":"<p><strong>Gemon Cat Kitten With Chicken And Rice 2 kg<\/strong><\/p>\n<p>Gemon kitten (1-12 meseci) sa piletinom i pirin\u010dem je kompletna hrana za ma\u010dic\u0301e koji rastu.<\/p>\n<p>Formulaciju karakteri\u0161u kvalitetni sastojci kao \u0161to su piletina, izvor esencijalnih hranljivih materija, i pirina\u010d, izvor ugljenih hidrata, koji su veoma svarljivi kroz proces ekstruzije.<br \/>\nUravnote\u017eena ishrana sa prebioticima, fruktooligosaharidima (FOS) i mananoligosaharidima (MOS), za podr\u0161ku dobrobiti creva i juka \u0161idigera za kontrolu mirisa stolice.<br \/>\nSadr\u017ei sve\u017ee meso za optimalan ukus i lososovo ulje, izvor omega-3 za podsticanje normalnog razvoja neurolo\u0161kog sistema tokom rasta. Bez dodataka ve\u0161ta\u010dkih boja i konzervansa.<\/p>\n<p><strong><span class=\"ref-naslovi\">Sastav:<br \/>\n<\/span><\/strong>Meso i derivati 40%, \u017eitarice, ulja i masti, riba i riblji nusproizvodi, povrc\u0301e, mineralne materije, nusproizvodi biljnog porekla, kvasci.<\/p>\n<p><strong>Analytical composition:<\/strong><br \/>\nSirovi proteini: 34%, Sirova vlakna: 2,5%, Sirova mast: 15%, Sirovi pepeo: 8,5%, Omega-3 masne kiseline: 0,35%, Omega-6 masne kiseline: 3,2%.<\/p>\n<p><strong>Hranljivi sastojci:<\/strong><br \/>\nVitamin A 30.700 IU\/kg, Vitamin D3 1.610 IU\/kg, Vitamin E 72 mg\/kg, Holin hlorid 1.000 mg\/kg, Selen 0.17 mg\/kg, Mangan 26 mg\/kg, Cink 122 mg\/kg, Bakar 1 mg\/kg, gvo\u017e\u0111e 87 mg\/kg, jod 1,4 mg\/kg, taurin 1,800 mg\/kg, tehni\u010dki \u010dist DL-metionin 1,000 mg\/kg.<\/p>\n<p><strong> Tehnolo\u0161ki dodaci:<\/strong> Antioksidansi.<\/p>\n<p><strong>Energetska vrednost:<\/strong> 4.000 kcal\/kg<\/p>\n<p>Serve food in dry form with available fresh water.<br \/>\nFor your pet&#039;s health, consult a veterinarian regularly.<\/p>\n<p>\u010cuvati proizvod na suvom i hladnom mestu.<\/p>\n<p>Proizvo\u0111a\u010d: Monge &amp; C. S.p.a. Via Savigliano, Italy<br \/>\nZemlja porekla: Italija (EU)<\/p>\n\n    <div class=\"xs_social_share_widget xs_share_url after_content \t\tmain_content  wslu-style-1 wslu-share-box-shaped wslu-fill-colored wslu-none wslu-share-horizontal wslu-theme-font-no wslu-main_content\">\n\n\t\t\n        <ul>\n\t\t\t        <\/ul>\n    <\/div>","protected":false},"excerpt":{"rendered":"<p>Gemon Cat Kitten With Chicken And Rice predstavlja kompletnu hranu za ma\u010di\u0107e, hrana je sa ukusom piletine<\/p>","protected":false},"featured_media":25077,"comment_status":"open","ping_status":"closed","template":"","meta":{"_acf_changed":false},"pwb-brand":[868],"product_cat":[23,21,149],"product_tag":[],"class_list":{"0":"post-25076","1":"product","2":"type-product","3":"status-publish","4":"has-post-thumbnail","6":"pwb-brand-gemon","7":"product_cat-macke","8":"product_cat-hrana-za-macke","9":"product_cat-granule-za-macke","11":"first","12":"instock","13":"taxable","14":"shipping-taxable","15":"purchasable","16":"product-type-simple"},"acf":[],"brands":[{"id":868,"name":"Gemon","slug":"gemon"}],"_links":{"self":[{"href":"https:\/\/pawz.rs\/en\/wp-json\/wp\/v2\/product\/25076","targetHints":{"allow":["GET"]}}],"collection":[{"href":"https:\/\/pawz.rs\/en\/wp-json\/wp\/v2\/product"}],"about":[{"href":"https:\/\/pawz.rs\/en\/wp-json\/wp\/v2\/types\/product"}],"replies":[{"embeddable":true,"href":"https:\/\/pawz.rs\/en\/wp-json\/wp\/v2\/comments?post=25076"}],"wp:featuredmedia":[{"embeddable":true,"href":"https:\/\/pawz.rs\/en\/wp-json\/wp\/v2\/media\/25077"}],"wp:attachment":[{"href":"https:\/\/pawz.rs\/en\/wp-json\/wp\/v2\/media?parent=25076"}],"wp:term":[{"taxonomy":"pwb-brand","embeddable":true,"href":"https:\/\/pawz.rs\/en\/wp-json\/wp\/v2\/pwb-brand?post=25076"},{"taxonomy":"product_cat","embeddable":true,"href":"https:\/\/pawz.rs\/en\/wp-json\/wp\/v2\/product_cat?post=25076"},{"taxonomy":"product_tag","embeddable":true,"href":"https:\/\/pawz.rs\/en\/wp-json\/wp\/v2\/product_tag?post=25076"}],"curies":[{"name":"wp","href":"https:\/\/api.w.org\/{rel}","templated":true}]}}