{"id":25082,"date":"2024-05-16T11:52:44","date_gmt":"2024-05-16T09:52:44","guid":{"rendered":"https:\/\/pawz.rs\/?post_type=product&#038;p=25082"},"modified":"2026-02-12T20:48:50","modified_gmt":"2026-02-12T19:48:50","slug":"gemon-cat-sterilised-with-turkey","status":"publish","type":"product","link":"https:\/\/pawz.rs\/en\/gemon-cat-sterilised-with-turkey\/","title":{"rendered":"Gemon Cat Sterilised With Turkey"},"content":{"rendered":"<p><strong>Gemon Cat Sterilised With Turkey<\/strong><\/p>\n<p>Gemon za sterilisane ma\u010dke (+12 meseci) sa \u0107uretinom je kompletna hrana za sterilisane odrasle ma\u010dke.<\/p>\n<p>Formulaciju karakteri\u0161u kvalitetni sastojci kao \u0161to su c\u0301uretina, izvor esencijalnih hranljivih materija, i pirina\u010d, izvor ugljenih hidrata, kuvani i veoma svarljivi kroz proces ekstruzije.<br \/>\nIdealna ishrana za sterilisane ma\u010dke sa prebioticima, fruktooligosaharidima (FOS) i mananoligosaharidima (MOS), za podr\u0161ku dobrobiti creva i pulpe cvekle za odr\u017eavanje idealne telesne te\u017eine.<br \/>\nSadr\u017ei sve\u017ee meso za optimalan ukus i lososovo ulje za sjaj i mekoc\u0301u krzna.<br \/>\nTako\u0111e je formulisan sa jukom \u0161idigerom za kontrolu crevnih mirisa. Bez dodataka ve\u0161ta\u010dkih boja i konzervansa.<\/p>\n<p><strong><span class=\"ref-naslovi\">Sastav:<br \/>\n<\/span><\/strong>\u017ditarice, meso i derivati 41%, ulja i masti, riba i riblji nusproizvodi, povrc\u0301e, mineralne materije, nusproizvodi biljnog porekla, kvasci.<\/p>\n<p><strong>Analytical composition:<\/strong><br \/>\nSirovi proteini: 31%, Sirova vlakna: 3,5%, Sirova mast: 12%, Sirovi pepeo: 6%, Fosfor: 1,1%, Magnezijum: 0,08%, Natrijum: 0,2%, Omega masne kiseline -3: 0,35%, Omega- 6 masnih kiselina: 3%<\/p>\n<p><strong>Hranljivi sastojci:<\/strong><br \/>\nNutritivni dodaci: Vitamin A 30,700 IU\/kg, Vitamin D3 1,610 IU\/kg, Vitamin E 72 mg\/kg, Holin hlorid 1,550 mg\/kg, Selen 0,12 mg\/kg, Mangan 18 mg\/kg, Cink 87 mg\/kg, Bakar 7,5 mg\/kg, gvo\u017e\u0111e 62 mg\/kg, jod 1 mg\/kg, taurin 1200 mg\/kg, tehni\u010dki \u010dist DL-metionin 1000 mg\/kg.<\/p>\n<p><strong> Tehnolo\u0161ki dodaci:<\/strong> Antioksidansi<\/p>\n<p><strong>Energetska vrednost:<\/strong> 3.590 kcal\/kg<\/p>\n<p>Serve food in dry form with available fresh water.<br \/>\nFor your pet&#039;s health, consult a veterinarian regularly.<\/p>\n<p>\u010cuvati proizvod na suvom i hladnom mestu.<\/p>\n<p>Proizvo\u0111a\u010d: Monge &amp; C. S.p.a. Via Savigliano, Italy<br \/>\nZemlja porekla: Italija (EU)<\/p>\n\n    <div class=\"xs_social_share_widget xs_share_url after_content \t\tmain_content  wslu-style-1 wslu-share-box-shaped wslu-fill-colored wslu-none wslu-share-horizontal wslu-theme-font-no wslu-main_content\">\n\n\t\t\n        <ul>\n\t\t\t        <\/ul>\n    <\/div>","protected":false},"excerpt":{"rendered":"<p>Gemon Cat Sterilised With Turkey je kompletna hrana za odrasle sterilisane ma\u010dke sa ukusom \u0107uretine<\/p>","protected":false},"featured_media":25085,"comment_status":"open","ping_status":"closed","template":"","meta":{"_acf_changed":false},"pwb-brand":[868],"product_cat":[23,21,149],"product_tag":[],"class_list":{"0":"post-25082","1":"product","2":"type-product","3":"status-publish","4":"has-post-thumbnail","6":"pwb-brand-gemon","7":"product_cat-macke","8":"product_cat-hrana-za-macke","9":"product_cat-granule-za-macke","11":"first","12":"instock","13":"taxable","14":"shipping-taxable","15":"purchasable","16":"product-type-variable","17":"has-default-attributes"},"acf":[],"brands":[{"id":868,"name":"Gemon","slug":"gemon"}],"_links":{"self":[{"href":"https:\/\/pawz.rs\/en\/wp-json\/wp\/v2\/product\/25082","targetHints":{"allow":["GET"]}}],"collection":[{"href":"https:\/\/pawz.rs\/en\/wp-json\/wp\/v2\/product"}],"about":[{"href":"https:\/\/pawz.rs\/en\/wp-json\/wp\/v2\/types\/product"}],"replies":[{"embeddable":true,"href":"https:\/\/pawz.rs\/en\/wp-json\/wp\/v2\/comments?post=25082"}],"wp:featuredmedia":[{"embeddable":true,"href":"https:\/\/pawz.rs\/en\/wp-json\/wp\/v2\/media\/25085"}],"wp:attachment":[{"href":"https:\/\/pawz.rs\/en\/wp-json\/wp\/v2\/media?parent=25082"}],"wp:term":[{"taxonomy":"pwb-brand","embeddable":true,"href":"https:\/\/pawz.rs\/en\/wp-json\/wp\/v2\/pwb-brand?post=25082"},{"taxonomy":"product_cat","embeddable":true,"href":"https:\/\/pawz.rs\/en\/wp-json\/wp\/v2\/product_cat?post=25082"},{"taxonomy":"product_tag","embeddable":true,"href":"https:\/\/pawz.rs\/en\/wp-json\/wp\/v2\/product_tag?post=25082"}],"curies":[{"name":"wp","href":"https:\/\/api.w.org\/{rel}","templated":true}]}}