{"id":25090,"date":"2024-05-16T11:52:43","date_gmt":"2024-05-16T09:52:43","guid":{"rendered":"https:\/\/pawz.rs\/?post_type=product&#038;p=25090"},"modified":"2024-11-09T10:48:40","modified_gmt":"2024-11-09T09:48:40","slug":"gemon-dog-medium-adult-with-tuna-15-kg","status":"publish","type":"product","link":"https:\/\/pawz.rs\/en\/gemon-dog-medium-adult-with-tuna-15-kg\/","title":{"rendered":"Gemon Dog Medium Adult With Tuna 15 kg"},"content":{"rendered":"<p><strong>Gemon Dog Medium Adult With Tuna 15 kg<\/strong><\/p>\n<p>Gemon Medium Adult sa tunom i ri\u017eom je kompletna hrana za odrasle pse srednjih veli\u010dina.<\/p>\n<p>Formulaciju karakteri\u0161u kvalitetni sastojci kao \u0161to su tunjevina, izvor esencijalnih hranljivih materija, i pirina\u010d, izvor ugljenih hidrata, koji su veoma svarljivi kroz proces ekstruzije.<br \/>\nUravnote\u017eena ishrana sa prebioticima, kao \u0161to su fruktooligosaharidi (FOS), i pulpa cvekle, izvor nerastvorljivih vlakana, za pravilnost crevnog trakta.<br \/>\nSadr\u017ei sve\u017eu ribu za optimalan ukus i L-karnitin za podr\u0161ku mi\u0161ic\u0301ne mase.<br \/>\nTako\u0111e je formulisan sa jukom \u0161idigerom za kontrolu crevnih mirisa i bez dodavanja ve\u0161ta\u010dkih boja i konzervansa.<\/p>\n<p><strong>Sastav:<\/strong><br \/>\n\u017ditarice (pirina\u010d 5%), riba i riblji nusproizvodi (sve\u017ea tunjevina 15%), meso i derivati 27%, ulja i masti, nusproizvodi biljnog porekla (pulpa cvekle 2%, FOS fruktooligosaharidi 1% i juka schidigera 0,1 %), mineralne materije.<\/p>\n<p><strong>Analytical composition:<\/strong><br \/>\nSirovi proteini: 25%, Sirova vlakna: 2,5%, Sirova mast: 13%, Sirovi pepeo: 8,0%, Kalcijum: 1,6%, Fosfor: 1,2%.<\/p>\n<p><strong>Hranljivi aditivi\/ kg:<br \/>\n<\/strong>Vitamin A 24.600 IU\/kg, vitamin D3 1.290 IU\/kg, vitamin E 58 mg\/kg, holin hlorid 1.000 mg\/kg, selen 0,15 mg\/kg, Mangan 22,5 mg\/kg, Cink 105 mg\/kg, Bakar 9 mg\/kg, gvo\u017e\u0111e 75 mg\/kg, jod 1,2 mg\/kg, L-karnitin 135 mg\/kg.<\/p>\n<p><strong>Energetska vrednost:<\/strong> 3.910 kcal\/kg<\/p>\n<p>Serve food in dry form with available fresh water.<br \/>\nFor your pet&#039;s health, consult a veterinarian regularly.<\/p>\n<p>\u010cuvati proizvod na suvom i hladnom mestu.<\/p>\n<p>Proizvo\u0111a\u010d:\u00a0Monge &amp; C. S.p.a. Via Savigliano, Italy<br \/>\nZemlja porekla: EU (Italija)<\/p>\n\n    <div class=\"xs_social_share_widget xs_share_url after_content \t\tmain_content  wslu-style-1 wslu-share-box-shaped wslu-fill-colored wslu-none wslu-share-horizontal wslu-theme-font-no wslu-main_content\">\n\n\t\t\n        <ul>\n\t\t\t        <\/ul>\n    <\/div>","protected":false},"excerpt":{"rendered":"<p>Gemon Dog Medium Adult With Tuna je kompletna suva hrana za odrasle pse srednje rase, sa ukusom tune<\/p>","protected":false},"featured_media":25093,"comment_status":"open","ping_status":"closed","template":"","meta":{"_acf_changed":false},"pwb-brand":[868],"product_cat":[47,48,49],"product_tag":[],"class_list":{"0":"post-25090","1":"product","2":"type-product","3":"status-publish","4":"has-post-thumbnail","6":"pwb-brand-gemon","7":"product_cat-psi","8":"product_cat-hrana-za-pse","9":"product_cat-granule-za-pse","11":"first","12":"instock","13":"taxable","14":"shipping-taxable","15":"purchasable","16":"product-type-simple"},"acf":[],"brands":[{"id":868,"name":"Gemon","slug":"gemon"}],"_links":{"self":[{"href":"https:\/\/pawz.rs\/en\/wp-json\/wp\/v2\/product\/25090","targetHints":{"allow":["GET"]}}],"collection":[{"href":"https:\/\/pawz.rs\/en\/wp-json\/wp\/v2\/product"}],"about":[{"href":"https:\/\/pawz.rs\/en\/wp-json\/wp\/v2\/types\/product"}],"replies":[{"embeddable":true,"href":"https:\/\/pawz.rs\/en\/wp-json\/wp\/v2\/comments?post=25090"}],"wp:featuredmedia":[{"embeddable":true,"href":"https:\/\/pawz.rs\/en\/wp-json\/wp\/v2\/media\/25093"}],"wp:attachment":[{"href":"https:\/\/pawz.rs\/en\/wp-json\/wp\/v2\/media?parent=25090"}],"wp:term":[{"taxonomy":"pwb-brand","embeddable":true,"href":"https:\/\/pawz.rs\/en\/wp-json\/wp\/v2\/pwb-brand?post=25090"},{"taxonomy":"product_cat","embeddable":true,"href":"https:\/\/pawz.rs\/en\/wp-json\/wp\/v2\/product_cat?post=25090"},{"taxonomy":"product_tag","embeddable":true,"href":"https:\/\/pawz.rs\/en\/wp-json\/wp\/v2\/product_tag?post=25090"}],"curies":[{"name":"wp","href":"https:\/\/api.w.org\/{rel}","templated":true}]}}