{"id":25094,"date":"2024-05-16T11:52:42","date_gmt":"2024-05-16T09:52:42","guid":{"rendered":"https:\/\/pawz.rs\/?post_type=product&#038;p=25094"},"modified":"2026-02-12T20:48:49","modified_gmt":"2026-02-12T19:48:49","slug":"gemon-cat-sterilised-with-beef-7-kg","status":"publish","type":"product","link":"https:\/\/pawz.rs\/en\/gemon-cat-sterilised-with-beef-7-kg\/","title":{"rendered":"Gemon Cat Sterilised With Beef 7 kg"},"content":{"rendered":"<p><strong>Gemon Cat Sterilised With Beef 7 kg<\/strong><\/p>\n<p>Gemon za sterilisane ma\u010dke (+12 meseci) sa govedinom je kompletna hrana za sterilisane odrasle ma\u010dke.<\/p>\n<p>Formulaciju karakteri\u0161u kvalitetni sastojci kao \u0161to su govedina, izvori esencijalnih hranljivih materija, i pirina\u010d, izvor ugljenih hidrata, kuvani i veoma svarljivi kroz proces ekstruzije.<br \/>\nIdealna ishrana za sterilisane ma\u010dke sa prebioticima, fruktooligosaharidima (FOS) i mananoligosaharidima (MOS), za podr\u0161ku dobrobiti creva i pulpe cvekle za odr\u017eavanje idealne telesne te\u017eine.<br \/>\nSadr\u017ei sve\u017ee meso za optimalan ukus i lososovo ulje za sjaj i mekoc\u0301u krzna.<br \/>\nTako\u0111e je formulisan sa jukom \u0161idigerom za kontrolu crevnih mirisa i bez dodavanja ve\u0161ta\u010dkih boja i konzervansa.<\/p>\n<p><strong><span class=\"ref-naslovi\">Sastav:<br \/>\n<\/span><\/strong>\u017ditarice, meso i derivati 38%, ulja i masti, povrc\u0301e, riba i riblji nusproizvodi, nusproizvodi biljnog porekla, mineralne materije, kvasci<\/p>\n<p><strong>Analytical composition:<\/strong><br \/>\nSirovi proteini: 33%, Sirova vlakna: 2,5%, Sirova mast: 12%, Sirovi pepeo: 8,5%, Fosfor: 1,2%, Magnezijum: 0,08%, Natrijum: 0,3%, Kiseline Omega-3 masti: 0,5%, Omega- 6 masnih kiselina: 2,5%<\/p>\n<p><strong>Hranljivi sastojci:<\/strong><br \/>\nVitamin A 30.700 IU\/kg, Vitamin D3 1.610 IU\/kg, Vitamin E 72 mg\/kg, Holin hlorid 1.500 mg\/kg, Selen 0.12 mg\/kg, Mangan 18.7 mg\/kg, Cink 87.5 mg\/kg Bakar 7,5 mg\/kg, gvo\u017e\u0111e 62,5 mg\/kg, jod 1 mg\/kg, taurin 1200 mg\/kg, tehni\u010dki \u010dist DL-metionin 1000 mg\/kg<\/p>\n<p><strong> Tehnolo\u0161ki dodaci:<\/strong> Antioksidansi.<\/p>\n<p><strong>Energetska vrednost:<\/strong> 3.880 kcal\/kg<\/p>\n<p>Serve food in dry form with available fresh water.<br \/>\nFor your pet&#039;s health, consult a veterinarian regularly.<\/p>\n<p>\u010cuvati proizvod na suvom i hladnom mestu.<\/p>\n<p>Proizvo\u0111a\u010d: Monge &amp; C. S.p.a. Via Savigliano, Italy<br \/>\nZemlja porekla: Italija (EU)<\/p>\n\n    <div class=\"xs_social_share_widget xs_share_url after_content \t\tmain_content  wslu-style-1 wslu-share-box-shaped wslu-fill-colored wslu-none wslu-share-horizontal wslu-theme-font-no wslu-main_content\">\n\n\t\t\n        <ul>\n\t\t\t        <\/ul>\n    <\/div>","protected":false},"excerpt":{"rendered":"<p>Gemon Cat Sterilised With Beef je kompletna suva hrana za odrasle sterilisane ma\u010dke, sa govedinom<\/p>","protected":false},"featured_media":25095,"comment_status":"open","ping_status":"closed","template":"","meta":{"_acf_changed":false},"pwb-brand":[868],"product_cat":[23,21,149],"product_tag":[],"class_list":{"0":"post-25094","1":"product","2":"type-product","3":"status-publish","4":"has-post-thumbnail","6":"pwb-brand-gemon","7":"product_cat-macke","8":"product_cat-hrana-za-macke","9":"product_cat-granule-za-macke","11":"first","12":"instock","13":"taxable","14":"shipping-taxable","15":"purchasable","16":"product-type-simple"},"acf":[],"brands":[{"id":868,"name":"Gemon","slug":"gemon"}],"_links":{"self":[{"href":"https:\/\/pawz.rs\/en\/wp-json\/wp\/v2\/product\/25094","targetHints":{"allow":["GET"]}}],"collection":[{"href":"https:\/\/pawz.rs\/en\/wp-json\/wp\/v2\/product"}],"about":[{"href":"https:\/\/pawz.rs\/en\/wp-json\/wp\/v2\/types\/product"}],"replies":[{"embeddable":true,"href":"https:\/\/pawz.rs\/en\/wp-json\/wp\/v2\/comments?post=25094"}],"wp:featuredmedia":[{"embeddable":true,"href":"https:\/\/pawz.rs\/en\/wp-json\/wp\/v2\/media\/25095"}],"wp:attachment":[{"href":"https:\/\/pawz.rs\/en\/wp-json\/wp\/v2\/media?parent=25094"}],"wp:term":[{"taxonomy":"pwb-brand","embeddable":true,"href":"https:\/\/pawz.rs\/en\/wp-json\/wp\/v2\/pwb-brand?post=25094"},{"taxonomy":"product_cat","embeddable":true,"href":"https:\/\/pawz.rs\/en\/wp-json\/wp\/v2\/product_cat?post=25094"},{"taxonomy":"product_tag","embeddable":true,"href":"https:\/\/pawz.rs\/en\/wp-json\/wp\/v2\/product_tag?post=25094"}],"curies":[{"name":"wp","href":"https:\/\/api.w.org\/{rel}","templated":true}]}}