{"id":25096,"date":"2024-05-16T11:52:41","date_gmt":"2024-05-16T09:52:41","guid":{"rendered":"https:\/\/pawz.rs\/?post_type=product&#038;p=25096"},"modified":"2024-11-09T10:48:40","modified_gmt":"2024-11-09T09:48:40","slug":"gemon-cat-chicken-and-turkey-7-kg","status":"publish","type":"product","link":"https:\/\/pawz.rs\/en\/gemon-cat-chicken-and-turkey-7-kg\/","title":{"rendered":"Gemon Cat Chicken And Turkey 7 kg"},"content":{"rendered":"<p><strong>Gemon Cat Chicken And Turkey 7 kg<\/strong><\/p>\n<p>Kompletna hrana za odrasle ma\u010dke.<\/p>\n<p>Formulaciju karakteri\u0161u kvalitetni sastojci kao \u0161to su piletina i c\u0301uretina, izvor esencijalnih hranljivih materija, i pirina\u010d, izvor ugljenih hidrata, kuvani i veoma svarljivi kroz proces ekstruzije.<br \/>\nIdealna ishrana za odrasle ma\u010dke sa prebioticima, fruktooligosaharidima (FOS) i mananoligosaharidima (MOS), za podr\u0161ku dobrobiti creva i juka \u0161idigera za kontrolu mirisa stolice.<br \/>\nSadr\u017ei sve\u017ee meso za optimalan ukus i lososovo ulje za sjaj i mekoc\u0301u krzna.<br \/>\nBez dodataka ve\u0161ta\u010dkih boja i konzervansa.<\/p>\n<p><strong><span class=\"ref-naslovi\">Sastav:<br \/>\n<\/span><\/strong>\u017ditarice, meso i derivati 36%, ulja i masti, riba i riblji nusproizvodi, povrc\u0301e, nusproizvodi porekla povrc\u0301a, kvasci, mineralne materije<\/p>\n<p><strong>Analytical composition:<\/strong><br \/>\nSirovi proteini: 32%, Sirova vlakna: 2,5%, Sirova mast: 13%, Sirovi pepeo: 8,5%, Omega-3 masne kiseline: 0,4%, Omega-6 masne kiseline: 2,3%.<\/p>\n<p><strong>Hranljivi sastojci:<\/strong><br \/>\nkiseline: 2,3%. Energija koja se mo\u017ee metabolizovati 3.925 kcal\/kg. Nutritivni dodaci: Vitamin A 30.700 IU\/kg, Vitamin D3 1.610 IU\/kg, Vitamin E 72 mg\/kg, Holin hlorid 1.550 mg\/kg, Selen 0.11 mg\/kg, Mangan 16.9 mg\/kg, Cink 78 mg\/kg, Bakar 6,7 mg\/kg, gvo\u017e\u0111e 56 mg\/kg, jod 0,9 mg\/kg, taurin 1,200 mg\/kg, tehni\u010dki \u010dist DL-metionin 1,000 mg\/kg.<\/p>\n<p><strong> Tehnolo\u0161ki dodaci:<\/strong> Antioksidansi.<\/p>\n<p><strong>Energetska vrednost:<\/strong> \u00a03.925 kcal\/kg.<\/p>\n<p>Serve food in dry form with available fresh water.<br \/>\nFor your pet&#039;s health, consult a veterinarian regularly.<\/p>\n<p>\u010cuvati proizvod na suvom i hladnom mestu.<\/p>\n<p>Proizvo\u0111a\u010d: Monge &amp; C. S.p.a. Via Savigliano, Italy<br \/>\nZemlja porekla: Italija (EU)<\/p>\n\n    <div class=\"xs_social_share_widget xs_share_url after_content \t\tmain_content  wslu-style-1 wslu-share-box-shaped wslu-fill-colored wslu-none wslu-share-horizontal wslu-theme-font-no wslu-main_content\">\n\n\t\t\n        <ul>\n\t\t\t        <\/ul>\n    <\/div>","protected":false},"excerpt":{"rendered":"<p>Gemon Cat Chicken And Turkey je kompletna hrana za odrasle ma\u010dke sa kombinacijom piletine i \u0107uretine<\/p>","protected":false},"featured_media":25097,"comment_status":"open","ping_status":"closed","template":"","meta":{"_acf_changed":false},"pwb-brand":[868],"product_cat":[23,21,149],"product_tag":[],"class_list":{"0":"post-25096","1":"product","2":"type-product","3":"status-publish","4":"has-post-thumbnail","6":"pwb-brand-gemon","7":"product_cat-macke","8":"product_cat-hrana-za-macke","9":"product_cat-granule-za-macke","11":"first","12":"instock","13":"taxable","14":"shipping-taxable","15":"purchasable","16":"product-type-simple"},"acf":[],"brands":[{"id":868,"name":"Gemon","slug":"gemon"}],"_links":{"self":[{"href":"https:\/\/pawz.rs\/en\/wp-json\/wp\/v2\/product\/25096","targetHints":{"allow":["GET"]}}],"collection":[{"href":"https:\/\/pawz.rs\/en\/wp-json\/wp\/v2\/product"}],"about":[{"href":"https:\/\/pawz.rs\/en\/wp-json\/wp\/v2\/types\/product"}],"replies":[{"embeddable":true,"href":"https:\/\/pawz.rs\/en\/wp-json\/wp\/v2\/comments?post=25096"}],"wp:featuredmedia":[{"embeddable":true,"href":"https:\/\/pawz.rs\/en\/wp-json\/wp\/v2\/media\/25097"}],"wp:attachment":[{"href":"https:\/\/pawz.rs\/en\/wp-json\/wp\/v2\/media?parent=25096"}],"wp:term":[{"taxonomy":"pwb-brand","embeddable":true,"href":"https:\/\/pawz.rs\/en\/wp-json\/wp\/v2\/pwb-brand?post=25096"},{"taxonomy":"product_cat","embeddable":true,"href":"https:\/\/pawz.rs\/en\/wp-json\/wp\/v2\/product_cat?post=25096"},{"taxonomy":"product_tag","embeddable":true,"href":"https:\/\/pawz.rs\/en\/wp-json\/wp\/v2\/product_tag?post=25096"}],"curies":[{"name":"wp","href":"https:\/\/api.w.org\/{rel}","templated":true}]}}