{"id":25150,"date":"2024-05-24T15:05:45","date_gmt":"2024-05-24T13:05:45","guid":{"rendered":"https:\/\/pawz.rs\/?post_type=product&#038;p=25150"},"modified":"2025-06-29T20:02:47","modified_gmt":"2025-06-29T18:02:47","slug":"biogance-gliss-hair-conditioner","status":"publish","type":"product","link":"https:\/\/pawz.rs\/en\/biogance-gliss-hair-conditioner\/","title":{"rendered":"Biogance Regenerator Gliss Hair Conditioner"},"content":{"rendered":"<p><strong>Biogance Regenerator Gliss Hair Conditioner<\/strong><\/p>\n<p>Glis Hair regenerator je oboga\u0107en sa uljima jajobe i p\u0161eni\u010dnim klicama, sa trostrukim dejstvom: omogu\u0107ava lako ra\u0161\u010de\u0161ljavanje, hrani i omek\u0161ava dlaku. PH uravnote\u0111en regenerator poma\u017ee regeneraciju i omek\u0161avanje dlake.<\/p>\n<p><strong>Sastav:<br \/>\n<\/strong><\/p>\n<p><strong>Ulje avokada &#8211;\u00a0<\/strong>omek\u0161ava, regeneri\u0161e i \u0161titi dlaku, daje meko\u0107u i sjaj<\/p>\n<p><strong>Ulje jojobe &#8211;\u00a0<\/strong>vla\u017ei i hrani dlaku, kontroli\u0161e vi\u0161ak sebuma<\/p>\n<p><strong>Rezultat:<\/strong>\u00a0Mekano i svilenkasto krzno, lako za odr\u017eavanje. Pogodno za \u0161tenad i ma\u010di\u0107e.<\/p>\n<p>Biogance je prva francuska linija za higijenu i negu ljubimaca, direktno inspirisana prirodom i posebno formulisana sa prirodnim i organskim aktivnim sastojcimakoji \u0161tite na\u0161e ljubimce i \u017eivotnu sredinu. Ne sadr\u017ei parabone, fenokietanole, \u017eivotinjska ulja i ve\u0161ta\u010dke boje. Efikasni i prirodni proizvodi neguju krzno ljubimaca i smanjuju rizik od nastanka alergija.<\/p>\n<p>Biogance je dinami\u010dna kompanija u kojoj veterinari, farmaceuti i hemi\u010dari kombinuju svoju stru\u010dnost za ve\u0107u dobrobit na\u0161ih ljubimaca.<\/p>\n<p><b>Uputstvo za upotrebu:<br \/>\n<\/b>Naneti posle pranja \u0161amponom i pustiti da deluje 2 minuta, a zatim isprati.<br \/>\nIzbegavati kontakt sa o\u010dima.<\/p>\n<p>Proizvo\u0111a\u010d:\u00a0BIOGANCE LABORATOIRE, Z.I. Anjou Atlantique &#8211; F &#8211; 49123, FRANCE<br \/>\nZemlja porekla: Francuska<\/p>\n\n    <div class=\"xs_social_share_widget xs_share_url after_content \t\tmain_content  wslu-style-1 wslu-share-box-shaped wslu-fill-colored wslu-none wslu-share-horizontal wslu-theme-font-no wslu-main_content\">\n\n\t\t\n        <ul>\n\t\t\t        <\/ul>\n    <\/div>","protected":false},"excerpt":{"rendered":"<p>Biogance Gliss Hair Conditioner je regenerator sa uljima jojobe, za regeneraciju i omek\u0161avanje dlake<\/p>","protected":false},"featured_media":25153,"comment_status":"open","ping_status":"closed","template":"","meta":{"_acf_changed":false},"pwb-brand":[939],"product_cat":[23,80,344,47,104,368],"product_tag":[],"class_list":{"0":"post-25150","1":"product","2":"type-product","3":"status-publish","4":"has-post-thumbnail","6":"pwb-brand-biogance","7":"product_cat-macke","8":"product_cat-higijena-nega-macaka","9":"product_cat-regeneratori-za-macke","10":"product_cat-psi","11":"product_cat-higijena-i-nega-pasa","12":"product_cat-regeneratori-za-pse","14":"first","15":"instock","16":"taxable","17":"shipping-taxable","18":"purchasable","19":"product-type-variable","20":"has-default-attributes"},"acf":[],"brands":[{"id":939,"name":"Biogance","slug":"biogance"}],"_links":{"self":[{"href":"https:\/\/pawz.rs\/en\/wp-json\/wp\/v2\/product\/25150","targetHints":{"allow":["GET"]}}],"collection":[{"href":"https:\/\/pawz.rs\/en\/wp-json\/wp\/v2\/product"}],"about":[{"href":"https:\/\/pawz.rs\/en\/wp-json\/wp\/v2\/types\/product"}],"replies":[{"embeddable":true,"href":"https:\/\/pawz.rs\/en\/wp-json\/wp\/v2\/comments?post=25150"}],"wp:featuredmedia":[{"embeddable":true,"href":"https:\/\/pawz.rs\/en\/wp-json\/wp\/v2\/media\/25153"}],"wp:attachment":[{"href":"https:\/\/pawz.rs\/en\/wp-json\/wp\/v2\/media?parent=25150"}],"wp:term":[{"taxonomy":"pwb-brand","embeddable":true,"href":"https:\/\/pawz.rs\/en\/wp-json\/wp\/v2\/pwb-brand?post=25150"},{"taxonomy":"product_cat","embeddable":true,"href":"https:\/\/pawz.rs\/en\/wp-json\/wp\/v2\/product_cat?post=25150"},{"taxonomy":"product_tag","embeddable":true,"href":"https:\/\/pawz.rs\/en\/wp-json\/wp\/v2\/product_tag?post=25150"}],"curies":[{"name":"wp","href":"https:\/\/api.w.org\/{rel}","templated":true}]}}