{"id":25185,"date":"2024-05-24T15:03:39","date_gmt":"2024-05-24T13:03:39","guid":{"rendered":"https:\/\/pawz.rs\/?post_type=product&#038;p=25185"},"modified":"2025-06-29T20:02:44","modified_gmt":"2025-06-29T18:02:44","slug":"biogance-secret-lavender-cat-shampoo-250-ml","status":"publish","type":"product","link":"https:\/\/pawz.rs\/en\/biogance-secret-lavender-cat-shampoo-250-ml\/","title":{"rendered":"Biogance Secret Lavender Cat Shampoo 250 ml"},"content":{"rendered":"<p><strong>Biogance Secret Lavender Cat Shampoo 250 ml<\/strong><\/p>\n<div>\n<div>\u0160ampon za ma\u010dke obogac\u0301en je esencijalnim uljima za dvostruko preventivno i za\u0161titno delovanje.<br \/>\nOvaj prirodni i pH uravnote\u017een \u0161ampon ne\u017eno \u010disti dlaku, a istovremeno uklanja buve, krpelja i druge spoljne parazite.<\/div>\n<div><\/div>\n<div><strong>Rezultat:<\/strong>\u00a0Efikasna i prirodna za\u0161tita.\u00a0Pogodan za ma\u010di\u0107e.<\/div>\n<div><\/div>\n<\/div>\n<div>Biogence je prva francuska linija za higijenu i negu ljubimaca, direktno inspirisana prirodom i posebno formulisana sa prirodnim i organskim aktivnim sastojcimakoji \u0161tite na\u0161e ljubimce i \u017eivotnu sredinu.<br \/>\nNe sadr\u017ei parabone, fenokietanole, \u017eivotinjska ulja i ve\u0161ta\u010dke boje.<\/div>\n<div>Efikasni i prirodni proizvodi neguju krzno ljubimaca i smanjuju rizik od nastanka alergija.<\/div>\n<div>Biogance je dinami\u010dna kompanija u kojoj veterinari, farmaceuti i hemi\u010dari kombinuju svoju stru\u010dnost za ve\u0107u dobrobit na\u0161ih ljubimaca.<\/div>\n<p><strong>Upotreba:<\/strong><br \/>\nNaneti na vla\u017eni sloj, ne\u017eno trljati, a zatim temeljito isprati.<br \/>\nObnovite aplikaciju i ostavite da odstoji 2 minuta pre ispiranja.<br \/>\nIzbegavati kontakt sa o\u010dima.<\/p>\n<p>Proizvo\u0111a\u010d:\u00a0BIOGANCE LABORATOIRE, Z.I. Anjou Atlantique &#8211; F &#8211; 49123, FRANCE<br \/>\nZemlja porekla: Francuska<\/p>\n\n    <div class=\"xs_social_share_widget xs_share_url after_content \t\tmain_content  wslu-style-1 wslu-share-box-shaped wslu-fill-colored wslu-none wslu-share-horizontal wslu-theme-font-no wslu-main_content\">\n\n\t\t\n        <ul>\n\t\t\t        <\/ul>\n    <\/div>","protected":false},"excerpt":{"rendered":"<p>Biogance Secret Lavender Cat Shampoo je \u0161ampon koji predstavlja za\u0161titu od krpelja i ostalih parazita<\/p>","protected":false},"featured_media":25186,"comment_status":"open","ping_status":"closed","template":"","meta":{"_acf_changed":false},"pwb-brand":[939],"product_cat":[23,343],"product_tag":[],"class_list":{"0":"post-25185","1":"product","2":"type-product","3":"status-publish","4":"has-post-thumbnail","6":"pwb-brand-biogance","7":"product_cat-macke","8":"product_cat-samponi-za-macke","10":"first","11":"instock","12":"taxable","13":"shipping-taxable","14":"purchasable","15":"product-type-simple"},"acf":[],"brands":[{"id":939,"name":"Biogance","slug":"biogance"}],"_links":{"self":[{"href":"https:\/\/pawz.rs\/en\/wp-json\/wp\/v2\/product\/25185","targetHints":{"allow":["GET"]}}],"collection":[{"href":"https:\/\/pawz.rs\/en\/wp-json\/wp\/v2\/product"}],"about":[{"href":"https:\/\/pawz.rs\/en\/wp-json\/wp\/v2\/types\/product"}],"replies":[{"embeddable":true,"href":"https:\/\/pawz.rs\/en\/wp-json\/wp\/v2\/comments?post=25185"}],"wp:featuredmedia":[{"embeddable":true,"href":"https:\/\/pawz.rs\/en\/wp-json\/wp\/v2\/media\/25186"}],"wp:attachment":[{"href":"https:\/\/pawz.rs\/en\/wp-json\/wp\/v2\/media?parent=25185"}],"wp:term":[{"taxonomy":"pwb-brand","embeddable":true,"href":"https:\/\/pawz.rs\/en\/wp-json\/wp\/v2\/pwb-brand?post=25185"},{"taxonomy":"product_cat","embeddable":true,"href":"https:\/\/pawz.rs\/en\/wp-json\/wp\/v2\/product_cat?post=25185"},{"taxonomy":"product_tag","embeddable":true,"href":"https:\/\/pawz.rs\/en\/wp-json\/wp\/v2\/product_tag?post=25185"}],"curies":[{"name":"wp","href":"https:\/\/api.w.org\/{rel}","templated":true}]}}