{"id":25257,"date":"2024-05-24T15:03:42","date_gmt":"2024-05-24T13:03:42","guid":{"rendered":"https:\/\/pawz.rs\/?post_type=product&#038;p=25257"},"modified":"2025-06-29T20:02:44","modified_gmt":"2025-06-29T18:02:44","slug":"biogance-long-coat-shampoo-cat-150-ml","status":"publish","type":"product","link":"https:\/\/pawz.rs\/en\/biogance-long-coat-shampoo-cat-150-ml\/","title":{"rendered":"Biogance Long Coat Shampoo Cat 150 ml"},"content":{"rendered":"<p><strong>Biogance Long Coat Shampoo Cat 150 ml<\/strong><\/p>\n<div>\n<div>Long Coat \u0161ampon za ma\u010dke obogac\u0301en je uljem\u00a0jojobe\u00a0i\u00a0avokada\u00a0za intenzivnu ishranu i optimalno ra\u0161\u010de\u0161ljavanje.<\/div>\n<div>\u010cisti, neguje i poma\u017ee u odr\u017eavanju dlake. Pogodan za ma\u010di\u0107e.<\/div>\n<\/div>\n<div>\n<p><strong>SASTAV:<\/strong><\/p>\n<p><strong>Ulje jojobe &#8211;\u00a0<\/strong>hrani i ja\u010da dlaku, hidrira ko\u017eu i krzno<\/p>\n<p><strong>Jagor\u010devina &#8211;\u00a0<\/strong>revitalizuju\u0107i sastojak, ja\u010da \u0107elije ko\u017ee i dlake, \u0161titi od spoljnih uticaja<\/p>\n<p><strong>Rezultat:<\/strong>\u00a0Svilenkasto i sjajno krzno lako za \u010de\u0161ljanje.<\/p>\n<p>Biogance je prva francuska linija za higijenu i negu ljubimaca, direktno inspirisana prirodom i posebno formulisana sa prirodnim i organskim aktivnim sastojcimakoji \u0161tite na\u0161e ljubimce i \u017eivotnu sredinu. Ne sadr\u017ei parabone, fenokietanole, \u017eivotinjska ulja i ve\u0161ta\u010dke boje. Efikasni i prirodni proizvodi neguju krzno ljubimaca i smanjuju rizik od nastanka alergija.<\/p>\n<p>Biogance je dinami\u010dna kompanija u kojoj veterinari, farmaceuti i hemi\u010dari kombinuju svoju stru\u010dnost za ve\u0107u dobrobit na\u0161ih ljubimaca.<\/p>\n<\/div>\n<p><strong>Upotreba:<\/strong><br \/>\nNaneti na vla\u017eni sloj, ne\u017eno trljati, a zatim temeljito isprati.<br \/>\nObnovite aplikaciju i ostavite da odstoji 2 minuta pre ispiranja.<br \/>\nIzbegavati kontakt sa o\u010dima.<\/p>\n<p>Proizvo\u0111a\u010d:\u00a0BIOGANCE LABORATOIRE, Z.I. Anjou Atlantique &#8211; F &#8211; 49123, FRANCE<br \/>\nZemlja porekla: Francuska<\/p>\n\n    <div class=\"xs_social_share_widget xs_share_url after_content \t\tmain_content  wslu-style-1 wslu-share-box-shaped wslu-fill-colored wslu-none wslu-share-horizontal wslu-theme-font-no wslu-main_content\">\n\n\t\t\n        <ul>\n\t\t\t        <\/ul>\n    <\/div>","protected":false},"excerpt":{"rendered":"<p>Biogance Long Coat Shampoo je \u0161ampon za ma\u010dke sa dugom dlakom<\/p>","protected":false},"featured_media":25258,"comment_status":"open","ping_status":"closed","template":"","meta":{"_acf_changed":false},"pwb-brand":[939],"product_cat":[23,80,343],"product_tag":[],"class_list":{"0":"post-25257","1":"product","2":"type-product","3":"status-publish","4":"has-post-thumbnail","6":"pwb-brand-biogance","7":"product_cat-macke","8":"product_cat-higijena-nega-macaka","9":"product_cat-samponi-za-macke","11":"first","12":"instock","13":"taxable","14":"shipping-taxable","15":"purchasable","16":"product-type-simple"},"acf":[],"brands":[{"id":939,"name":"Biogance","slug":"biogance"}],"_links":{"self":[{"href":"https:\/\/pawz.rs\/en\/wp-json\/wp\/v2\/product\/25257","targetHints":{"allow":["GET"]}}],"collection":[{"href":"https:\/\/pawz.rs\/en\/wp-json\/wp\/v2\/product"}],"about":[{"href":"https:\/\/pawz.rs\/en\/wp-json\/wp\/v2\/types\/product"}],"replies":[{"embeddable":true,"href":"https:\/\/pawz.rs\/en\/wp-json\/wp\/v2\/comments?post=25257"}],"wp:featuredmedia":[{"embeddable":true,"href":"https:\/\/pawz.rs\/en\/wp-json\/wp\/v2\/media\/25258"}],"wp:attachment":[{"href":"https:\/\/pawz.rs\/en\/wp-json\/wp\/v2\/media?parent=25257"}],"wp:term":[{"taxonomy":"pwb-brand","embeddable":true,"href":"https:\/\/pawz.rs\/en\/wp-json\/wp\/v2\/pwb-brand?post=25257"},{"taxonomy":"product_cat","embeddable":true,"href":"https:\/\/pawz.rs\/en\/wp-json\/wp\/v2\/product_cat?post=25257"},{"taxonomy":"product_tag","embeddable":true,"href":"https:\/\/pawz.rs\/en\/wp-json\/wp\/v2\/product_tag?post=25257"}],"curies":[{"name":"wp","href":"https:\/\/api.w.org\/{rel}","templated":true}]}}