{"id":25280,"date":"2024-05-24T15:03:30","date_gmt":"2024-05-24T13:03:30","guid":{"rendered":"https:\/\/pawz.rs\/?post_type=product&#038;p=25280"},"modified":"2025-06-29T20:02:44","modified_gmt":"2025-06-29T18:02:44","slug":"biogance-white-snow-dog-shampoo-250-ml","status":"publish","type":"product","link":"https:\/\/pawz.rs\/en\/biogance-white-snow-dog-shampoo-250-ml\/","title":{"rendered":"Biogance White Snow Dog Shampoo 250 ml"},"content":{"rendered":"<p><strong>Biogance White Snow Dog Shampoo 250 ml<\/strong><\/p>\n<div>\n<div>White Snow je prirodan aktivni \u0161ampon, oboga\u0107en biljnim ekstraktima bobica bazge, koji ne\u017eno \u010disti, regeneri\u0161e i poma\u017ee osve\u017eavanje prirodne boje.<\/div>\n<div>Specijalna pH uravnote\u017eena formula za belo i svetlo krzno. Bezbedno za \u0161tence.<\/div>\n<\/div>\n<div><\/div>\n<div><strong><strong>Sastav:<br \/>\n<\/strong><\/strong><\/p>\n<div><strong>\u0160ea buter &#8211;\u00a0<\/strong>zale\u010duje, umiruje i regeneri\u0161e krzno, \u0161titi od \u0161tetnih sun\u010devih zraka, dubinski neguje<\/div>\n<div><strong>Proteini svile &#8211;\u00a0<\/strong>hidrira,obla\u017ee, omek\u0161ava i ja\u010da dlaku, daje volumen i sjaj krznu<\/div>\n<div><\/div>\n<div><strong>Rezultat:<\/strong>\u00a0Mekano i sjajno krzno.<\/div>\n<p>Biogance je prva francuska linija za higijenu i negu ljubimaca, direktno inspirisana prirodom i posebno formulisana sa prirodnim i organskim aktivnim sastojcimakoji \u0161tite na\u0161e ljubimce i \u017eivotnu sredinu. Ne sadr\u017ei parabone, fenokietanole, \u017eivotinjska ulja i ve\u0161ta\u010dke boje. Efikasni i prirodni proizvodi neguju krzno ljubimaca i smanjuju rizik od nastanka alergija.<\/p>\n<p>Biogance je dinami\u010dna kompanija u kojoj veterinari, farmaceuti i hemi\u010dari kombinuju svoju stru\u010dnost za ve\u0107u dobrobit na\u0161ih ljubimaca.<\/p>\n<\/div>\n<p><strong>Upotreba:<\/strong><br \/>\nNaneti na vla\u017eni sloj, ne\u017eno trljati, a zatim temeljito isprati.<br \/>\nObnovite aplikaciju i ostavite da odstoji 2 minuta pre ispiranja.<br \/>\nIzbegavati kontakt sa o\u010dima.<\/p>\n<p>Proizvo\u0111a\u010d:\u00a0BIOGANCE LABORATOIRE, Z.I. Anjou Atlantique &#8211; F &#8211; 49123, FRANCE<br \/>\nZemlja porekla: Francuska<\/p>\n\n    <div class=\"xs_social_share_widget xs_share_url after_content \t\tmain_content  wslu-style-1 wslu-share-box-shaped wslu-fill-colored wslu-none wslu-share-horizontal wslu-theme-font-no wslu-main_content\">\n\n\t\t\n        <ul>\n\t\t\t        <\/ul>\n    <\/div>","protected":false},"excerpt":{"rendered":"<p>Biogance White Snow Shampoo je \u0161ampon specijalno formulisan za pse sa belim i svetlim krznom<\/p>","protected":false},"featured_media":25282,"comment_status":"open","ping_status":"closed","template":"","meta":{"_acf_changed":false},"pwb-brand":[939],"product_cat":[47,104,369],"product_tag":[1250,1249],"class_list":{"0":"post-25280","1":"product","2":"type-product","3":"status-publish","4":"has-post-thumbnail","6":"pwb-brand-biogance","7":"product_cat-psi","8":"product_cat-higijena-i-nega-pasa","9":"product_cat-samponi-za-pse","10":"product_tag-bele-rase","11":"product_tag-beli-psi","13":"first","14":"instock","15":"taxable","16":"shipping-taxable","17":"purchasable","18":"product-type-simple"},"acf":[],"brands":[{"id":939,"name":"Biogance","slug":"biogance"}],"_links":{"self":[{"href":"https:\/\/pawz.rs\/en\/wp-json\/wp\/v2\/product\/25280","targetHints":{"allow":["GET"]}}],"collection":[{"href":"https:\/\/pawz.rs\/en\/wp-json\/wp\/v2\/product"}],"about":[{"href":"https:\/\/pawz.rs\/en\/wp-json\/wp\/v2\/types\/product"}],"replies":[{"embeddable":true,"href":"https:\/\/pawz.rs\/en\/wp-json\/wp\/v2\/comments?post=25280"}],"wp:featuredmedia":[{"embeddable":true,"href":"https:\/\/pawz.rs\/en\/wp-json\/wp\/v2\/media\/25282"}],"wp:attachment":[{"href":"https:\/\/pawz.rs\/en\/wp-json\/wp\/v2\/media?parent=25280"}],"wp:term":[{"taxonomy":"pwb-brand","embeddable":true,"href":"https:\/\/pawz.rs\/en\/wp-json\/wp\/v2\/pwb-brand?post=25280"},{"taxonomy":"product_cat","embeddable":true,"href":"https:\/\/pawz.rs\/en\/wp-json\/wp\/v2\/product_cat?post=25280"},{"taxonomy":"product_tag","embeddable":true,"href":"https:\/\/pawz.rs\/en\/wp-json\/wp\/v2\/product_tag?post=25280"}],"curies":[{"name":"wp","href":"https:\/\/api.w.org\/{rel}","templated":true}]}}