{"id":25285,"date":"2024-05-24T15:03:29","date_gmt":"2024-05-24T13:03:29","guid":{"rendered":"https:\/\/pawz.rs\/?post_type=product&#038;p=25285"},"modified":"2025-06-29T20:02:48","modified_gmt":"2025-06-29T18:02:48","slug":"biogance-xtra-volume-conditioner","status":"publish","type":"product","link":"https:\/\/pawz.rs\/en\/biogance-xtra-volume-conditioner\/","title":{"rendered":"Biogance Xtra Volume Conditioner"},"content":{"rendered":"<p><strong>Biogance Xtra Volume Conditioner<\/strong><\/p>\n<div>Xtra Volume regenerator je posebna formula na bazi\u00a0proteina svile, oboga\u0107ena vitaminom E za dubinsku ishranu, regeneraciju i ekstra volumen krzna.<\/div>\n<div>Namenjen psima i ma\u010dkama sa du\u017eom dlakom.<\/div>\n<div><\/div>\n<div><strong><strong><strong>Sastav:<br \/>\n<\/strong><\/strong><\/strong><\/p>\n<div><strong>\u0160ea buter &#8211;\u00a0<\/strong>zale\u010duje, umiruje i regeneri\u0161e krzno, \u0161titi od \u0161tetnih sun\u010devih zraka, dubinski neguje<\/div>\n<div><strong>Proteini svile &#8211;\u00a0<\/strong>hidrira,obla\u017ee, omek\u0161ava i ja\u010da dlaku, daje volumen i sjaj krznu<\/div>\n<div><\/div>\n<div><strong>Rezultat:<\/strong> Mekano i sjajno krzno.<\/div>\n<p>Biogance je prva francuska linija za higijenu i negu ljubimaca, direktno inspirisana prirodom i posebno formulisana sa prirodnim i organskim aktivnim sastojcimakoji \u0161tite na\u0161e ljubimce i \u017eivotnu sredinu. Ne sadr\u017ei parabone, fenokietanole, \u017eivotinjska ulja i ve\u0161ta\u010dke boje. Efikasni i prirodni proizvodi neguju krzno ljubimaca i smanjuju rizik od nastanka alergija.<\/p>\n<p>Biogance je dinami\u010dna kompanija u kojoj veterinari, farmaceuti i hemi\u010dari kombinuju svoju stru\u010dnost za ve\u0107u dobrobit na\u0161ih ljubimaca.<\/p>\n<\/div>\n<p><strong>Upotreba:<\/strong><br \/>\nNaneti nakon ispiranja \u0161ampona, umasirati i ostaviti da odstoji 2 minuta pre temeljnog ispiranja.<br \/>\nSu\u0161ite dok \u010detkate pratec\u0301i pravac dlake. Pogodno za \u0161tenad, ma\u010dke i ma\u010dic\u0301e.<\/p>\n<p>Proizvo\u0111a\u010d:\u00a0BIOGANCE LABORATOIRE, Z.I. Anjou Atlantique &#8211; F &#8211; 49123, FRANCE<br \/>\nZemlja porekla: Francuska<\/p>\n\n    <div class=\"xs_social_share_widget xs_share_url after_content \t\tmain_content  wslu-style-1 wslu-share-box-shaped wslu-fill-colored wslu-none wslu-share-horizontal wslu-theme-font-no wslu-main_content\">\n\n\t\t\n        <ul>\n\t\t\t        <\/ul>\n    <\/div>","protected":false},"excerpt":{"rendered":"<p>Biogance Xtra Volume Conditioner je regenerator za dodatni volumen krzna, na bazi proteina svile i \u0161ea butera<\/p>","protected":false},"featured_media":25288,"comment_status":"open","ping_status":"closed","template":"","meta":{"_acf_changed":false},"pwb-brand":[939],"product_cat":[23,80,344,47,104,368],"product_tag":[],"class_list":{"0":"post-25285","1":"product","2":"type-product","3":"status-publish","4":"has-post-thumbnail","6":"pwb-brand-biogance","7":"product_cat-macke","8":"product_cat-higijena-nega-macaka","9":"product_cat-regeneratori-za-macke","10":"product_cat-psi","11":"product_cat-higijena-i-nega-pasa","12":"product_cat-regeneratori-za-pse","14":"first","15":"instock","16":"taxable","17":"shipping-taxable","18":"purchasable","19":"product-type-variable","20":"has-default-attributes"},"acf":[],"brands":[{"id":939,"name":"Biogance","slug":"biogance"}],"_links":{"self":[{"href":"https:\/\/pawz.rs\/en\/wp-json\/wp\/v2\/product\/25285","targetHints":{"allow":["GET"]}}],"collection":[{"href":"https:\/\/pawz.rs\/en\/wp-json\/wp\/v2\/product"}],"about":[{"href":"https:\/\/pawz.rs\/en\/wp-json\/wp\/v2\/types\/product"}],"replies":[{"embeddable":true,"href":"https:\/\/pawz.rs\/en\/wp-json\/wp\/v2\/comments?post=25285"}],"wp:featuredmedia":[{"embeddable":true,"href":"https:\/\/pawz.rs\/en\/wp-json\/wp\/v2\/media\/25288"}],"wp:attachment":[{"href":"https:\/\/pawz.rs\/en\/wp-json\/wp\/v2\/media?parent=25285"}],"wp:term":[{"taxonomy":"pwb-brand","embeddable":true,"href":"https:\/\/pawz.rs\/en\/wp-json\/wp\/v2\/pwb-brand?post=25285"},{"taxonomy":"product_cat","embeddable":true,"href":"https:\/\/pawz.rs\/en\/wp-json\/wp\/v2\/product_cat?post=25285"},{"taxonomy":"product_tag","embeddable":true,"href":"https:\/\/pawz.rs\/en\/wp-json\/wp\/v2\/product_tag?post=25285"}],"curies":[{"name":"wp","href":"https:\/\/api.w.org\/{rel}","templated":true}]}}