{"id":25319,"date":"2024-05-24T15:02:49","date_gmt":"2024-05-24T13:02:49","guid":{"rendered":"https:\/\/pawz.rs\/?post_type=product&#038;p=25319"},"modified":"2025-06-29T20:02:44","modified_gmt":"2025-06-29T18:02:44","slug":"biogance-dentiplaque-oral-care-100-g","status":"publish","type":"product","link":"https:\/\/pawz.rs\/en\/biogance-dentiplaque-oral-care-100-g\/","title":{"rendered":"Biogance Dentiplaque Oral Care 100 g"},"content":{"rendered":"<p><strong>Biogance Dentiplaque Oral Care 100 g<\/strong><\/p>\n<div>Biogance Dentiplaque oral care\u00a0poma\u017ee u borbi protiv zubnog kamenca\u00a0i spre\u010dava stvaranje plakova. Tako\u0111e poma\u017ee u borbi protiv lo\u0161eg zadaha i doprinosi odr\u017eavanju oralne\u00a0higijene.<\/div>\n<div><\/div>\n<div>Biogance je prva francuska linija za higijenu i negu ljubimaca, direktno inspirisana prirodom i posebno formulisana sa prirodnim i organskim aktivnim sastojcimakoji \u0161tite na\u0161e ljubimce i \u017eivotnu sredinu. Ne sadr\u017ei parabone, fenokietanole, \u017eivotinjska ulja i ve\u0161ta\u010dke boje. Efikasni i prirodni proizvodi neguju krzno ljubimaca i smanjuju rizik od nastanka alergija.<\/div>\n<div>\n<p>Biogance je dinami\u010dna kompanija u kojoj veterinari, farmaceuti i hemi\u010dari kombinuju svoju stru\u010dnost za ve\u0107u dobrobit na\u0161ih ljubimaca.<\/p>\n<p><strong>Sastav:<\/strong><br \/>\nMikronizovane morske alge (ascophillum nodosum), sorbitol, natrijum bikarbonat, fruktooligosaharidi (FOS)<\/p>\n<\/div>\n<p><strong>Upotreba:<\/strong><\/p>\n<p>Le\u010denje traje 20 uzastopnih dana, a zatim 7 uzastopnih dana mese\u010dno.<\/p>\n<p>Ne primenjivati pse ili ma\u010dke koji pate od problema sa \u0161titnom \u017elezdom.<\/p>\n<p>1\/2 ka\u0161ike do 10kg<\/p>\n<p>1 ka\u0161ika od\u00a010 do 25kg<\/p>\n<p>1 zakrivljena ka\u0161ika &#8211; vi\u0161e od 25 kg<\/p>\n<p>Proizvo\u0111a\u010d:\u00a0BIOGANCE LABORATOIRE, Z.I. Anjou Atlantique &#8211; F &#8211; 49123, FRANCE<br \/>\nZemlja porekla: Francuska<\/p>\n\n    <div class=\"xs_social_share_widget xs_share_url after_content \t\tmain_content  wslu-style-1 wslu-share-box-shaped wslu-fill-colored wslu-none wslu-share-horizontal wslu-theme-font-no wslu-main_content\">\n\n\t\t\n        <ul>\n\t\t\t        <\/ul>\n    <\/div>","protected":false},"excerpt":{"rendered":"<p>Biogance Dentiplaque Oral Care je prah koji poma\u017ee u odr\u017eavanju oralne higijene, spre\u010dava pojavu kamenca, namenjen je i psima i ma\u010dkama<\/p>","protected":false},"featured_media":25320,"comment_status":"open","ping_status":"closed","template":"","meta":{"_acf_changed":false},"pwb-brand":[939],"product_cat":[23,80,388,47,104,389],"product_tag":[],"class_list":{"0":"post-25319","1":"product","2":"type-product","3":"status-publish","4":"has-post-thumbnail","6":"pwb-brand-biogance","7":"product_cat-macke","8":"product_cat-higijena-nega-macaka","9":"product_cat-higijenski-proizvodi","10":"product_cat-psi","11":"product_cat-higijena-i-nega-pasa","12":"product_cat-higijenski-proizvodi-higijena-i-nega-pasa","14":"first","15":"instock","16":"taxable","17":"shipping-taxable","18":"purchasable","19":"product-type-simple"},"acf":[],"brands":[{"id":939,"name":"Biogance","slug":"biogance"}],"_links":{"self":[{"href":"https:\/\/pawz.rs\/en\/wp-json\/wp\/v2\/product\/25319","targetHints":{"allow":["GET"]}}],"collection":[{"href":"https:\/\/pawz.rs\/en\/wp-json\/wp\/v2\/product"}],"about":[{"href":"https:\/\/pawz.rs\/en\/wp-json\/wp\/v2\/types\/product"}],"replies":[{"embeddable":true,"href":"https:\/\/pawz.rs\/en\/wp-json\/wp\/v2\/comments?post=25319"}],"wp:featuredmedia":[{"embeddable":true,"href":"https:\/\/pawz.rs\/en\/wp-json\/wp\/v2\/media\/25320"}],"wp:attachment":[{"href":"https:\/\/pawz.rs\/en\/wp-json\/wp\/v2\/media?parent=25319"}],"wp:term":[{"taxonomy":"pwb-brand","embeddable":true,"href":"https:\/\/pawz.rs\/en\/wp-json\/wp\/v2\/pwb-brand?post=25319"},{"taxonomy":"product_cat","embeddable":true,"href":"https:\/\/pawz.rs\/en\/wp-json\/wp\/v2\/product_cat?post=25319"},{"taxonomy":"product_tag","embeddable":true,"href":"https:\/\/pawz.rs\/en\/wp-json\/wp\/v2\/product_tag?post=25319"}],"curies":[{"name":"wp","href":"https:\/\/api.w.org\/{rel}","templated":true}]}}