{"id":25325,"date":"2024-05-24T15:02:47","date_gmt":"2024-05-24T13:02:47","guid":{"rendered":"https:\/\/pawz.rs\/?post_type=product&#038;p=25325"},"modified":"2025-06-29T20:02:49","modified_gmt":"2025-06-29T18:02:49","slug":"biogance-gliss-liss-dog-spray","status":"publish","type":"product","link":"https:\/\/pawz.rs\/en\/biogance-gliss-liss-dog-spray\/","title":{"rendered":"Biogance Gliss Liss Dog Spray"},"content":{"rendered":"<p><strong>Biogance Gliss Liss Dog Spray<\/strong><\/p>\n<div>Gliss Liss Tangle Remover sadr\u017ei\u00a0ulje jojobe, olak\u0161ava ra\u0161\u010de\u0161ljavanje i regeneri\u0161e dlaku, daju\u0107i krznu glatko\u0107u i sjaj.\u00a0Bez ulja \u017eivotinjskog porekla.<\/div>\n<div>\n<p>Biogance je prva francuska linija za higijenu i negu ljubimaca, direktno inspirisana prirodom i posebno formulisana sa prirodnim i organskim aktivnim sastojcimakoji \u0161tite na\u0161e ljubimce i \u017eivotnu sredinu. Ne sadr\u017ei parabone, fenokietanole, \u017eivotinjska ulja i ve\u0161ta\u010dke boje. Efikasni i prirodni proizvodi neguju krzno ljubimaca i smanjuju rizik od nastanka alergija.<\/p>\n<p>Biogance je dinami\u010dna kompanija u kojoj veterinari, farmaceuti i hemi\u010dari kombinuju svoju stru\u010dnost za ve\u0107u dobrobit na\u0161ih ljubimaca.<\/p>\n<\/div>\n<p><strong>Upotreba pre kupanja:<br \/>\n<\/strong>Protresti pre upotrebe. Naprskati direktno na zamr\u0161ene \u010dvorove i sa\u010dekati 2 minuta. \u010cetkati uz dlaku, a zatim \u010detkom niz dlaku razmrsiti.<\/p>\n<p><strong>Upotreba nakon kupanja:<\/strong><br \/>\nTokom \u010detkanja naprskajte na krzno sa udaljenosti od 30 cm.<\/p>\n<p>Proizvo\u0111a\u010d:\u00a0BIOGANCE LABORATOIRE, Z.I. Anjou Atlantique &#8211; F &#8211; 49123, FRANCE<br \/>\nZemlja porekla: Francuska<\/p>\n\n    <div class=\"xs_social_share_widget xs_share_url after_content \t\tmain_content  wslu-style-1 wslu-share-box-shaped wslu-fill-colored wslu-none wslu-share-horizontal wslu-theme-font-no wslu-main_content\">\n\n\t\t\n        <ul>\n\t\t\t        <\/ul>\n    <\/div>","protected":false},"excerpt":{"rendered":"<p>Biogance Gliss Liss Dog je antioksidativni sprej za olak\u0161avanje ra\u0161\u010de\u0161ljavanja zamr\u0161ene dlake, daje krznu glatko\u0107u i sjaj, namenjeno psima<\/p>","protected":false},"featured_media":25328,"comment_status":"open","ping_status":"closed","template":"","meta":{"_acf_changed":false},"pwb-brand":[939],"product_cat":[80,388,23],"product_tag":[],"class_list":{"0":"post-25325","1":"product","2":"type-product","3":"status-publish","4":"has-post-thumbnail","6":"pwb-brand-biogance","7":"product_cat-higijena-nega-macaka","8":"product_cat-higijenski-proizvodi","9":"product_cat-macke","11":"first","12":"instock","13":"taxable","14":"shipping-taxable","15":"purchasable","16":"product-type-variable","17":"has-default-attributes"},"acf":[],"brands":[{"id":939,"name":"Biogance","slug":"biogance"}],"_links":{"self":[{"href":"https:\/\/pawz.rs\/en\/wp-json\/wp\/v2\/product\/25325","targetHints":{"allow":["GET"]}}],"collection":[{"href":"https:\/\/pawz.rs\/en\/wp-json\/wp\/v2\/product"}],"about":[{"href":"https:\/\/pawz.rs\/en\/wp-json\/wp\/v2\/types\/product"}],"replies":[{"embeddable":true,"href":"https:\/\/pawz.rs\/en\/wp-json\/wp\/v2\/comments?post=25325"}],"wp:featuredmedia":[{"embeddable":true,"href":"https:\/\/pawz.rs\/en\/wp-json\/wp\/v2\/media\/25328"}],"wp:attachment":[{"href":"https:\/\/pawz.rs\/en\/wp-json\/wp\/v2\/media?parent=25325"}],"wp:term":[{"taxonomy":"pwb-brand","embeddable":true,"href":"https:\/\/pawz.rs\/en\/wp-json\/wp\/v2\/pwb-brand?post=25325"},{"taxonomy":"product_cat","embeddable":true,"href":"https:\/\/pawz.rs\/en\/wp-json\/wp\/v2\/product_cat?post=25325"},{"taxonomy":"product_tag","embeddable":true,"href":"https:\/\/pawz.rs\/en\/wp-json\/wp\/v2\/product_tag?post=25325"}],"curies":[{"name":"wp","href":"https:\/\/api.w.org\/{rel}","templated":true}]}}