{"id":25343,"date":"2024-05-24T15:02:42","date_gmt":"2024-05-24T13:02:42","guid":{"rendered":"https:\/\/pawz.rs\/?post_type=product&#038;p=25343"},"modified":"2025-06-29T20:02:44","modified_gmt":"2025-06-29T18:02:44","slug":"biogance-organissime-anti-parasite-dog-lotion-250ml","status":"publish","type":"product","link":"https:\/\/pawz.rs\/en\/biogance-organissime-anti-parasite-dog-lotion-250ml\/","title":{"rendered":"Biogance Organissime Anti Parasite Dog Lotion 250ml"},"content":{"rendered":"<p><strong>Biogance Organissime Anti Parasite Dog Lotion 250ml<\/strong><\/p>\n<p>Za\u0161tita psa od spoljnih parazita je lako pomoc\u0301u ovog spreja protiv parazita za \u010di\u0161c\u0301enje koji \u010disti.<\/p>\n<p>Sadr\u017ei organsku\u00a0aloe veru\u00a0za umirenje i vla\u017eenje, dok geraniol prirodno poma\u017ee u odbijanju ne\u017eeljenih buva, krpelja i drugih spoljnih parazita.<\/p>\n<p><strong>Sastav:<\/strong><br \/>\nVoda, prah od sokova od listova aloje Barbadensis, amonijum lauril sulfat, inulin, geraniol, kapril \/ kapril glukozid, tetrasatrijum glutamat dijacetat, dehidroacetna kiselina, mle\u010dna kiselina, benzoeva kiselina, benzil alkohol, kapril-alkohol alkohol, kapril-alkohol alkohol.\u00a0Sadr\u017ei 10% organskih organskih sastojaka i 98% sastojaka biljnog i mineralnog porekla.\u00a0Aktivni sastojak: Geraniol 0,5% (m \/ m) CAS br. 106-24-1 (TP19).<\/p>\n<p><strong>Upotreba:<\/strong><br \/>\nPre upotrebe promuc\u0301kati. Stavite 2 do 3 spreja na dlan ili krpu, lagano umasirajte i osu\u0161ite \u010distim pe\u0161kirom. Izbegavati kontakt sa o\u010dima. Dr\u017eati van doma\u0161aja dece.<\/p>\n<p>Proizvo\u0111a\u010d:\u00a0BIOGANCE LABORATOIRE, Z.I. Anjou Atlantique &#8211; F &#8211; 49123, FRANCE<br \/>\nZemlja porekla: Francuska<\/p>\n\n    <div class=\"xs_social_share_widget xs_share_url after_content \t\tmain_content  wslu-style-1 wslu-share-box-shaped wslu-fill-colored wslu-none wslu-share-horizontal wslu-theme-font-no wslu-main_content\">\n\n\t\t\n        <ul>\n\t\t\t        <\/ul>\n    <\/div>","protected":false},"excerpt":{"rendered":"<p>Biogance Organissime Anti Parasite Dog Lotion je organski losion protiv parazita, za pse<\/p>","protected":false},"featured_media":25344,"comment_status":"open","ping_status":"closed","template":"","meta":{"_acf_changed":false},"pwb-brand":[939],"product_cat":[47,104,389],"product_tag":[],"class_list":{"0":"post-25343","1":"product","2":"type-product","3":"status-publish","4":"has-post-thumbnail","6":"pwb-brand-biogance","7":"product_cat-psi","8":"product_cat-higijena-i-nega-pasa","9":"product_cat-higijenski-proizvodi-higijena-i-nega-pasa","11":"first","12":"instock","13":"taxable","14":"shipping-taxable","15":"purchasable","16":"product-type-simple"},"acf":[],"brands":[{"id":939,"name":"Biogance","slug":"biogance"}],"_links":{"self":[{"href":"https:\/\/pawz.rs\/en\/wp-json\/wp\/v2\/product\/25343","targetHints":{"allow":["GET"]}}],"collection":[{"href":"https:\/\/pawz.rs\/en\/wp-json\/wp\/v2\/product"}],"about":[{"href":"https:\/\/pawz.rs\/en\/wp-json\/wp\/v2\/types\/product"}],"replies":[{"embeddable":true,"href":"https:\/\/pawz.rs\/en\/wp-json\/wp\/v2\/comments?post=25343"}],"wp:featuredmedia":[{"embeddable":true,"href":"https:\/\/pawz.rs\/en\/wp-json\/wp\/v2\/media\/25344"}],"wp:attachment":[{"href":"https:\/\/pawz.rs\/en\/wp-json\/wp\/v2\/media?parent=25343"}],"wp:term":[{"taxonomy":"pwb-brand","embeddable":true,"href":"https:\/\/pawz.rs\/en\/wp-json\/wp\/v2\/pwb-brand?post=25343"},{"taxonomy":"product_cat","embeddable":true,"href":"https:\/\/pawz.rs\/en\/wp-json\/wp\/v2\/product_cat?post=25343"},{"taxonomy":"product_tag","embeddable":true,"href":"https:\/\/pawz.rs\/en\/wp-json\/wp\/v2\/product_tag?post=25343"}],"curies":[{"name":"wp","href":"https:\/\/api.w.org\/{rel}","templated":true}]}}