{"id":25345,"date":"2024-05-24T15:02:41","date_gmt":"2024-05-24T13:02:41","guid":{"rendered":"https:\/\/pawz.rs\/?post_type=product&#038;p=25345"},"modified":"2025-06-29T20:02:44","modified_gmt":"2025-06-29T18:02:44","slug":"biogance-organissime-anti-parasite-cat-shampoo-250-ml","status":"publish","type":"product","link":"https:\/\/pawz.rs\/en\/biogance-organissime-anti-parasite-cat-shampoo-250-ml\/","title":{"rendered":"Biogance Organissime Anti Parasite Cat Shampoo 250 ml"},"content":{"rendered":"<p><strong>Biogance Organissime Anti Parasite Cat Shampoo 250 ml<\/strong><\/p>\n<div id=\"tab-description\" class=\"woocommerce-Tabs-panel woocommerce-Tabs-panel--description panel entry-content wc-tab\" role=\"tabpanel\" aria-labelledby=\"tab-title-description\">\n<p>Biogance Organissime Anti-Parasite Shampoo Cat je \u0161ampon protiv parazita formulisan sa aloe verom i geraniolom. Zahvaljujuc\u0301i vrlinama ovih biljaka, ovaj \u0161ampon protiv parazita ne\u017eno \u010disti, odbija buve, krpelje i druge \u0161tetne insekte i vla\u017ei dlaku.<br \/>\nPogodno za pse i ma\u010dke svih rasa.<\/p>\n<\/div>\n<p><strong>Upotreba:<\/strong><br \/>\nNanesite na vla\u017eno krzno, umasirajte i isperite. Ponovite postupak, ostavite 2 minuta, a zatim isperite.<br \/>\nIzbegavati kontakt sa o\u010dima. Pogodno za \u0161tence starije od 3 meseca.<br \/>\nNe koristiti na trudnim ljubimcima ili ljubimcima koji doje.<\/p>\n<p>Proizvo\u0111a\u010d:\u00a0BIOGANCE LABORATOIRE, Z.I. Anjou Atlantique &#8211; F &#8211; 49123, FRANCE<br \/>\nZemlja porekla: Francuska<\/p>\n\n    <div class=\"xs_social_share_widget xs_share_url after_content \t\tmain_content  wslu-style-1 wslu-share-box-shaped wslu-fill-colored wslu-none wslu-share-horizontal wslu-theme-font-no wslu-main_content\">\n\n\t\t\n        <ul>\n\t\t\t        <\/ul>\n    <\/div>","protected":false},"excerpt":{"rendered":"<p>Biogance Organissime Anti Parasite Cat Shampoo je \u0161ampon protiv parazita, za ma\u010dke<\/p>","protected":false},"featured_media":25346,"comment_status":"open","ping_status":"closed","template":"","meta":{"_acf_changed":false},"pwb-brand":[939],"product_cat":[23,80,343],"product_tag":[],"class_list":{"0":"post-25345","1":"product","2":"type-product","3":"status-publish","4":"has-post-thumbnail","6":"pwb-brand-biogance","7":"product_cat-macke","8":"product_cat-higijena-nega-macaka","9":"product_cat-samponi-za-macke","11":"first","12":"instock","13":"taxable","14":"shipping-taxable","15":"purchasable","16":"product-type-simple"},"acf":[],"brands":[{"id":939,"name":"Biogance","slug":"biogance"}],"_links":{"self":[{"href":"https:\/\/pawz.rs\/en\/wp-json\/wp\/v2\/product\/25345","targetHints":{"allow":["GET"]}}],"collection":[{"href":"https:\/\/pawz.rs\/en\/wp-json\/wp\/v2\/product"}],"about":[{"href":"https:\/\/pawz.rs\/en\/wp-json\/wp\/v2\/types\/product"}],"replies":[{"embeddable":true,"href":"https:\/\/pawz.rs\/en\/wp-json\/wp\/v2\/comments?post=25345"}],"wp:featuredmedia":[{"embeddable":true,"href":"https:\/\/pawz.rs\/en\/wp-json\/wp\/v2\/media\/25346"}],"wp:attachment":[{"href":"https:\/\/pawz.rs\/en\/wp-json\/wp\/v2\/media?parent=25345"}],"wp:term":[{"taxonomy":"pwb-brand","embeddable":true,"href":"https:\/\/pawz.rs\/en\/wp-json\/wp\/v2\/pwb-brand?post=25345"},{"taxonomy":"product_cat","embeddable":true,"href":"https:\/\/pawz.rs\/en\/wp-json\/wp\/v2\/product_cat?post=25345"},{"taxonomy":"product_tag","embeddable":true,"href":"https:\/\/pawz.rs\/en\/wp-json\/wp\/v2\/product_tag?post=25345"}],"curies":[{"name":"wp","href":"https:\/\/api.w.org\/{rel}","templated":true}]}}