{"id":25353,"date":"2024-05-24T15:02:38","date_gmt":"2024-05-24T13:02:38","guid":{"rendered":"https:\/\/pawz.rs\/?post_type=product&#038;p=25353"},"modified":"2025-06-29T20:02:44","modified_gmt":"2025-06-29T18:02:44","slug":"biogance-organissime-detangler-lotion-250-ml","status":"publish","type":"product","link":"https:\/\/pawz.rs\/en\/biogance-organissime-detangler-lotion-250-ml\/","title":{"rendered":"Biogance Organissime Detangler Lotion 250 ml"},"content":{"rendered":"<p><strong>Biogance Organissime Detangler Lotion 250 ml<\/strong><\/p>\n<div id=\"tab-description\" class=\"woocommerce-Tabs-panel woocommerce-Tabs-panel--description panel entry-content wc-tab\" role=\"tabpanel\" aria-labelledby=\"tab-title-description\">\n<div>Losion za ra\u0161\u010de\u0161ljavanje, formulisan prema Bio Cosmetic Human Certification, napravljen od\u00a0ovsenog mleka\u00a0i ekstrakta\u00a0mati\u010dnjaka,\u00a0 za lako raspetljavanje svih vrsta dlake.<\/div>\n<div><\/div>\n<div><strong>Sastav:<\/strong><br \/>\nProteini ovsa c\u0301e prodreti duboko iznutra kako bi nahranili kosu donosec\u0301i sjaj i sjaj dlaci. Hidroksicinaminska kiselina (porodica tanina) u melisi ubrzava proces zarastanja.<\/div>\n<\/div>\n<p><strong>Upotreba:<\/strong><br \/>\nPoprskajte 30 cm tokom \u010detkanja svilenkastim i sjajnim slojem. Izbegavajte kontakt sa o\u010dima. Pogodno za pse i ma\u010dke.<\/p>\n<p>Proizvo\u0111a\u010d:\u00a0BIOGANCE LABORATOIRE, Z.I. Anjou Atlantique &#8211; F &#8211; 49123, FRANCE<br \/>\nZemlja porekla: Francuska<\/p>\n\n    <div class=\"xs_social_share_widget xs_share_url after_content \t\tmain_content  wslu-style-1 wslu-share-box-shaped wslu-fill-colored wslu-none wslu-share-horizontal wslu-theme-font-no wslu-main_content\">\n\n\t\t\n        <ul>\n\t\t\t        <\/ul>\n    <\/div>","protected":false},"excerpt":{"rendered":"<p>Biogance Organissime Detangler Lotion predstavlja organski losion za lak\u0161e ra\u0161\u010de\u0161ljavanje, namenjeno psima i ma\u010dkama<\/p>","protected":false},"featured_media":25354,"comment_status":"open","ping_status":"closed","template":"","meta":{"_acf_changed":false},"pwb-brand":[939],"product_cat":[80,104,388,389,23,47],"product_tag":[],"class_list":{"0":"post-25353","1":"product","2":"type-product","3":"status-publish","4":"has-post-thumbnail","6":"pwb-brand-biogance","7":"product_cat-higijena-nega-macaka","8":"product_cat-higijena-i-nega-pasa","9":"product_cat-higijenski-proizvodi","10":"product_cat-higijenski-proizvodi-higijena-i-nega-pasa","11":"product_cat-macke","12":"product_cat-psi","14":"first","15":"instock","16":"taxable","17":"shipping-taxable","18":"purchasable","19":"product-type-simple"},"acf":[],"brands":[{"id":939,"name":"Biogance","slug":"biogance"}],"_links":{"self":[{"href":"https:\/\/pawz.rs\/en\/wp-json\/wp\/v2\/product\/25353","targetHints":{"allow":["GET"]}}],"collection":[{"href":"https:\/\/pawz.rs\/en\/wp-json\/wp\/v2\/product"}],"about":[{"href":"https:\/\/pawz.rs\/en\/wp-json\/wp\/v2\/types\/product"}],"replies":[{"embeddable":true,"href":"https:\/\/pawz.rs\/en\/wp-json\/wp\/v2\/comments?post=25353"}],"wp:featuredmedia":[{"embeddable":true,"href":"https:\/\/pawz.rs\/en\/wp-json\/wp\/v2\/media\/25354"}],"wp:attachment":[{"href":"https:\/\/pawz.rs\/en\/wp-json\/wp\/v2\/media?parent=25353"}],"wp:term":[{"taxonomy":"pwb-brand","embeddable":true,"href":"https:\/\/pawz.rs\/en\/wp-json\/wp\/v2\/pwb-brand?post=25353"},{"taxonomy":"product_cat","embeddable":true,"href":"https:\/\/pawz.rs\/en\/wp-json\/wp\/v2\/product_cat?post=25353"},{"taxonomy":"product_tag","embeddable":true,"href":"https:\/\/pawz.rs\/en\/wp-json\/wp\/v2\/product_tag?post=25353"}],"curies":[{"name":"wp","href":"https:\/\/api.w.org\/{rel}","templated":true}]}}