{"id":25360,"date":"2024-05-24T15:02:37","date_gmt":"2024-05-24T13:02:37","guid":{"rendered":"https:\/\/pawz.rs\/?post_type=product&#038;p=25360"},"modified":"2025-06-29T20:02:44","modified_gmt":"2025-06-29T18:02:44","slug":"biogance-organissime-ear-lotion-100-ml","status":"publish","type":"product","link":"https:\/\/pawz.rs\/en\/biogance-organissime-ear-lotion-100-ml\/","title":{"rendered":"Biogance Organissime Ear Lotion 100 ml"},"content":{"rendered":"<p><strong>Biogance Organissime Ear Lotion 100 ml<\/strong><\/p>\n<div id=\"tab-description\" class=\"woocommerce-Tabs-panel woocommerce-Tabs-panel--description panel entry-content wc-tab\" role=\"tabpanel\" aria-labelledby=\"tab-title-description\">\n<div>Organissime Ears Care Lotion poma\u017ee u uklanjanju ne\u010distoc\u0301a, dok istovremeno obnavlja, vla\u017ei i \u0161titi unutra\u0161njost uha od suvoc\u0301e, zahvaljujuc\u0301i svom sastavu\u00a0Aloe Vere\u00a0i\u00a0zelenog \u010daja.<\/div>\n<div>Hidratantna Aloe Vera vrac\u0301a pravilnu funkciju ko\u017ee. Tonik i adstrigentni zeleni \u010daj omek\u0161ava ko\u017eu.<\/div>\n<div><\/div>\n<div><strong>Sastav:<\/strong><br \/>\nFlavonoidi i tanini u Aloe Veri zarastac\u0301e od o\u0161tec\u0301enja c\u0301elija. Zaceljivanje o\u0161tec\u0301enih tkiva smiric\u0301e iritacije i svrab.<\/div>\n<div>Minerali u aloe veri obezbedic\u0301e potrebnu hidrataciju ko\u017ee.<\/div>\n<div>Zeleni \u010daj je tonik i adstrigentni sastojak koji c\u0301e ko\u017eu omek\u0161ati dejstvom pro\u010di\u0161c\u0301avanja i \u010di\u0161c\u0301enja.<\/div>\n<\/div>\n<p><strong>Upotreba:<br \/>\n<\/strong>Nanesite losion na pamu\u010dnu vatu i ne\u017eno o\u010distite masiranjem u\u0161nog kanala najmanje dva puta nedeljno. Samo za spoljnu upotrebu. Izbegavati kontakt sa o\u010dima.<\/p>\n<p>Proizvo\u0111a\u010d:\u00a0BIOGANCE LABORATOIRE, Z.I. Anjou Atlantique &#8211; F &#8211; 49123, FRANCE<br \/>\nZemlja porekla: Francuska<\/p>\n\n    <div class=\"xs_social_share_widget xs_share_url after_content \t\tmain_content  wslu-style-1 wslu-share-box-shaped wslu-fill-colored wslu-none wslu-share-horizontal wslu-theme-font-no wslu-main_content\">\n\n\t\t\n        <ul>\n\t\t\t        <\/ul>\n    <\/div>","protected":false},"excerpt":{"rendered":"<p>Biogance Organissime Ear Lotion je losion koji obnavlja, vla\u017ei i \u0161titi unutra\u0161njost uha od suvo\u0107e, pogodan za pse i za ma\u010dke<\/p>","protected":false},"featured_media":25361,"comment_status":"open","ping_status":"closed","template":"","meta":{"_acf_changed":false},"pwb-brand":[939],"product_cat":[80,104,388,389,23,47],"product_tag":[],"class_list":{"0":"post-25360","1":"product","2":"type-product","3":"status-publish","4":"has-post-thumbnail","6":"pwb-brand-biogance","7":"product_cat-higijena-nega-macaka","8":"product_cat-higijena-i-nega-pasa","9":"product_cat-higijenski-proizvodi","10":"product_cat-higijenski-proizvodi-higijena-i-nega-pasa","11":"product_cat-macke","12":"product_cat-psi","14":"first","15":"instock","16":"taxable","17":"shipping-taxable","18":"purchasable","19":"product-type-simple"},"acf":[],"brands":[{"id":939,"name":"Biogance","slug":"biogance"}],"_links":{"self":[{"href":"https:\/\/pawz.rs\/en\/wp-json\/wp\/v2\/product\/25360","targetHints":{"allow":["GET"]}}],"collection":[{"href":"https:\/\/pawz.rs\/en\/wp-json\/wp\/v2\/product"}],"about":[{"href":"https:\/\/pawz.rs\/en\/wp-json\/wp\/v2\/types\/product"}],"replies":[{"embeddable":true,"href":"https:\/\/pawz.rs\/en\/wp-json\/wp\/v2\/comments?post=25360"}],"wp:featuredmedia":[{"embeddable":true,"href":"https:\/\/pawz.rs\/en\/wp-json\/wp\/v2\/media\/25361"}],"wp:attachment":[{"href":"https:\/\/pawz.rs\/en\/wp-json\/wp\/v2\/media?parent=25360"}],"wp:term":[{"taxonomy":"pwb-brand","embeddable":true,"href":"https:\/\/pawz.rs\/en\/wp-json\/wp\/v2\/pwb-brand?post=25360"},{"taxonomy":"product_cat","embeddable":true,"href":"https:\/\/pawz.rs\/en\/wp-json\/wp\/v2\/product_cat?post=25360"},{"taxonomy":"product_tag","embeddable":true,"href":"https:\/\/pawz.rs\/en\/wp-json\/wp\/v2\/product_tag?post=25360"}],"curies":[{"name":"wp","href":"https:\/\/api.w.org\/{rel}","templated":true}]}}