{"id":25362,"date":"2024-05-24T15:02:36","date_gmt":"2024-05-24T13:02:36","guid":{"rendered":"https:\/\/pawz.rs\/?post_type=product&#038;p=25362"},"modified":"2025-06-29T20:02:44","modified_gmt":"2025-06-29T18:02:44","slug":"biogance-organissime-eyes-lotion-100-ml","status":"publish","type":"product","link":"https:\/\/pawz.rs\/en\/biogance-organissime-eyes-lotion-100-ml\/","title":{"rendered":"Biogance Organissime Eyes Lotion 100 ml"},"content":{"rendered":"<p><strong>Biogance Organissime Eyes Lotion 100 ml<\/strong><\/p>\n<div id=\"tab-description\" class=\"woocommerce-Tabs-panel woocommerce-Tabs-panel--description panel entry-content wc-tab\" role=\"tabpanel\" aria-labelledby=\"tab-title-description\">\n<div>Losion za o\u010di, formulisan u skladu sa Human Bio Cosmetic Certification, napravljen od ekstrakta\u00a0Cornflover-a\u00a0i\u00a0Aloe Vere, za ne\u017eno \u010di\u0161c\u0301enje i uklanjanje ne\u010distoc\u0301a.\u00a0Sa svojim prirodnim aktivnim sastojcima, ovaj losion za \u010di\u0161c\u0301enje poma\u017ee u uklanjanju mrlja i \u0161titi konture o\u010diju od isu\u0161ivanja.<\/div>\n<div><\/div>\n<div><strong>Sastav:<br \/>\n<\/strong>Voda, voda pe\u0161ni\u010dne stabljike, sok lista aloe vere u prahu, cvet razli\u010dka, glicerin, natrijev klorid, kokamidpropil betain, natrijev benzoat, kalijev sorbat, mlije\u010dna kiselina, limunska kiselina, borna kiselina, dehidroctena kiselina, kalijev hidroksid, benzil alkohol<\/div>\n<\/div>\n<p><strong>Upotreba:<br \/>\n<\/strong>Nanesite losion na par\u010de pamuka, o\u010distite i ne\u017eno masirajte o\u010di i brkove najmanje dva puta nedeljno.<\/p>\n<p>Proizvo\u0111a\u010d:\u00a0BIOGANCE LABORATOIRE, Z.I. Anjou Atlantique &#8211; F &#8211; 49123, FRANCE<br \/>\nZemlja porekla: Francuska<\/p>\n\n    <div class=\"xs_social_share_widget xs_share_url after_content \t\tmain_content  wslu-style-1 wslu-share-box-shaped wslu-fill-colored wslu-none wslu-share-horizontal wslu-theme-font-no wslu-main_content\">\n\n\t\t\n        <ul>\n\t\t\t        <\/ul>\n    <\/div>","protected":false},"excerpt":{"rendered":"<p>Biogance Organissime Eyes Lotion je losion koji uklanja mrlje i \u0161titi konture o\u010diju od isu\u0161ivanja, pogodan za pse i za ma\u010dke<\/p>","protected":false},"featured_media":25363,"comment_status":"open","ping_status":"closed","template":"","meta":{"_acf_changed":false},"pwb-brand":[939],"product_cat":[23,80,388,47,104,389],"product_tag":[],"class_list":{"0":"post-25362","1":"product","2":"type-product","3":"status-publish","4":"has-post-thumbnail","6":"pwb-brand-biogance","7":"product_cat-macke","8":"product_cat-higijena-nega-macaka","9":"product_cat-higijenski-proizvodi","10":"product_cat-psi","11":"product_cat-higijena-i-nega-pasa","12":"product_cat-higijenski-proizvodi-higijena-i-nega-pasa","14":"first","15":"instock","16":"taxable","17":"shipping-taxable","18":"purchasable","19":"product-type-simple"},"acf":[],"brands":[{"id":939,"name":"Biogance","slug":"biogance"}],"_links":{"self":[{"href":"https:\/\/pawz.rs\/en\/wp-json\/wp\/v2\/product\/25362","targetHints":{"allow":["GET"]}}],"collection":[{"href":"https:\/\/pawz.rs\/en\/wp-json\/wp\/v2\/product"}],"about":[{"href":"https:\/\/pawz.rs\/en\/wp-json\/wp\/v2\/types\/product"}],"replies":[{"embeddable":true,"href":"https:\/\/pawz.rs\/en\/wp-json\/wp\/v2\/comments?post=25362"}],"wp:featuredmedia":[{"embeddable":true,"href":"https:\/\/pawz.rs\/en\/wp-json\/wp\/v2\/media\/25363"}],"wp:attachment":[{"href":"https:\/\/pawz.rs\/en\/wp-json\/wp\/v2\/media?parent=25362"}],"wp:term":[{"taxonomy":"pwb-brand","embeddable":true,"href":"https:\/\/pawz.rs\/en\/wp-json\/wp\/v2\/pwb-brand?post=25362"},{"taxonomy":"product_cat","embeddable":true,"href":"https:\/\/pawz.rs\/en\/wp-json\/wp\/v2\/product_cat?post=25362"},{"taxonomy":"product_tag","embeddable":true,"href":"https:\/\/pawz.rs\/en\/wp-json\/wp\/v2\/product_tag?post=25362"}],"curies":[{"name":"wp","href":"https:\/\/api.w.org\/{rel}","templated":true}]}}