{"id":25412,"date":"2024-05-24T15:00:53","date_gmt":"2024-05-24T13:00:53","guid":{"rendered":"https:\/\/pawz.rs\/?post_type=product&#038;p=25412"},"modified":"2025-06-29T20:02:44","modified_gmt":"2025-06-29T18:02:44","slug":"biogance-algo-activ-250-ml","status":"publish","type":"product","link":"https:\/\/pawz.rs\/en\/biogance-algo-activ-250-ml\/","title":{"rendered":"Biogance Algo Activ 250 ml"},"content":{"rendered":"<p><strong>Biogance Algo Activ 250 ml<\/strong><\/p>\n<p>Dnevni sprej koji stimulativnim i regeneracijskim svojstvom ubrzava prirodan proces linjanja i podsti\u010de rast dlake. Njegova PH izbalansirana i formula bez parabena, oboga\u0107ena organskom braon morskom travom, makom i kostrikom podsti\u010du opadanje mrtve dlake , obnavljanje nove i njeno ja\u010danje.<\/p>\n<p>Biogance je prva francuska linija za higijenu i negu ljubimaca, direktno inspirisana prirodom i posebno formulisana sa prirodnim i organskim aktivnim sastojcimakoji \u0161tite na\u0161e ljubimce i \u017eivotnu sredinu. Ne sadr\u017ei parabone, fenokietanole, \u017eivotinjska ulja i ve\u0161ta\u010dke boje. Efikasni i prirodni proizvodi neguju krzno ljubimaca i smanjuju rizik od nastanka alergija.<\/p>\n<p>Biogance je dinami\u010dna kompanija u kojoj veterinari, farmaceuti i hemi\u010dari kombinuju svoju stru\u010dnost za ve\u0107u dobrobit na\u0161ih ljubimaca.<\/p>\n<p><strong>Upotreba:<\/strong><br \/>\nProtresti pre upotrebe. Prskati sa razdaljine 15-20 cm na celo krzno svaka 2 dana tokom perioda linjanja. I\u0161\u010detkati da bi se proizvod bolje aplikovao i odstranila se mrtva dlaka. Mo\u017ee se koristiti svakodnevno kako bi se obnovio sjaj dlake.<\/p>\n<p>Samo za spoljnu upotrebu. \u010cuvati izvan doma\u0161aja dece. Pogodno za \u0161tence i ma\u010dke.<\/p>\n<p>Proizvo\u0111a\u010d:\u00a0BIOGANCE LABORATOIRE, Z.I. Anjou Atlantique &#8211; F &#8211; 49123, FRANCE<br \/>\nZemlja porekla: Francuska<\/p>\n\n    <div class=\"xs_social_share_widget xs_share_url after_content \t\tmain_content  wslu-style-1 wslu-share-box-shaped wslu-fill-colored wslu-none wslu-share-horizontal wslu-theme-font-no wslu-main_content\">\n\n\t\t\n        <ul>\n\t\t\t        <\/ul>\n    <\/div>","protected":false},"excerpt":{"rendered":"<p>Biogance Algo Activ predstavlja sprej za negu dlake i krzna, stimuli\u0161e rast nove dlake, ubrzava proces obnavljanja i ja\u010danje dlake, namenjen i psima i ma\u010dkama<\/p>","protected":false},"featured_media":25417,"comment_status":"open","ping_status":"closed","template":"","meta":{"_acf_changed":false},"pwb-brand":[939],"product_cat":[23,80,388,47,104,389],"product_tag":[],"class_list":{"0":"post-25412","1":"product","2":"type-product","3":"status-publish","4":"has-post-thumbnail","6":"pwb-brand-biogance","7":"product_cat-macke","8":"product_cat-higijena-nega-macaka","9":"product_cat-higijenski-proizvodi","10":"product_cat-psi","11":"product_cat-higijena-i-nega-pasa","12":"product_cat-higijenski-proizvodi-higijena-i-nega-pasa","14":"first","15":"instock","16":"taxable","17":"shipping-taxable","18":"purchasable","19":"product-type-simple"},"acf":[],"brands":[{"id":939,"name":"Biogance","slug":"biogance"}],"_links":{"self":[{"href":"https:\/\/pawz.rs\/en\/wp-json\/wp\/v2\/product\/25412","targetHints":{"allow":["GET"]}}],"collection":[{"href":"https:\/\/pawz.rs\/en\/wp-json\/wp\/v2\/product"}],"about":[{"href":"https:\/\/pawz.rs\/en\/wp-json\/wp\/v2\/types\/product"}],"replies":[{"embeddable":true,"href":"https:\/\/pawz.rs\/en\/wp-json\/wp\/v2\/comments?post=25412"}],"wp:featuredmedia":[{"embeddable":true,"href":"https:\/\/pawz.rs\/en\/wp-json\/wp\/v2\/media\/25417"}],"wp:attachment":[{"href":"https:\/\/pawz.rs\/en\/wp-json\/wp\/v2\/media?parent=25412"}],"wp:term":[{"taxonomy":"pwb-brand","embeddable":true,"href":"https:\/\/pawz.rs\/en\/wp-json\/wp\/v2\/pwb-brand?post=25412"},{"taxonomy":"product_cat","embeddable":true,"href":"https:\/\/pawz.rs\/en\/wp-json\/wp\/v2\/product_cat?post=25412"},{"taxonomy":"product_tag","embeddable":true,"href":"https:\/\/pawz.rs\/en\/wp-json\/wp\/v2\/product_tag?post=25412"}],"curies":[{"name":"wp","href":"https:\/\/api.w.org\/{rel}","templated":true}]}}