{"id":25422,"date":"2024-05-24T15:00:47","date_gmt":"2024-05-24T13:00:47","guid":{"rendered":"https:\/\/pawz.rs\/?post_type=product&#038;p=25422"},"modified":"2025-06-29T20:02:44","modified_gmt":"2025-06-29T18:02:44","slug":"biogance-biospotix-cat-spot-on-5-x-1-ml","status":"publish","type":"product","link":"https:\/\/pawz.rs\/en\/biogance-biospotix-cat-spot-on-5-x-1-ml\/","title":{"rendered":"Biogance Biospotix Cat Spot On 5&#215;1 ml"},"content":{"rendered":"<p><strong>Biogance Biospotix Cat Spot On 5&#215;1 ml<\/strong><\/p>\n<p>Biospotix Cat Spot On je preparat protiv ko\u017enih parazita (buva, krpelja, va\u0161i \u2026 ) namenjen ma\u010dkama.<br \/>\nPrirodno i efikasno re\u0161enje za za\u0161titu od buva, krpelja, komaraca, va\u0161i i drugih spoljnjih parazita.<br \/>\nAktivni sastojak zasnovan na Geraniol eteri\u010dnim uljima, deluje tako \u0161to blokira respiratorni sistem insekata i slabi lepljivi omota\u010d pomo\u0107u koga se insekti dr\u017ee za krzno \u017eivotinje.<br \/>\nTrenutno deluje, obezbe\u017euju\u0107i i do 30 dana za\u0161titu od spoljnih parazita. Aktivni sastojci se kroz sebum sistematski \u0161ire po celoj dlaci.<\/p>\n<p><strong>Upotreba:<br \/>\n<\/strong>Nanosi se direktno na ko\u017eu ma\u010dke, od vrata ka repu. Za efikasnije delovanje, posle nano\u0161enja proizvoda, ma\u010dku dobro o\u010de\u0161ljajte. Postupak ponoviti jednom mese\u010dno ili posle svakog kupanja.<\/p>\n<p>Pakovanje sadr\u017ei\u00a0 5 ampula.<\/p>\n<p><strong>Doziranje:<\/strong>\u00a01 ampula za jednu primenu.<\/p>\n<p>Proizvo\u0111a\u010d:\u00a0BIOGANCE LABORATOIRE, Z.I. Anjou Atlantique &#8211; F &#8211; 49123, FRANCE<br \/>\nZemlja porekla: Francuska<\/p>\n\n    <div class=\"xs_social_share_widget xs_share_url after_content \t\tmain_content  wslu-style-1 wslu-share-box-shaped wslu-fill-colored wslu-none wslu-share-horizontal wslu-theme-font-no wslu-main_content\">\n\n\t\t\n        <ul>\n\t\t\t        <\/ul>\n    <\/div>","protected":false},"excerpt":{"rendered":"<p>Biogance Biospotix Cat Spot On je preparat namenjen za uklanjanje spolja\u0161njih parazita (buve, krpelji&#8230;), za ma\u010dke<\/p>","protected":false},"featured_media":25428,"comment_status":"open","ping_status":"closed","template":"","meta":{"_acf_changed":false},"pwb-brand":[939],"product_cat":[23,80,388],"product_tag":[],"class_list":{"0":"post-25422","1":"product","2":"type-product","3":"status-publish","4":"has-post-thumbnail","6":"pwb-brand-biogance","7":"product_cat-macke","8":"product_cat-higijena-nega-macaka","9":"product_cat-higijenski-proizvodi","11":"first","12":"instock","13":"taxable","14":"shipping-taxable","15":"purchasable","16":"product-type-simple"},"acf":[],"brands":[{"id":939,"name":"Biogance","slug":"biogance"}],"_links":{"self":[{"href":"https:\/\/pawz.rs\/en\/wp-json\/wp\/v2\/product\/25422","targetHints":{"allow":["GET"]}}],"collection":[{"href":"https:\/\/pawz.rs\/en\/wp-json\/wp\/v2\/product"}],"about":[{"href":"https:\/\/pawz.rs\/en\/wp-json\/wp\/v2\/types\/product"}],"replies":[{"embeddable":true,"href":"https:\/\/pawz.rs\/en\/wp-json\/wp\/v2\/comments?post=25422"}],"wp:featuredmedia":[{"embeddable":true,"href":"https:\/\/pawz.rs\/en\/wp-json\/wp\/v2\/media\/25428"}],"wp:attachment":[{"href":"https:\/\/pawz.rs\/en\/wp-json\/wp\/v2\/media?parent=25422"}],"wp:term":[{"taxonomy":"pwb-brand","embeddable":true,"href":"https:\/\/pawz.rs\/en\/wp-json\/wp\/v2\/pwb-brand?post=25422"},{"taxonomy":"product_cat","embeddable":true,"href":"https:\/\/pawz.rs\/en\/wp-json\/wp\/v2\/product_cat?post=25422"},{"taxonomy":"product_tag","embeddable":true,"href":"https:\/\/pawz.rs\/en\/wp-json\/wp\/v2\/product_tag?post=25422"}],"curies":[{"name":"wp","href":"https:\/\/api.w.org\/{rel}","templated":true}]}}