{"id":25429,"date":"2024-05-24T15:00:48","date_gmt":"2024-05-24T13:00:48","guid":{"rendered":"https:\/\/pawz.rs\/?post_type=product&#038;p=25429"},"modified":"2025-06-29T20:02:44","modified_gmt":"2025-06-29T18:02:44","slug":"biogance-biospotix-cat-kitten-collar","status":"publish","type":"product","link":"https:\/\/pawz.rs\/en\/biogance-biospotix-cat-kitten-collar\/","title":{"rendered":"Biogance Biospotix Cat Kitten Collar"},"content":{"rendered":"<p><strong>Biogance Biospotix Cat Kitten Collar<\/strong><\/p>\n<p>Biospotix \u00a0Cat Ogrlica Protiv Buva pru\u017ea stalnu za\u0161titu od ko\u017enih parazita (buva, krpelja, va\u0161i \u2026 ).<br \/>\nBrzo deluje \u0161ire\u0107i eteri\u010dna ulja kroz sebum po celoj dlaci. Vodootporna je i ne ispira se.<\/p>\n<p>Pru\u017ea i do 4 meseca za\u0161tite od spoljnih parazita. P<br \/>\nrirodno i efikasno re\u0161enje za za\u0161titu od buva, krpelja, komaraca, va\u0161i i drugih spoljnjih parazita.<br \/>\nAktivni sastojak zasnovan na Geraniol eteri\u010dnim uljima, deluje tako \u0161to blokira respiratorni sistem insekata i slabi lepljivi omota\u010d pomo\u0107u koga se insekti dr\u017ee za krzno \u017eivotinje.<\/p>\n<p><strong>Upotreba:<br \/>\n<\/strong>Stavite ogrlicu ma\u010dki oko vrata labavo, tako da mo\u017eete provu\u0107i dva prsta, a onda odsecite vi\u0161ak ogrlice.<\/p>\n<p><b>Savet:<br \/>\n<\/b>Vi\u0161ak odse\u010dene ogrlice stavite na mesto gde ma\u010dka naj\u010de\u0161\u0107e spava.<b><br \/>\n<\/b><\/p>\n<p>Proizvo\u0111a\u010d:\u00a0BIOGANCE LABORATOIRE, Z.I. Anjou Atlantique &#8211; F &#8211; 49123, FRANCE<br \/>\nZemlja porekla: Francuska<\/p>\n\n    <div class=\"xs_social_share_widget xs_share_url after_content \t\tmain_content  wslu-style-1 wslu-share-box-shaped wslu-fill-colored wslu-none wslu-share-horizontal wslu-theme-font-no wslu-main_content\">\n\n\t\t\n        <ul>\n\t\t\t        <\/ul>\n    <\/div>","protected":false},"excerpt":{"rendered":"<p>Biogance Biospotix Cat Kitten Collar je ogrlica koja je namenjena da odstrani parazite, poput buva krpelja, za ma\u010di\u0107e<\/p>","protected":false},"featured_media":25427,"comment_status":"open","ping_status":"closed","template":"","meta":{"_acf_changed":false},"pwb-brand":[939],"product_cat":[23,80,388],"product_tag":[],"class_list":{"0":"post-25429","1":"product","2":"type-product","3":"status-publish","4":"has-post-thumbnail","6":"pwb-brand-biogance","7":"product_cat-macke","8":"product_cat-higijena-nega-macaka","9":"product_cat-higijenski-proizvodi","11":"first","12":"instock","13":"taxable","14":"shipping-taxable","15":"purchasable","16":"product-type-simple"},"acf":[],"brands":[{"id":939,"name":"Biogance","slug":"biogance"}],"_links":{"self":[{"href":"https:\/\/pawz.rs\/en\/wp-json\/wp\/v2\/product\/25429","targetHints":{"allow":["GET"]}}],"collection":[{"href":"https:\/\/pawz.rs\/en\/wp-json\/wp\/v2\/product"}],"about":[{"href":"https:\/\/pawz.rs\/en\/wp-json\/wp\/v2\/types\/product"}],"replies":[{"embeddable":true,"href":"https:\/\/pawz.rs\/en\/wp-json\/wp\/v2\/comments?post=25429"}],"wp:featuredmedia":[{"embeddable":true,"href":"https:\/\/pawz.rs\/en\/wp-json\/wp\/v2\/media\/25427"}],"wp:attachment":[{"href":"https:\/\/pawz.rs\/en\/wp-json\/wp\/v2\/media?parent=25429"}],"wp:term":[{"taxonomy":"pwb-brand","embeddable":true,"href":"https:\/\/pawz.rs\/en\/wp-json\/wp\/v2\/pwb-brand?post=25429"},{"taxonomy":"product_cat","embeddable":true,"href":"https:\/\/pawz.rs\/en\/wp-json\/wp\/v2\/product_cat?post=25429"},{"taxonomy":"product_tag","embeddable":true,"href":"https:\/\/pawz.rs\/en\/wp-json\/wp\/v2\/product_tag?post=25429"}],"curies":[{"name":"wp","href":"https:\/\/api.w.org\/{rel}","templated":true}]}}