{"id":25431,"date":"2024-05-24T15:00:46","date_gmt":"2024-05-24T13:00:46","guid":{"rendered":"https:\/\/pawz.rs\/?post_type=product&#038;p=25431"},"modified":"2025-06-29T20:02:44","modified_gmt":"2025-06-29T18:02:44","slug":"biogance-biospotix-dog-spot-on-s-m-5-x-1-ml","status":"publish","type":"product","link":"https:\/\/pawz.rs\/en\/biogance-biospotix-dog-spot-on-s-m-5-x-1-ml\/","title":{"rendered":"Biogance Biospotix Dog Spot On S-M 5&#215;1 ml"},"content":{"rendered":"<p><strong>Biogance Biospotix Dog Spot On S-M 5&#215;1 ml<\/strong><\/p>\n<div>\n<div>\n<div>Preparat za za\u0161titu \u0161tenaca i odraslih pasa do 20kg od krpelja i ostalih parazita<\/div>\n<\/div>\n<div><\/div>\n<div>Preparat sa odbijaju\u0107im efektom za \u0161tenad od 3 meseca i odrasle pse svih rasa do 20 kg. Sasr\u017ei bezbojni neprozirni rastvor karakteristi\u010dnog mirisa.<br \/>\nEfikasan protiv buva, krpelja i komaraca koji sadr\u017ee ekstrakt biljke geraniol sa za\u0161titom od zaraze do 4 nedelje. Slu\u017ei kao prevencija protiv zaraze parazitima.<\/div>\n<\/div>\n<p><strong>Upotreba:<br \/>\n<\/strong>Nanosi se direktno na ko\u017eu \u017eivotinje (od lopatica do centra le\u0111a).<\/p>\n<p>Deluje odmah nakon upijanja u ko\u017eu. Za optimalnu za\u0161titu nanosite svake 4 nedelje ili odmah nakon kupanja.<\/p>\n<p>Posle nano\u0161enja o\u010distite kosu tako da se rastvor bolje \u0161iri po povr\u0161ini \u017eivotinje.<\/p>\n<p>Ne koristiti kod pasa sa povredama ko\u017ee, kod trudnih kuja i dojilja i \u0161tenaca mla\u0111ih od 3 meseca.\u00a0\u010cuvati van doma\u0161aja i pogleda dece.<strong><br \/>\n<\/strong><\/p>\n<p>Pakovanje sadr\u017ei 5 ampula.<\/p>\n<p><strong>Doziranje:<\/strong>\u00a01 ampula za jednu primenu.<\/p>\n<p>Proizvo\u0111a\u010d:\u00a0BIOGANCE LABORATOIRE, Z.I. Anjou Atlantique &#8211; F &#8211; 49123, FRANCE<br \/>\nZemlja porekla: Francuska<\/p>\n\n    <div class=\"xs_social_share_widget xs_share_url after_content \t\tmain_content  wslu-style-1 wslu-share-box-shaped wslu-fill-colored wslu-none wslu-share-horizontal wslu-theme-font-no wslu-main_content\">\n\n\t\t\n        <ul>\n\t\t\t        <\/ul>\n    <\/div>","protected":false},"excerpt":{"rendered":"<p>Biogance Biospotix Dog Spot On S-M je preparat protiv buva, krpelja i komaraca, namenjen \u0161tencima i odraslim psima do 20 kg<\/p>","protected":false},"featured_media":25425,"comment_status":"open","ping_status":"closed","template":"","meta":{"_acf_changed":false},"pwb-brand":[939],"product_cat":[104,389,47],"product_tag":[],"class_list":{"0":"post-25431","1":"product","2":"type-product","3":"status-publish","4":"has-post-thumbnail","6":"pwb-brand-biogance","7":"product_cat-higijena-i-nega-pasa","8":"product_cat-higijenski-proizvodi-higijena-i-nega-pasa","9":"product_cat-psi","11":"first","12":"instock","13":"taxable","14":"shipping-taxable","15":"purchasable","16":"product-type-simple"},"acf":[],"brands":[{"id":939,"name":"Biogance","slug":"biogance"}],"_links":{"self":[{"href":"https:\/\/pawz.rs\/en\/wp-json\/wp\/v2\/product\/25431","targetHints":{"allow":["GET"]}}],"collection":[{"href":"https:\/\/pawz.rs\/en\/wp-json\/wp\/v2\/product"}],"about":[{"href":"https:\/\/pawz.rs\/en\/wp-json\/wp\/v2\/types\/product"}],"replies":[{"embeddable":true,"href":"https:\/\/pawz.rs\/en\/wp-json\/wp\/v2\/comments?post=25431"}],"wp:featuredmedia":[{"embeddable":true,"href":"https:\/\/pawz.rs\/en\/wp-json\/wp\/v2\/media\/25425"}],"wp:attachment":[{"href":"https:\/\/pawz.rs\/en\/wp-json\/wp\/v2\/media?parent=25431"}],"wp:term":[{"taxonomy":"pwb-brand","embeddable":true,"href":"https:\/\/pawz.rs\/en\/wp-json\/wp\/v2\/pwb-brand?post=25431"},{"taxonomy":"product_cat","embeddable":true,"href":"https:\/\/pawz.rs\/en\/wp-json\/wp\/v2\/product_cat?post=25431"},{"taxonomy":"product_tag","embeddable":true,"href":"https:\/\/pawz.rs\/en\/wp-json\/wp\/v2\/product_tag?post=25431"}],"curies":[{"name":"wp","href":"https:\/\/api.w.org\/{rel}","templated":true}]}}