{"id":25432,"date":"2024-05-24T15:00:45","date_gmt":"2024-05-24T13:00:45","guid":{"rendered":"https:\/\/pawz.rs\/?post_type=product&#038;p=25432"},"modified":"2025-06-29T20:02:44","modified_gmt":"2025-06-29T18:02:44","slug":"biogance-biospotix-large-dog-collar","status":"publish","type":"product","link":"https:\/\/pawz.rs\/en\/biogance-biospotix-large-dog-collar\/","title":{"rendered":"Biogance Biospotix Large Dog Collar"},"content":{"rendered":"<p><strong>Biogance Biospotix Large Dog Collar<\/strong><\/p>\n<p>Ogrlica protiv ko\u017enih parazita za velike rase upotrebljava\u00a0 se kao repelentna ogrlica protiv buva, krpelja i va\u0161i, za pse \u010dija je te\u017eina preko 25 kg.<\/p>\n<p>Vreme koje je potrebno da buve, krpelji i va\u0161i potpuno napuste krzno je 24 sata od momenta postavljanja.<br \/>\nOgrlica pru\u017ea za\u0161titu 120 dana. Primena repelentnog sredstva sprovoditi jednom u 4 meseca.<\/p>\n<p><strong>Upotreba:<br \/>\n<\/strong>Postaviti ogrlicu labavo oko vrata psa, tako da se mogu provu\u0107i dva prsta. Fiksirati ogrlicu i odse\u0107i vi\u0161ak du\u017eine.<\/p>\n<p><b>Savet:<br \/>\n<\/b>Vi\u0161ak odse\u010dene ogrlice stavite na mesto gde \u017eivotinja naj\u010de\u0161\u0107e spava, u korpu ili ku\u0107icu.<\/p>\n<p>Proizvo\u0111a\u010d:\u00a0BIOGANCE LABORATOIRE, Z.I. Anjou Atlantique &#8211; F &#8211; 49123, FRANCE<br \/>\nZemlja porekla: Francuska<\/p>\n\n    <div class=\"xs_social_share_widget xs_share_url after_content \t\tmain_content  wslu-style-1 wslu-share-box-shaped wslu-fill-colored wslu-none wslu-share-horizontal wslu-theme-font-no wslu-main_content\">\n\n\t\t\n        <ul>\n\t\t\t        <\/ul>\n    <\/div>","protected":false},"excerpt":{"rendered":"<p>Biogance Biospotix Large Dog Collar je ogrlica protiv buva, krpelja i ostalih spolja\u0161njih parazita, namenjena za velike pse, preko 25 kg<\/p>","protected":false},"featured_media":25424,"comment_status":"open","ping_status":"closed","template":"","meta":{"_acf_changed":false,"_aa_vp_cena":"","_aa_online_cena":""},"pwb-brand":[939],"product_cat":[104,389,47],"product_tag":[],"class_list":{"0":"post-25432","1":"product","2":"type-product","3":"status-publish","4":"has-post-thumbnail","6":"pwb-brand-biogance","7":"product_cat-higijena-i-nega-pasa","8":"product_cat-higijenski-proizvodi-higijena-i-nega-pasa","9":"product_cat-psi","11":"first","12":"instock","13":"taxable","14":"shipping-taxable","15":"purchasable","16":"product-type-simple"},"acf":[],"brands":[{"id":939,"name":"Biogance","slug":"biogance"}],"_links":{"self":[{"href":"https:\/\/pawz.rs\/en\/wp-json\/wp\/v2\/product\/25432","targetHints":{"allow":["GET"]}}],"collection":[{"href":"https:\/\/pawz.rs\/en\/wp-json\/wp\/v2\/product"}],"about":[{"href":"https:\/\/pawz.rs\/en\/wp-json\/wp\/v2\/types\/product"}],"replies":[{"embeddable":true,"href":"https:\/\/pawz.rs\/en\/wp-json\/wp\/v2\/comments?post=25432"}],"wp:featuredmedia":[{"embeddable":true,"href":"https:\/\/pawz.rs\/en\/wp-json\/wp\/v2\/media\/25424"}],"wp:attachment":[{"href":"https:\/\/pawz.rs\/en\/wp-json\/wp\/v2\/media?parent=25432"}],"wp:term":[{"taxonomy":"pwb-brand","embeddable":true,"href":"https:\/\/pawz.rs\/en\/wp-json\/wp\/v2\/pwb-brand?post=25432"},{"taxonomy":"product_cat","embeddable":true,"href":"https:\/\/pawz.rs\/en\/wp-json\/wp\/v2\/product_cat?post=25432"},{"taxonomy":"product_tag","embeddable":true,"href":"https:\/\/pawz.rs\/en\/wp-json\/wp\/v2\/product_tag?post=25432"}],"curies":[{"name":"wp","href":"https:\/\/api.w.org\/{rel}","templated":true}]}}