{"id":25442,"date":"2024-05-24T15:00:22","date_gmt":"2024-05-24T13:00:22","guid":{"rendered":"https:\/\/pawz.rs\/?post_type=product&#038;p=25442"},"modified":"2025-06-29T20:02:44","modified_gmt":"2025-06-29T18:02:44","slug":"biogance-clean-eyes-cat-100-ml","status":"publish","type":"product","link":"https:\/\/pawz.rs\/en\/biogance-clean-eyes-cat-100-ml\/","title":{"rendered":"Biogance Clean Eyes Cat 100 ml"},"content":{"rendered":"<p><strong>Biogance Clean Eyes Cat 100 ml<\/strong><\/p>\n<div id=\"tab-description\" class=\"woocommerce-Tabs-panel woocommerce-Tabs-panel--description panel entry-content wc-tab\" role=\"tabpanel\" aria-labelledby=\"tab-title-description\">Ne\u017eno sredstvo za negu o\u010diju. Formula je obogac\u0301ena ru\u017einom i kukuruznom vodom za jo\u0161 bolju higijenu oko o\u010diju i sluzoko\u017ee.<br \/>\nPrirodni sastojci pro\u010di\u0161c\u0301avaju i \u0161tite o\u010di od isu\u0161ivanja. Efekat upotrebe preparata je uklanjanje \u017eutih mrlja oko o\u010diju, a dlaka ostaje \u010dista i negovana.<\/div>\n<p><strong>Upotreba:<br \/>\n<\/strong>Naneti sredstvo na pamu\u010dnu podlogu, ne\u017eno o\u010distiti podru\u010dje oko o\u010diju, umasirati. Koristite dva puta nedeljno ili ponovite ukoliko je potrebno.<\/p>\n<p>Ne sadr\u017ei parabone, fenokietanole, \u017eivotinjska ulja i ve\u0161ta\u010dke boje.<\/p>\n<p>Proizvo\u0111a\u010d:\u00a0BIOGANCE LABORATOIRE, Z.I. Anjou Atlantique &#8211; F &#8211; 49123, FRANCE<br \/>\nZemlja porekla: Francuska<\/p>\n\n    <div class=\"xs_social_share_widget xs_share_url after_content \t\tmain_content  wslu-style-1 wslu-share-box-shaped wslu-fill-colored wslu-none wslu-share-horizontal wslu-theme-font-no wslu-main_content\">\n\n\t\t\n        <ul>\n\t\t\t        <\/ul>\n    <\/div>","protected":false},"excerpt":{"rendered":"<p>Biogance Clean Eyes je preparat namenjen nezi o\u010diju, uklanja \u017eute mrlje oko o\u010diju, namenjeno ma\u010dkama<\/p>","protected":false},"featured_media":25439,"comment_status":"open","ping_status":"closed","template":"","meta":{"_acf_changed":false},"pwb-brand":[939],"product_cat":[80,388,23],"product_tag":[],"class_list":{"0":"post-25442","1":"product","2":"type-product","3":"status-publish","4":"has-post-thumbnail","6":"pwb-brand-biogance","7":"product_cat-higijena-nega-macaka","8":"product_cat-higijenski-proizvodi","9":"product_cat-macke","11":"first","12":"instock","13":"taxable","14":"shipping-taxable","15":"purchasable","16":"product-type-simple"},"acf":[],"brands":[{"id":939,"name":"Biogance","slug":"biogance"}],"_links":{"self":[{"href":"https:\/\/pawz.rs\/en\/wp-json\/wp\/v2\/product\/25442","targetHints":{"allow":["GET"]}}],"collection":[{"href":"https:\/\/pawz.rs\/en\/wp-json\/wp\/v2\/product"}],"about":[{"href":"https:\/\/pawz.rs\/en\/wp-json\/wp\/v2\/types\/product"}],"replies":[{"embeddable":true,"href":"https:\/\/pawz.rs\/en\/wp-json\/wp\/v2\/comments?post=25442"}],"wp:featuredmedia":[{"embeddable":true,"href":"https:\/\/pawz.rs\/en\/wp-json\/wp\/v2\/media\/25439"}],"wp:attachment":[{"href":"https:\/\/pawz.rs\/en\/wp-json\/wp\/v2\/media?parent=25442"}],"wp:term":[{"taxonomy":"pwb-brand","embeddable":true,"href":"https:\/\/pawz.rs\/en\/wp-json\/wp\/v2\/pwb-brand?post=25442"},{"taxonomy":"product_cat","embeddable":true,"href":"https:\/\/pawz.rs\/en\/wp-json\/wp\/v2\/product_cat?post=25442"},{"taxonomy":"product_tag","embeddable":true,"href":"https:\/\/pawz.rs\/en\/wp-json\/wp\/v2\/product_tag?post=25442"}],"curies":[{"name":"wp","href":"https:\/\/api.w.org\/{rel}","templated":true}]}}