{"id":25444,"date":"2024-05-24T15:00:21","date_gmt":"2024-05-24T13:00:21","guid":{"rendered":"https:\/\/pawz.rs\/?post_type=product&#038;p=25444"},"modified":"2025-06-29T20:02:44","modified_gmt":"2025-06-29T18:02:44","slug":"biogance-clean-eyes-lotion-100-ml","status":"publish","type":"product","link":"https:\/\/pawz.rs\/en\/biogance-clean-eyes-lotion-100-ml\/","title":{"rendered":"Biogance Clean Eyes Lotion 100 ml"},"content":{"rendered":"<p><strong>Biogance Clean Eyes Lotion 100 ml<\/strong><\/p>\n<div id=\"tab-description\" class=\"woocommerce-Tabs-panel woocommerce-Tabs-panel--description panel entry-content wc-tab\" role=\"tabpanel\" aria-labelledby=\"tab-title-description\">Clean Eye lotion za \u010di\u0161\u0107enje, sa ekstraktom razli\u010dka i ru\u017einom vodicom za savr\u0161enu higijenu o\u010diju i sluznice.<br \/>\nZahvaljuju\u0107i svojim antibakterijskim i antioksidantnim svojstvima, razli\u010dak smiruje upaljenu i nadra\u017eenu ko\u017eu nastalu usled kiselosti suza.<br \/>\nRu\u017eina vodica poma\u017ee ishranu i hidrataciju krzna pa je ono sjajno i mekano istovremeno ostavljaju\u0107i prijatan miris. 100% prirodno i efikasno re\u0161enje za uklanjanje tragova suza i ne\u010disto\u0107a oko o\u010diju.<\/div>\n<p><strong>Upotreba:<br \/>\n<\/strong>Nanesite losion na vatu, ne\u017eno o\u010distite i izmasirajte predeo oko o\u010diju najmanje dva puta nedeljno. Bezbedan i netoksi\u010dan, pogodan za \u010destu upotrebu.<\/p>\n<p>Ne sadr\u017ei parabone, fenokietanole, \u017eivotinjska ulja i ve\u0161ta\u010dke boje.<\/p>\n<p>Proizvo\u0111a\u010d:\u00a0BIOGANCE LABORATOIRE, Z.I. Anjou Atlantique &#8211; F &#8211; 49123, FRANCE<br \/>\nZemlja porekla: Francuska<\/p>\n\n    <div class=\"xs_social_share_widget xs_share_url after_content \t\tmain_content  wslu-style-1 wslu-share-box-shaped wslu-fill-colored wslu-none wslu-share-horizontal wslu-theme-font-no wslu-main_content\">\n\n\t\t\n        <ul>\n\t\t\t        <\/ul>\n    <\/div>","protected":false},"excerpt":{"rendered":"<p>Biogance Clean Eyes Lotion sa ru\u017einom vodicom formulisana za higijenu o\u010diju i sluznice, kod pasa i ma\u010daka<\/p>","protected":false},"featured_media":25439,"comment_status":"open","ping_status":"closed","template":"","meta":{"_acf_changed":false},"pwb-brand":[939],"product_cat":[23,80,388],"product_tag":[],"class_list":{"0":"post-25444","1":"product","2":"type-product","3":"status-publish","4":"has-post-thumbnail","6":"pwb-brand-biogance","7":"product_cat-macke","8":"product_cat-higijena-nega-macaka","9":"product_cat-higijenski-proizvodi","11":"first","12":"instock","13":"taxable","14":"shipping-taxable","15":"purchasable","16":"product-type-simple"},"acf":[],"brands":[{"id":939,"name":"Biogance","slug":"biogance"}],"_links":{"self":[{"href":"https:\/\/pawz.rs\/en\/wp-json\/wp\/v2\/product\/25444","targetHints":{"allow":["GET"]}}],"collection":[{"href":"https:\/\/pawz.rs\/en\/wp-json\/wp\/v2\/product"}],"about":[{"href":"https:\/\/pawz.rs\/en\/wp-json\/wp\/v2\/types\/product"}],"replies":[{"embeddable":true,"href":"https:\/\/pawz.rs\/en\/wp-json\/wp\/v2\/comments?post=25444"}],"wp:featuredmedia":[{"embeddable":true,"href":"https:\/\/pawz.rs\/en\/wp-json\/wp\/v2\/media\/25439"}],"wp:attachment":[{"href":"https:\/\/pawz.rs\/en\/wp-json\/wp\/v2\/media?parent=25444"}],"wp:term":[{"taxonomy":"pwb-brand","embeddable":true,"href":"https:\/\/pawz.rs\/en\/wp-json\/wp\/v2\/pwb-brand?post=25444"},{"taxonomy":"product_cat","embeddable":true,"href":"https:\/\/pawz.rs\/en\/wp-json\/wp\/v2\/product_cat?post=25444"},{"taxonomy":"product_tag","embeddable":true,"href":"https:\/\/pawz.rs\/en\/wp-json\/wp\/v2\/product_tag?post=25444"}],"curies":[{"name":"wp","href":"https:\/\/api.w.org\/{rel}","templated":true}]}}