{"id":25447,"date":"2024-05-24T15:00:18","date_gmt":"2024-05-24T13:00:18","guid":{"rendered":"https:\/\/pawz.rs\/?post_type=product&#038;p=25447"},"modified":"2024-05-24T15:00:19","modified_gmt":"2024-05-24T13:00:19","slug":"biogance-clean-puppy-eye-50-ml","status":"publish","type":"product","link":"https:\/\/pawz.rs\/en\/biogance-clean-puppy-eye-50-ml\/","title":{"rendered":"Biogance Clean Puppy Eye 50 ml"},"content":{"rendered":"<p><strong>Biogance Clean Puppy Eye 50 ml<\/strong><\/p>\n<div id=\"tab-description\" class=\"woocommerce-Tabs-panel woocommerce-Tabs-panel--description panel entry-content wc-tab\" role=\"tabpanel\" aria-labelledby=\"tab-title-description\">\n<div>Biogance Puppy Eye\u00a0je formulisan sa\u00a0zelenim \u010dajem\u00a0za ne\u017eno \u010di\u0161c\u0301enje i poma\u017ee u smanjenju sme\u0111ih mrlja koje se mogu pojaviti na podru\u010dju oko va\u0161eg ljubimca.<\/div>\n<div>Njegov na\u010din primene u kanilu omoguc\u0301ava ne\u017eno \u010di\u0161c\u0301enje i pogodnije za va\u0161e \u0161tene.<\/div>\n<p>Biogence je prva francuska linija za higijenu i negu ljubimaca, direktno inspirisana prirodom i posebno formulisana sa prirodnim i organskim aktivnim sastojcima koji \u0161tite na\u0161e ljubimce i \u017eivotnu sredinu. Ne sadr\u017ei parabone, fenokietanole, \u017eivotinjska ulja i ve\u0161ta\u010dke boje. Efikasni i prirodni proizvodi neguju krzno ljubimaca i smanjuju rizik od nastanka alergija.<\/p>\n<p>Biogance je dinami\u010dna kompanija u kojoj veterinari, farmaceuti i hemi\u010dari kombinuju svoju stru\u010dnost za ve\u0107u dobrobit na\u0161ih ljubimaca.<\/p>\n<\/div>\n<p><strong>Upotreba:<br \/>\n<\/strong>Nanesite na vatu i dva puta nedeljno ne\u017eno trljajte podru\u010dje oko o\u010diju. Izbegavajte kontakt sa o\u010dima va\u0161eg \u0161teneta.<\/p>\n<p>Proizvo\u0111a\u010d:\u00a0BIOGANCE LABORATOIRE, Z.I. Anjou Atlantique &#8211; F &#8211; 49123, FRANCE<br \/>\nZemlja porekla: Francuska<\/p>\n\n    <div class=\"xs_social_share_widget xs_share_url after_content \t\tmain_content  wslu-style-1 wslu-share-box-shaped wslu-fill-colored wslu-none wslu-share-horizontal wslu-theme-font-no wslu-main_content\">\n\n\t\t\n        <ul>\n\t\t\t        <\/ul>\n    <\/div>","protected":false},"excerpt":{"rendered":"<p>Biogance Puppy Eye je losion za \u010di\u0161\u0107enje o\u010diju kod \u0161tenaca<\/p>","protected":false},"featured_media":25435,"comment_status":"open","ping_status":"closed","template":"","meta":{"_acf_changed":false},"pwb-brand":[939],"product_cat":[104,389,47],"product_tag":[],"class_list":{"0":"post-25447","1":"product","2":"type-product","3":"status-publish","4":"has-post-thumbnail","6":"pwb-brand-biogance","7":"product_cat-higijena-i-nega-pasa","8":"product_cat-higijenski-proizvodi-higijena-i-nega-pasa","9":"product_cat-psi","11":"first","12":"instock","13":"taxable","14":"shipping-taxable","15":"purchasable","16":"product-type-simple"},"acf":[],"brands":[{"id":939,"name":"Biogance","slug":"biogance"}],"_links":{"self":[{"href":"https:\/\/pawz.rs\/en\/wp-json\/wp\/v2\/product\/25447","targetHints":{"allow":["GET"]}}],"collection":[{"href":"https:\/\/pawz.rs\/en\/wp-json\/wp\/v2\/product"}],"about":[{"href":"https:\/\/pawz.rs\/en\/wp-json\/wp\/v2\/types\/product"}],"replies":[{"embeddable":true,"href":"https:\/\/pawz.rs\/en\/wp-json\/wp\/v2\/comments?post=25447"}],"wp:featuredmedia":[{"embeddable":true,"href":"https:\/\/pawz.rs\/en\/wp-json\/wp\/v2\/media\/25435"}],"wp:attachment":[{"href":"https:\/\/pawz.rs\/en\/wp-json\/wp\/v2\/media?parent=25447"}],"wp:term":[{"taxonomy":"pwb-brand","embeddable":true,"href":"https:\/\/pawz.rs\/en\/wp-json\/wp\/v2\/pwb-brand?post=25447"},{"taxonomy":"product_cat","embeddable":true,"href":"https:\/\/pawz.rs\/en\/wp-json\/wp\/v2\/product_cat?post=25447"},{"taxonomy":"product_tag","embeddable":true,"href":"https:\/\/pawz.rs\/en\/wp-json\/wp\/v2\/product_tag?post=25447"}],"curies":[{"name":"wp","href":"https:\/\/api.w.org\/{rel}","templated":true}]}}