{"id":25457,"date":"2024-05-24T15:00:14","date_gmt":"2024-05-24T13:00:14","guid":{"rendered":"https:\/\/pawz.rs\/?post_type=product&#038;p=25457"},"modified":"2024-05-24T15:00:15","modified_gmt":"2024-05-24T13:00:15","slug":"biogance-phytocare-joint-200-ml","status":"publish","type":"product","link":"https:\/\/pawz.rs\/en\/biogance-phytocare-joint-200-ml\/","title":{"rendered":"Biogance Phytocare Joint+ 200 ml"},"content":{"rendered":"<p><strong>Biogance Phytocare Joint+ 200 ml<\/strong><\/p>\n<p>Biogance Phytocare\u00a0JOINT+ je preparat napravljen od 100% prirodnih sastojaka. Namenjen je za negu i odr\u017eavanje zdravlja zglobova i hrskavica, osloba\u0111a i pobolj\u0161ava mobilnost i op\u0161te stanje ljubimca.<br \/>\nSadr\u017ei ekstrakte\u00a0bambusa,\u00a0breze\u00a0i\u00a0spirea-e. Oboga\u0107en je kalcijumom koji obezbe\u0111uje pravilan razvoj kostiju, kvalitetan i zdrav rast i vitalnost.<\/p>\n<p>Phytocare\u00a0dodaci ishrani su napravljeni od 100% prirodnih sastojaka. Za dobrobit na\u0161ih ljubimaca, i kako bi pomogli u promovisanju zdrave ravnote\u017ee metabolizma, Biogance labaratorije su formulisale niz zdravstvenih dodataka.<br \/>\nPhytocare te\u010dni rastvori su pogodni i laki za upotrebu, jednostavnim dodavanjem u hranu ili vodu.<\/p>\n<p><strong>Sastav:<\/strong><br \/>\nVoda, arome, agensi za zgu\u0161njavanje ksantan guma, mikroelementi: Kalcijum, estrakt bambusa, ekstrakt breze, ekstrakt spirea-e, limunska kiselina, E202 ( kalijum sorbat ), E211(natrijum benzoat).<\/p>\n<p><strong>Upotreba:<\/strong><br \/>\nPromu\u0107kati pre upotrebe. Pome\u0161ati sa hranom jednom dnevno.<\/p>\n<p><strong>Upozorenje:<br \/>\n<\/strong>Ovaj preparat ne zamenjuje raznovrsnu ishranu niti tretmane sa lekovima! Ne prekora\u010divati dnevnu dozu! \u010cuvati van doma\u0161aja dece! \u010cuvati na hladnom, suvom mestu, dalje od svetlosti!<\/p>\n<p>Proizvo\u0111a\u010d:\u00a0BIOGANCE LABORATOIRE, Z.I. Anjou Atlantique &#8211; F &#8211; 49123, FRANCE<br \/>\nZemlja porekla: Francuska<\/p>\n\n    <div class=\"xs_social_share_widget xs_share_url after_content \t\tmain_content  wslu-style-1 wslu-share-box-shaped wslu-fill-colored wslu-none wslu-share-horizontal wslu-theme-font-no wslu-main_content\">\n\n\t\t\n        <ul>\n\t\t\t        <\/ul>\n    <\/div>","protected":false},"excerpt":{"rendered":"<p>Biogance Phytocare Joint+ je preparat za negu hrskavice i tglobova, namenjen psima i ma\u010dkama<\/p>","protected":false},"featured_media":25455,"comment_status":"open","ping_status":"closed","template":"","meta":{"_acf_changed":false},"pwb-brand":[939],"product_cat":[23,47,414,391],"product_tag":[],"class_list":{"0":"post-25457","1":"product","2":"type-product","3":"status-publish","4":"has-post-thumbnail","6":"pwb-brand-biogance","7":"product_cat-macke","8":"product_cat-psi","9":"product_cat-vitamini-suplementi-i-preparati-za-macke","10":"product_cat-vitamini-suplementi-i-preparati-za-pse","12":"first","13":"instock","14":"taxable","15":"shipping-taxable","16":"purchasable","17":"product-type-simple"},"acf":[],"brands":[{"id":939,"name":"Biogance","slug":"biogance"}],"_links":{"self":[{"href":"https:\/\/pawz.rs\/en\/wp-json\/wp\/v2\/product\/25457","targetHints":{"allow":["GET"]}}],"collection":[{"href":"https:\/\/pawz.rs\/en\/wp-json\/wp\/v2\/product"}],"about":[{"href":"https:\/\/pawz.rs\/en\/wp-json\/wp\/v2\/types\/product"}],"replies":[{"embeddable":true,"href":"https:\/\/pawz.rs\/en\/wp-json\/wp\/v2\/comments?post=25457"}],"wp:featuredmedia":[{"embeddable":true,"href":"https:\/\/pawz.rs\/en\/wp-json\/wp\/v2\/media\/25455"}],"wp:attachment":[{"href":"https:\/\/pawz.rs\/en\/wp-json\/wp\/v2\/media?parent=25457"}],"wp:term":[{"taxonomy":"pwb-brand","embeddable":true,"href":"https:\/\/pawz.rs\/en\/wp-json\/wp\/v2\/pwb-brand?post=25457"},{"taxonomy":"product_cat","embeddable":true,"href":"https:\/\/pawz.rs\/en\/wp-json\/wp\/v2\/product_cat?post=25457"},{"taxonomy":"product_tag","embeddable":true,"href":"https:\/\/pawz.rs\/en\/wp-json\/wp\/v2\/product_tag?post=25457"}],"curies":[{"name":"wp","href":"https:\/\/api.w.org\/{rel}","templated":true}]}}