{"id":25459,"date":"2024-05-24T15:00:16","date_gmt":"2024-05-24T13:00:16","guid":{"rendered":"https:\/\/pawz.rs\/?post_type=product&#038;p=25459"},"modified":"2024-05-24T15:00:16","modified_gmt":"2024-05-24T13:00:16","slug":"biogance-phytocare-phytomalt-200-ml","status":"publish","type":"product","link":"https:\/\/pawz.rs\/en\/biogance-phytocare-phytomalt-200-ml\/","title":{"rendered":"Biogance Phytocare Phytomalt 200 ml"},"content":{"rendered":"<p><strong>Biogance Phytocare Phytomalt 200 ml<\/strong><\/p>\n<p>Biogance Phytocare PHYTOMALT je digestivni stimulant na bazi slada i parafina koji poma\u017eu da se lak\u0161e izlu\u010di progutala dlaka. Istovremeno reguli\u0161e varenje, spre\u010dava zatvor, povra\u0107anje i pojavu novih klupka dlake. Oboga\u0107en je\u00a0probiotikom\u00a0i poma\u017ee pri odr\u017eavanju balansa crevne flore i efikasnog varenja.<\/p>\n<p>Phytocare\u00a0dodaci ishrani su napravljeni od 100% prirodnih sastojaka. Za dobrobit na\u0161ih ljubimaca, i kako bi pomogli u promovisanju zdrave ravnote\u017ee metabolizma, Biogance labaratorije su formulisale niz zdravstvenih dodataka.<br \/>\nPhytocare te\u010dni rastvori su pogodni i laki za upotrebu, jednostavnim dodavanjem u hranu ili vodu.<\/p>\n<p><strong>Sastav:<\/strong><br \/>\nVoda, ekstrakt slada, glycerin iz povr\u0107a, te\u010dni parafin, sredstvo za zgu\u0161njavanje: ksantan guma, limunska kiselina, E 202 (kalijum-sorbat), E211 (natrijum benzoat).<\/p>\n<p><strong>Upotreba:<\/strong><br \/>\nPromu\u0107kati pre upotrebe. Pome\u0161ati sa hranom jednom dnevno.<\/p>\n<p><strong>Preporu\u010dena dnevna koli\u010dina:\u00a0<\/strong>2.5 ml<\/p>\n<p><strong>Upozorenje:<br \/>\n<\/strong>Ovaj preparat ne zamenjuje raznovrsnu ishranu niti tretmane sa lekovima! Ne prekora\u010divati dnevnu dozu! \u010cuvati van doma\u0161aja dece! \u010cuvati na hladnom, suvom mestu, dalje od svetlosti!<\/p>\n<p>Proizvo\u0111a\u010d:\u00a0BIOGANCE LABORATOIRE, Z.I. Anjou Atlantique &#8211; F &#8211; 49123, FRANCE<br \/>\nZemlja porekla: Francuska<\/p>\n\n    <div class=\"xs_social_share_widget xs_share_url after_content \t\tmain_content  wslu-style-1 wslu-share-box-shaped wslu-fill-colored wslu-none wslu-share-horizontal wslu-theme-font-no wslu-main_content\">\n\n\t\t\n        <ul>\n\t\t\t        <\/ul>\n    <\/div>","protected":false},"excerpt":{"rendered":"<p>Biogance Phytocare Phytomalt je preparat za izbacivanje progutale dlake, za pse i ma\u010dke<\/p>","protected":false},"featured_media":25453,"comment_status":"open","ping_status":"closed","template":"","meta":{"_acf_changed":false},"pwb-brand":[939],"product_cat":[23,414,47,391],"product_tag":[],"class_list":{"0":"post-25459","1":"product","2":"type-product","3":"status-publish","4":"has-post-thumbnail","6":"pwb-brand-biogance","7":"product_cat-macke","8":"product_cat-vitamini-suplementi-i-preparati-za-macke","9":"product_cat-psi","10":"product_cat-vitamini-suplementi-i-preparati-za-pse","12":"first","13":"instock","14":"taxable","15":"shipping-taxable","16":"purchasable","17":"product-type-simple"},"acf":[],"brands":[{"id":939,"name":"Biogance","slug":"biogance"}],"_links":{"self":[{"href":"https:\/\/pawz.rs\/en\/wp-json\/wp\/v2\/product\/25459","targetHints":{"allow":["GET"]}}],"collection":[{"href":"https:\/\/pawz.rs\/en\/wp-json\/wp\/v2\/product"}],"about":[{"href":"https:\/\/pawz.rs\/en\/wp-json\/wp\/v2\/types\/product"}],"replies":[{"embeddable":true,"href":"https:\/\/pawz.rs\/en\/wp-json\/wp\/v2\/comments?post=25459"}],"wp:featuredmedia":[{"embeddable":true,"href":"https:\/\/pawz.rs\/en\/wp-json\/wp\/v2\/media\/25453"}],"wp:attachment":[{"href":"https:\/\/pawz.rs\/en\/wp-json\/wp\/v2\/media?parent=25459"}],"wp:term":[{"taxonomy":"pwb-brand","embeddable":true,"href":"https:\/\/pawz.rs\/en\/wp-json\/wp\/v2\/pwb-brand?post=25459"},{"taxonomy":"product_cat","embeddable":true,"href":"https:\/\/pawz.rs\/en\/wp-json\/wp\/v2\/product_cat?post=25459"},{"taxonomy":"product_tag","embeddable":true,"href":"https:\/\/pawz.rs\/en\/wp-json\/wp\/v2\/product_tag?post=25459"}],"curies":[{"name":"wp","href":"https:\/\/api.w.org\/{rel}","templated":true}]}}