{"id":25461,"date":"2024-05-24T15:00:13","date_gmt":"2024-05-24T13:00:13","guid":{"rendered":"https:\/\/pawz.rs\/?post_type=product&#038;p=25461"},"modified":"2024-05-24T15:00:14","modified_gmt":"2024-05-24T13:00:14","slug":"biogance-phytocare-vital-200-ml","status":"publish","type":"product","link":"https:\/\/pawz.rs\/en\/biogance-phytocare-vital-200-ml\/","title":{"rendered":"Biogance Phytocare Vital+ 200 ml"},"content":{"rendered":"<p><strong>Biogance Phytocare Vital+ 200 ml<\/strong><\/p>\n<p>Biogance\u00a0Phytocare VITAL+ je preparat namenjen psima i ma\u010dkama koji pobolj\u0161ava op\u0161te zdravstveno stanje organizma. Sadr\u017ei\u00a0riblje ulje, koje je bogato prirodnim vitaminima A, E i D. Pobolj\u0161ava imuni sistem i na taj na\u010din vra\u0107a vitalnost i energiju. Tako\u0111e sadr\u017ei ulje semenki gro\u017e\u0111a, antioksidante, magnezijum i gvo\u017e\u0111e.<\/p>\n<p>Phytocare\u00a0dodaci ishrani su napravljeni od 100% prirodnih sastojaka. Za dobrobit na\u0161ih ljubimaca, i kako bi pomogli u promovisanju zdrave ravnote\u017ee metabolizma, Biogance labaratorije su formulisale niz zdravstvenih dodataka.<br \/>\nPhytocare te\u010dni rastvori su pogodni i laki za upotrebu, jednostavnim dodavanjem u hranu ili vodu.<\/p>\n<p><b>Sastav:<br \/>\n<\/b>Ulje repice, ulje jetre bakalara, aromu, antioksidant (me\u0161avina tokoferola), oligo elemente: Mangan (glukonat), gvo\u017e\u0111e (glukonat).<b><br \/>\n<\/b><\/p>\n<p><strong>Upotreba:<\/strong><br \/>\nPromu\u0107kati pre upotrebe. Pome\u0161ati sa hranom jednom dnevno.<\/p>\n<p><strong>Upozorenje:<br \/>\n<\/strong>Ovaj preparat ne zamenjuje raznovrsnu ishranu niti tretmane sa lekovima! Ne prekora\u010divati dnevnu dozu! \u010cuvati van doma\u0161aja dece! \u010cuvati na hladnom, suvom mestu, dalje od svetlosti!<\/p>\n<p>Proizvo\u0111a\u010d:\u00a0BIOGANCE LABORATOIRE, Z.I. Anjou Atlantique &#8211; F &#8211; 49123, FRANCE<br \/>\nZemlja porekla: Francuska<\/p>\n\n    <div class=\"xs_social_share_widget xs_share_url after_content \t\tmain_content  wslu-style-1 wslu-share-box-shaped wslu-fill-colored wslu-none wslu-share-horizontal wslu-theme-font-no wslu-main_content\">\n\n\t\t\n        <ul>\n\t\t\t        <\/ul>\n    <\/div>","protected":false},"excerpt":{"rendered":"<p>Biogance Phytocare Vital je preparat koji popravlja op\u0161te zdravstveno stanje organizma kod pasa i ma\u010daka<\/p>","protected":false},"featured_media":25451,"comment_status":"open","ping_status":"closed","template":"","meta":{"_acf_changed":false},"pwb-brand":[939],"product_cat":[23,414,47,391],"product_tag":[],"class_list":{"0":"post-25461","1":"product","2":"type-product","3":"status-publish","4":"has-post-thumbnail","6":"pwb-brand-biogance","7":"product_cat-macke","8":"product_cat-vitamini-suplementi-i-preparati-za-macke","9":"product_cat-psi","10":"product_cat-vitamini-suplementi-i-preparati-za-pse","12":"first","13":"instock","14":"taxable","15":"shipping-taxable","16":"purchasable","17":"product-type-simple"},"acf":[],"brands":[{"id":939,"name":"Biogance","slug":"biogance"}],"_links":{"self":[{"href":"https:\/\/pawz.rs\/en\/wp-json\/wp\/v2\/product\/25461","targetHints":{"allow":["GET"]}}],"collection":[{"href":"https:\/\/pawz.rs\/en\/wp-json\/wp\/v2\/product"}],"about":[{"href":"https:\/\/pawz.rs\/en\/wp-json\/wp\/v2\/types\/product"}],"replies":[{"embeddable":true,"href":"https:\/\/pawz.rs\/en\/wp-json\/wp\/v2\/comments?post=25461"}],"wp:featuredmedia":[{"embeddable":true,"href":"https:\/\/pawz.rs\/en\/wp-json\/wp\/v2\/media\/25451"}],"wp:attachment":[{"href":"https:\/\/pawz.rs\/en\/wp-json\/wp\/v2\/media?parent=25461"}],"wp:term":[{"taxonomy":"pwb-brand","embeddable":true,"href":"https:\/\/pawz.rs\/en\/wp-json\/wp\/v2\/pwb-brand?post=25461"},{"taxonomy":"product_cat","embeddable":true,"href":"https:\/\/pawz.rs\/en\/wp-json\/wp\/v2\/product_cat?post=25461"},{"taxonomy":"product_tag","embeddable":true,"href":"https:\/\/pawz.rs\/en\/wp-json\/wp\/v2\/product_tag?post=25461"}],"curies":[{"name":"wp","href":"https:\/\/api.w.org\/{rel}","templated":true}]}}