{"id":25463,"date":"2024-05-24T15:00:12","date_gmt":"2024-05-24T13:00:12","guid":{"rendered":"https:\/\/pawz.rs\/?post_type=product&#038;p=25463"},"modified":"2024-05-24T15:00:13","modified_gmt":"2024-05-24T13:00:13","slug":"biogance-phytoverm-200-ml","status":"publish","type":"product","link":"https:\/\/pawz.rs\/en\/biogance-phytoverm-200-ml\/","title":{"rendered":"Biogance Phytoverm 200 ml"},"content":{"rendered":"<p><strong>Biogance Phytoverm 200 ml<\/strong><\/p>\n<p>Phytocare\u00a0dodaci ishrani su napravljeni od 100% prirodnih sastojaka. Za dobrobit na\u0161ih ljubimaca, i kako bi pomogli u promovisanju zdrave ravnote\u017ee metabolizma, Biogance labaratorije su formulisale niz zdravstvenih dodataka.<br \/>\nPhytocare te\u010dni rastvori su pogodni i laki za upotrebu, jednostavnim dodavanjem u hranu ili vodu.<\/p>\n<p><strong>Sastav:<\/strong><br \/>\nPrirodni ekstrakti (beli luk, ruzmarin, maj\u010dina du\u0161ica, oligo elementi (gvo\u017e\u0111e, bakar, magnezijum, cink), natrijum hlorid.<\/p>\n<p><strong>Upotreba:<\/strong><br \/>\nPre upotrebe promu\u0107kati. Sipati 2ml proizvoda u 100ml vode. Tokom perioda oporavka, bolesti ili gestacije, duplirati dnevnu koli\u010dinu: 5ml prozvoda sa 100ml vode. Preporu\u010duje se da ne pove\u0107avate dnevnu dozu.<\/p>\n<p><strong>Upozorenje:<br \/>\n<\/strong>Ovaj preparat ne zamenjuje raznovrsnu ishranu niti tretmane sa lekovima! Ne prekora\u010divati dnevnu dozu! \u010cuvati van doma\u0161aja dece! \u010cuvati na hladnom, suvom mestu, dalje od svetlosti!<\/p>\n<p>Proizvo\u0111a\u010d:\u00a0BIOGANCE LABORATOIRE, Z.I. Anjou Atlantique &#8211; F &#8211; 49123, FRANCE<br \/>\nZemlja porekla: Francuska<\/p>\n\n    <div class=\"xs_social_share_widget xs_share_url after_content \t\tmain_content  wslu-style-1 wslu-share-box-shaped wslu-fill-colored wslu-none wslu-share-horizontal wslu-theme-font-no wslu-main_content\">\n\n\t\t\n        <ul>\n\t\t\t        <\/ul>\n    <\/div>","protected":false},"excerpt":{"rendered":"<p>Biogance Phytoverm je preparat za pse i ma\u010dke koji \u0161titi i odr\u017eava ceo probavni sistem, sa ekstraktima belog luka, ruzmarina, maj\u010dine du\u0161ice<\/p>","protected":false},"featured_media":25449,"comment_status":"open","ping_status":"closed","template":"","meta":{"_acf_changed":false},"pwb-brand":[939],"product_cat":[23,47,414,391],"product_tag":[],"class_list":{"0":"post-25463","1":"product","2":"type-product","3":"status-publish","4":"has-post-thumbnail","6":"pwb-brand-biogance","7":"product_cat-macke","8":"product_cat-psi","9":"product_cat-vitamini-suplementi-i-preparati-za-macke","10":"product_cat-vitamini-suplementi-i-preparati-za-pse","12":"first","13":"instock","14":"taxable","15":"shipping-taxable","16":"purchasable","17":"product-type-simple"},"acf":[],"brands":[{"id":939,"name":"Biogance","slug":"biogance"}],"_links":{"self":[{"href":"https:\/\/pawz.rs\/en\/wp-json\/wp\/v2\/product\/25463","targetHints":{"allow":["GET"]}}],"collection":[{"href":"https:\/\/pawz.rs\/en\/wp-json\/wp\/v2\/product"}],"about":[{"href":"https:\/\/pawz.rs\/en\/wp-json\/wp\/v2\/types\/product"}],"replies":[{"embeddable":true,"href":"https:\/\/pawz.rs\/en\/wp-json\/wp\/v2\/comments?post=25463"}],"wp:featuredmedia":[{"embeddable":true,"href":"https:\/\/pawz.rs\/en\/wp-json\/wp\/v2\/media\/25449"}],"wp:attachment":[{"href":"https:\/\/pawz.rs\/en\/wp-json\/wp\/v2\/media?parent=25463"}],"wp:term":[{"taxonomy":"pwb-brand","embeddable":true,"href":"https:\/\/pawz.rs\/en\/wp-json\/wp\/v2\/pwb-brand?post=25463"},{"taxonomy":"product_cat","embeddable":true,"href":"https:\/\/pawz.rs\/en\/wp-json\/wp\/v2\/product_cat?post=25463"},{"taxonomy":"product_tag","embeddable":true,"href":"https:\/\/pawz.rs\/en\/wp-json\/wp\/v2\/product_tag?post=25463"}],"curies":[{"name":"wp","href":"https:\/\/api.w.org\/{rel}","templated":true}]}}