{"id":25485,"date":"2024-05-24T15:00:09","date_gmt":"2024-05-24T13:00:09","guid":{"rendered":"https:\/\/pawz.rs\/?post_type=product&#038;p=25485"},"modified":"2024-05-24T15:00:09","modified_gmt":"2024-05-24T13:00:09","slug":"biogance-cocoon-detox-relax-skin-reparation-emulsion-for-sensitive-skin-250-ml","status":"publish","type":"product","link":"https:\/\/pawz.rs\/en\/biogance-cocoon-detox-relax-skin-reparation-emulsion-for-sensitive-skin-250-ml\/","title":{"rendered":"Biogance Cocoon Detox &amp; Relax Skin Reparation Emulsion For Sensitive Skin 250 ml"},"content":{"rendered":"<p><strong>Biogance Cocoon Protection Optimale Skin Booster Active Emulsion Normal Skin 250 ml<\/strong><\/p>\n<p>Biogance Cocoon Spa Time Step 3 Detox and Relax Skin Reparation Emulsion Sensitive Skin je specijalna emulzija za osetljivu ko\u017eu pasa, formulisana od tamanu ulja, aloe vere i organskog ulja noc\u0301urka.<\/p>\n<p>Preparat duboko hidrira, le\u010di, obnavlja lipidnu barijeru i podsti\u010de obnavljanje \u0107elija. Ima ubla\u017eavaju\u0107e i obnavljaju\u0107e delovanje.<\/p>\n<p><strong>Korak 3-regeneracija<\/strong><\/p>\n<p><strong>Sastav<\/strong>:<br \/>\nVoda, ilit, ekstrakt maris limusa, glicerin, tara guma, benzil alkohol, mikrokristalna celuloza, celulozna guma, pra\u0161ak mehurastih algi, ksantan guma, spirulina makima prah, bisabolol, sok od aloe vere u prahu*, hidrolizovani proteini pirin\u010da, miris (pafrem), dehidrosirc\u0301etna kiselina, limonen, linalol, citronelol, benzil salicilat, natrijum benzoat<\/p>\n<p><strong>Uputstvo za upotrebu<\/strong>:<br \/>\nObilno nanesite na ko\u017eu, ne\u017eno umasirajte kru\u017enim pokretima, a zatim isperite nakon 3-5 minuta.<br \/>\nSamo za spoljnu upotrebu. Izbegavajte nano\u0161enje preparata u predelu u o\u010diju.<\/p>\n<p>Proizvo\u0111a\u010d:\u00a0BIOGANCE LABORATOIRE, Z.I. Anjou Atlantique &#8211; F &#8211; 49123, FRANCE<br \/>\nZemlja porekla: Francuska<\/p>\n<p>&nbsp;<\/p>\n\n    <div class=\"xs_social_share_widget xs_share_url after_content \t\tmain_content  wslu-style-1 wslu-share-box-shaped wslu-fill-colored wslu-none wslu-share-horizontal wslu-theme-font-no wslu-main_content\">\n\n\t\t\n        <ul>\n\t\t\t        <\/ul>\n    <\/div>","protected":false},"excerpt":{"rendered":"<p>Biogance Cocoon Spa Time Step 3 Detox and Relax Skin Reparation Emulsion Sensitive Skin je emulzija za osetljivu ko\u017eu, za pse<\/p>","protected":false},"featured_media":25480,"comment_status":"open","ping_status":"closed","template":"","meta":{"_acf_changed":false},"pwb-brand":[939],"product_cat":[47,104,389],"product_tag":[],"class_list":{"0":"post-25485","1":"product","2":"type-product","3":"status-publish","4":"has-post-thumbnail","6":"pwb-brand-biogance","7":"product_cat-psi","8":"product_cat-higijena-i-nega-pasa","9":"product_cat-higijenski-proizvodi-higijena-i-nega-pasa","11":"first","12":"instock","13":"taxable","14":"shipping-taxable","15":"purchasable","16":"product-type-simple"},"acf":[],"brands":[{"id":939,"name":"Biogance","slug":"biogance"}],"_links":{"self":[{"href":"https:\/\/pawz.rs\/en\/wp-json\/wp\/v2\/product\/25485","targetHints":{"allow":["GET"]}}],"collection":[{"href":"https:\/\/pawz.rs\/en\/wp-json\/wp\/v2\/product"}],"about":[{"href":"https:\/\/pawz.rs\/en\/wp-json\/wp\/v2\/types\/product"}],"replies":[{"embeddable":true,"href":"https:\/\/pawz.rs\/en\/wp-json\/wp\/v2\/comments?post=25485"}],"wp:featuredmedia":[{"embeddable":true,"href":"https:\/\/pawz.rs\/en\/wp-json\/wp\/v2\/media\/25480"}],"wp:attachment":[{"href":"https:\/\/pawz.rs\/en\/wp-json\/wp\/v2\/media?parent=25485"}],"wp:term":[{"taxonomy":"pwb-brand","embeddable":true,"href":"https:\/\/pawz.rs\/en\/wp-json\/wp\/v2\/pwb-brand?post=25485"},{"taxonomy":"product_cat","embeddable":true,"href":"https:\/\/pawz.rs\/en\/wp-json\/wp\/v2\/product_cat?post=25485"},{"taxonomy":"product_tag","embeddable":true,"href":"https:\/\/pawz.rs\/en\/wp-json\/wp\/v2\/product_tag?post=25485"}],"curies":[{"name":"wp","href":"https:\/\/api.w.org\/{rel}","templated":true}]}}