{"id":25487,"date":"2024-05-24T15:00:07","date_gmt":"2024-05-24T13:00:07","guid":{"rendered":"https:\/\/pawz.rs\/?post_type=product&#038;p=25487"},"modified":"2024-05-24T15:00:08","modified_gmt":"2024-05-24T13:00:08","slug":"biogance-cocoon-protection-optimale-skin-protect-massage-care-normal-skin-250-ml","status":"publish","type":"product","link":"https:\/\/pawz.rs\/en\/biogance-cocoon-protection-optimale-skin-protect-massage-care-normal-skin-250-ml\/","title":{"rendered":"Biogance Cocoon Protection Optimale Skin Protect Massage Care Normal Skin 250 ml"},"content":{"rendered":"<p><strong>Biogance Cocoon Protection Optimale Skin Protect Massage Care Normal Skin 250 ml<\/strong><\/p>\n<p>Biogance Cocoon Spa Time Step 2 Protection Optimale Skin Protect Massage Care Normal Skin je preparat za negu normalne ko\u017ee namenjen psima. Sadr\u017ei slobodne radikale, cink, antioksidante, mineralno blato.<\/p>\n<p>Detoksikuje i poma\u017ee u za\u0161titi ko\u017ee od spolja\u0161njih \u0161tetnih efekata. Ecocert kontrola.<\/p>\n<p>99% sastojaka je prirodnog porekla.<\/p>\n<p><strong>Korak 2-masa\u017ea<\/strong><\/p>\n<p><strong>Sastav<\/strong>:<br \/>\nVoda, ekstrakt maris limusa, glicerin, tara guma, mikrokristalna celuloza, celulozna guma, laminarie digitate u prahu, parfem, cink sulfat, tokoferil acetat, askorbil glukozid, dehidrosirc\u0301etna kiselina, sok od aloe vere, sok od aloe vere, limoolbenzil u prahu*, benzil salicilat, citronelol.<br \/>\nSadr\u017ei 10% organskih* sertifikovanih sastojaka i 99% sastojaka prirodnog porekla.<\/p>\n<p><strong>Uputstvo za upotrebu<\/strong>:<br \/>\nObilno nanesite na ko\u017eu, ne\u017eno umasirajte kru\u017enim pokretima, a zatim isperite nakon 3-5 minuta.<br \/>\nSamo za spoljnu upotrebu.<\/p>\n<p>Proizvo\u0111a\u010d:\u00a0BIOGANCE LABORATOIRE, Z.I. Anjou Atlantique &#8211; F &#8211; 49123, FRANCE<br \/>\nZemlja porekla: Francuska<\/p>\n<p>&nbsp;<\/p>\n\n    <div class=\"xs_social_share_widget xs_share_url after_content \t\tmain_content  wslu-style-1 wslu-share-box-shaped wslu-fill-colored wslu-none wslu-share-horizontal wslu-theme-font-no wslu-main_content\">\n\n\t\t\n        <ul>\n\t\t\t        <\/ul>\n    <\/div>","protected":false},"excerpt":{"rendered":"<p>Biogance Cocoon Spa Time Step 2 Protection Optimale Skin Protect Massage Care Normal Skin je preparat za negu i masa\u017eu normalne ko\u017ee, namenjeno psima<\/p>","protected":false},"featured_media":25479,"comment_status":"open","ping_status":"closed","template":"","meta":{"_acf_changed":false},"pwb-brand":[939],"product_cat":[104,389,47],"product_tag":[],"class_list":{"0":"post-25487","1":"product","2":"type-product","3":"status-publish","4":"has-post-thumbnail","6":"pwb-brand-biogance","7":"product_cat-higijena-i-nega-pasa","8":"product_cat-higijenski-proizvodi-higijena-i-nega-pasa","9":"product_cat-psi","11":"first","12":"instock","13":"taxable","14":"shipping-taxable","15":"purchasable","16":"product-type-simple"},"acf":[],"brands":[{"id":939,"name":"Biogance","slug":"biogance"}],"_links":{"self":[{"href":"https:\/\/pawz.rs\/en\/wp-json\/wp\/v2\/product\/25487","targetHints":{"allow":["GET"]}}],"collection":[{"href":"https:\/\/pawz.rs\/en\/wp-json\/wp\/v2\/product"}],"about":[{"href":"https:\/\/pawz.rs\/en\/wp-json\/wp\/v2\/types\/product"}],"replies":[{"embeddable":true,"href":"https:\/\/pawz.rs\/en\/wp-json\/wp\/v2\/comments?post=25487"}],"wp:featuredmedia":[{"embeddable":true,"href":"https:\/\/pawz.rs\/en\/wp-json\/wp\/v2\/media\/25479"}],"wp:attachment":[{"href":"https:\/\/pawz.rs\/en\/wp-json\/wp\/v2\/media?parent=25487"}],"wp:term":[{"taxonomy":"pwb-brand","embeddable":true,"href":"https:\/\/pawz.rs\/en\/wp-json\/wp\/v2\/pwb-brand?post=25487"},{"taxonomy":"product_cat","embeddable":true,"href":"https:\/\/pawz.rs\/en\/wp-json\/wp\/v2\/product_cat?post=25487"},{"taxonomy":"product_tag","embeddable":true,"href":"https:\/\/pawz.rs\/en\/wp-json\/wp\/v2\/product_tag?post=25487"}],"curies":[{"name":"wp","href":"https:\/\/api.w.org\/{rel}","templated":true}]}}