{"id":25488,"date":"2024-05-24T15:00:06","date_gmt":"2024-05-24T13:00:06","guid":{"rendered":"https:\/\/pawz.rs\/?post_type=product&#038;p=25488"},"modified":"2024-05-24T15:00:07","modified_gmt":"2024-05-24T13:00:07","slug":"biogance-cocoon-detox-relax-skin-detox-massage-care-for-sensitive-skin-250-ml","status":"publish","type":"product","link":"https:\/\/pawz.rs\/en\/biogance-cocoon-detox-relax-skin-detox-massage-care-for-sensitive-skin-250-ml\/","title":{"rendered":"Biogance Cocoon Detox &amp; Relax Skin Detox Massage Care For Sensitive Skin 250 ml"},"content":{"rendered":"<p><strong>Biogance Cocoon Detox &amp; Relax Skin Detox Massage Care For Sensitive Skin 250 ml<\/strong><\/p>\n<p>Biogance Cocoon Spa Time Step 2 Detox and Relax je preparat za negu osetljive ko\u017ee namenjen psima.<br \/>\nOvaj specijalni tretman za masa\u017eu osetljive ko\u017ee za pse je formulisan sa organskom aloe verom, algama ascophillum i bisabololom (alkoholom uklju\u010denim u negu dlake \u017eivotinje). Sadr\u017ei bisabolol, mineralno blato i zelenu glinu.<br \/>\nPreparat poma\u017ee u ubla\u017eavanju iritacije, pro\u010di\u0161c\u0301avanju i detoksikaciji ko\u017ee. Opu\u0161tajuc\u0301i tretman sa puno korisnih sastojaka.<\/p>\n<p><strong>Korak 2 -masa\u017ea<\/strong><\/p>\n<p><strong>Sastav<\/strong>:<br \/>\nVoda, ilit, ekstrakt maris limusa, glicerin, tara guma, benzil alkohol, mikrokristalna celuloza, celulozna guma, pra\u0161ak mehurastih algi, ksantanska guma, spirulina makima prah, bisabolol, sok aloe vera u prahu*, hidrolizovani proteini pirin\u010da, pafrem ), dehidrosirc\u0301etna kiselina, limonen, linalol, citronelol, benzil salicilat, natrijum benzoat.<br \/>\nSadr\u017ei 10% organskih* sertifikovanih sastojaka i 99% sastojaka prirodnog porekla.<\/p>\n<p><strong>Uputstvo za upotrebu<\/strong>:<br \/>\nObilno nanesite na ko\u017eu, ne\u017eno umasirajte kru\u017enim pokretima, a zatim isperite nakon 3-5 minuta.<br \/>\nSamo za spoljnu upotrebu.<\/p>\n<p>Proizvo\u0111a\u010d:\u00a0BIOGANCE LABORATOIRE, Z.I. Anjou Atlantique &#8211; F &#8211; 49123, FRANCE<br \/>\nZemlja porekla: Francuska<\/p>\n<p>&nbsp;<\/p>\n\n    <div class=\"xs_social_share_widget xs_share_url after_content \t\tmain_content  wslu-style-1 wslu-share-box-shaped wslu-fill-colored wslu-none wslu-share-horizontal wslu-theme-font-no wslu-main_content\">\n\n\t\t\n        <ul>\n\t\t\t        <\/ul>\n    <\/div>","protected":false},"excerpt":{"rendered":"<p>Biogance Cocoon Spa Time Step 2 Detox and Relax je preparat za negu osetljive ko\u017ee kod pasa<\/p>","protected":false},"featured_media":25477,"comment_status":"open","ping_status":"closed","template":"","meta":{"_acf_changed":false},"pwb-brand":[939],"product_cat":[104,389,47],"product_tag":[],"class_list":{"0":"post-25488","1":"product","2":"type-product","3":"status-publish","4":"has-post-thumbnail","6":"pwb-brand-biogance","7":"product_cat-higijena-i-nega-pasa","8":"product_cat-higijenski-proizvodi-higijena-i-nega-pasa","9":"product_cat-psi","11":"first","12":"instock","13":"taxable","14":"shipping-taxable","15":"purchasable","16":"product-type-simple"},"acf":[],"brands":[{"id":939,"name":"Biogance","slug":"biogance"}],"_links":{"self":[{"href":"https:\/\/pawz.rs\/en\/wp-json\/wp\/v2\/product\/25488","targetHints":{"allow":["GET"]}}],"collection":[{"href":"https:\/\/pawz.rs\/en\/wp-json\/wp\/v2\/product"}],"about":[{"href":"https:\/\/pawz.rs\/en\/wp-json\/wp\/v2\/types\/product"}],"replies":[{"embeddable":true,"href":"https:\/\/pawz.rs\/en\/wp-json\/wp\/v2\/comments?post=25488"}],"wp:featuredmedia":[{"embeddable":true,"href":"https:\/\/pawz.rs\/en\/wp-json\/wp\/v2\/media\/25477"}],"wp:attachment":[{"href":"https:\/\/pawz.rs\/en\/wp-json\/wp\/v2\/media?parent=25488"}],"wp:term":[{"taxonomy":"pwb-brand","embeddable":true,"href":"https:\/\/pawz.rs\/en\/wp-json\/wp\/v2\/pwb-brand?post=25488"},{"taxonomy":"product_cat","embeddable":true,"href":"https:\/\/pawz.rs\/en\/wp-json\/wp\/v2\/product_cat?post=25488"},{"taxonomy":"product_tag","embeddable":true,"href":"https:\/\/pawz.rs\/en\/wp-json\/wp\/v2\/product_tag?post=25488"}],"curies":[{"name":"wp","href":"https:\/\/api.w.org\/{rel}","templated":true}]}}