{"id":25489,"date":"2024-05-24T15:00:06","date_gmt":"2024-05-24T13:00:06","guid":{"rendered":"https:\/\/pawz.rs\/?post_type=product&#038;p=25489"},"modified":"2024-05-24T15:00:06","modified_gmt":"2024-05-24T13:00:06","slug":"biogance-cocoon-force-confort-muscle-articulation-massage-care-250-ml","status":"publish","type":"product","link":"https:\/\/pawz.rs\/en\/biogance-cocoon-force-confort-muscle-articulation-massage-care-250-ml\/","title":{"rendered":"Biogance Cocoon Force &amp; Confort Muscle &amp; Articulation Massage Care 250 ml"},"content":{"rendered":"<p><strong>Biogance Cocoon Force &amp; Confort Muscle &amp; Articulation Massage Care 250 ml<\/strong><\/p>\n<p>Biogance Cocoon Spa Time Step 2 Force and Confort Muscle and Articulation Massage Care je preparat za negu ko\u017ee namenjen starijim i aktivnim psima.<br \/>\nOvaj sertifikovani organski proizvod je formulisan sa aktivnim morskim sastojcima, bogatim jodom, aminokiselinama, elementima u tragovima, vitaminima i proteinima.<br \/>\nSastoji se od 98% sastojaka organskog i prirodnog porekla, bez parabena, silikona i fenoksietanola. Proizvod za detoksikaciju i ubla\u017eavanje bolnih zglobova.<br \/>\nUkrcajte svog ljubimca u pravu \u010dauru mekoc\u0301e. Iskustvo bogato opu\u0161tanjem i preplavljeno blagostanjem! Idealan za pse koji praktikuju sportske aktivnosti koje zahtevaju agilnost kao je Kane korso i biatlon.<\/p>\n<p><strong>Korak 2 -masa\u017ea<\/strong><\/p>\n<p><strong>Sastav<\/strong>:<br \/>\nVoda, ilit, ekstrakt maris limusa, glicerin, tara guma, benzil alkohol, mikrokristalna celuloza, celulozna guma, pra\u0161ak mehurastih algi, ksantanska guma, spirulina makima prah, bisabolol, sok aloe vera u prahu*, hidrolizovani proteini pirin\u010da, pafrem ), dehidrosirc\u0301etna kiselina, limonen, linalol, citronelol, benzil salicilat, natrijum benzoat.<br \/>\nSadr\u017ei 10% organskih* sertifikovanih sastojaka i 99% sastojaka prirodnog porekla.<\/p>\n<p><strong>Uputstvo za upotrebu<\/strong>:<br \/>\nObilno nanesite na ko\u017eu, ne\u017eno umasirajte kru\u017enim pokretima, a zatim isperite nakon 3-5 minuta.<br \/>\nSamo za spoljnu upotrebu.<\/p>\n<p>Proizvo\u0111a\u010d:\u00a0BIOGANCE LABORATOIRE, Z.I. Anjou Atlantique &#8211; F &#8211; 49123, FRANCE<br \/>\nZemlja porekla: Francuska<\/p>\n<p>&nbsp;<\/p>\n\n    <div class=\"xs_social_share_widget xs_share_url after_content \t\tmain_content  wslu-style-1 wslu-share-box-shaped wslu-fill-colored wslu-none wslu-share-horizontal wslu-theme-font-no wslu-main_content\">\n\n\t\t\n        <ul>\n\t\t\t        <\/ul>\n    <\/div>","protected":false},"excerpt":{"rendered":"<p>Biogance Cocoon Spa Time Step 2 Force and Confort Muscle and Articulation Massage Care je preprat za masa\u017eu i negu starijih i aktivnih pasa<\/p>","protected":false},"featured_media":25478,"comment_status":"open","ping_status":"closed","template":"","meta":{"_acf_changed":false},"pwb-brand":[939],"product_cat":[47,104,389],"product_tag":[],"class_list":{"0":"post-25489","1":"product","2":"type-product","3":"status-publish","4":"has-post-thumbnail","6":"pwb-brand-biogance","7":"product_cat-psi","8":"product_cat-higijena-i-nega-pasa","9":"product_cat-higijenski-proizvodi-higijena-i-nega-pasa","11":"first","12":"instock","13":"taxable","14":"shipping-taxable","15":"purchasable","16":"product-type-simple"},"acf":[],"brands":[{"id":939,"name":"Biogance","slug":"biogance"}],"_links":{"self":[{"href":"https:\/\/pawz.rs\/en\/wp-json\/wp\/v2\/product\/25489","targetHints":{"allow":["GET"]}}],"collection":[{"href":"https:\/\/pawz.rs\/en\/wp-json\/wp\/v2\/product"}],"about":[{"href":"https:\/\/pawz.rs\/en\/wp-json\/wp\/v2\/types\/product"}],"replies":[{"embeddable":true,"href":"https:\/\/pawz.rs\/en\/wp-json\/wp\/v2\/comments?post=25489"}],"wp:featuredmedia":[{"embeddable":true,"href":"https:\/\/pawz.rs\/en\/wp-json\/wp\/v2\/media\/25478"}],"wp:attachment":[{"href":"https:\/\/pawz.rs\/en\/wp-json\/wp\/v2\/media?parent=25489"}],"wp:term":[{"taxonomy":"pwb-brand","embeddable":true,"href":"https:\/\/pawz.rs\/en\/wp-json\/wp\/v2\/pwb-brand?post=25489"},{"taxonomy":"product_cat","embeddable":true,"href":"https:\/\/pawz.rs\/en\/wp-json\/wp\/v2\/product_cat?post=25489"},{"taxonomy":"product_tag","embeddable":true,"href":"https:\/\/pawz.rs\/en\/wp-json\/wp\/v2\/product_tag?post=25489"}],"curies":[{"name":"wp","href":"https:\/\/api.w.org\/{rel}","templated":true}]}}