{"id":25490,"date":"2024-05-24T15:00:05","date_gmt":"2024-05-24T13:00:05","guid":{"rendered":"https:\/\/pawz.rs\/?post_type=product&#038;p=25490"},"modified":"2024-05-24T15:00:05","modified_gmt":"2024-05-24T13:00:05","slug":"biogance-cocoon-fresh-refresh-shampoo-finition-for-all-type-of-skin-250-ml","status":"publish","type":"product","link":"https:\/\/pawz.rs\/en\/biogance-cocoon-fresh-refresh-shampoo-finition-for-all-type-of-skin-250-ml\/","title":{"rendered":"Biogance Cocoon Fresh &amp; Refresh Shampoo Finition For All Type Of Skin 250 ml"},"content":{"rendered":"<p><strong>Biogance Cocoon Fresh &amp; Refresh Shampoo Finition For All Type Of Skin 250 ml<\/strong><\/p>\n<p>Biogance Cocoon Spa Time Step 4 Fresh and Refresh Shampoo Finition All Type of Skin je zavr\u0161ni \u0161ampon za pse (4\/4 koraka\u00a0Spa tretmana) namejen psima, formulisan sa organskom aloe verom, algama kelp i algama ascophillum.<br \/>\n\u0160ampon sadr\u017ei soli iz mrtvog mora, kompleks sme\u0111ih i zelenih algi.<br \/>\nUklanja vi\u0161ak masno\u0107e i osna\u017euje u\u010dinak tretmana.<\/p>\n<p><strong>Korak 4- zavr\u0161na nega<\/strong><\/p>\n<p><strong>Sastav<\/strong>:<br \/>\nVoda, amonijum lauril sulfat, Marisa so, glicerin, kokamidopropil betain, kokosov glukozid, natrijum benzoat, miris (parfem), pra\u0161ak bra\u010dije sa mehuric\u0301ima, prah laminarije digitate, prah haluga mehuric\u0301a, prah spiruline makima, sok od aloe vere, sok od aloe vere, sorbat u prahu* benzoeve kiseline.<\/p>\n<p><strong>Uputstvo za upotrebu<\/strong>:<br \/>\nNanesite na mokru dlaku, utrljajte i isperite. Ponovite ako je potrebno.<br \/>\nSamo za spoljnu upotrebu.<\/p>\n<p>Proizvo\u0111a\u010d:\u00a0BIOGANCE LABORATOIRE, Z.I. Anjou Atlantique &#8211; F &#8211; 49123, FRANCE<br \/>\nZemlja porekla: Francuska<\/p>\n<p>&nbsp;<\/p>\n\n    <div class=\"xs_social_share_widget xs_share_url after_content \t\tmain_content  wslu-style-1 wslu-share-box-shaped wslu-fill-colored wslu-none wslu-share-horizontal wslu-theme-font-no wslu-main_content\">\n\n\t\t\n        <ul>\n\t\t\t        <\/ul>\n    <\/div>","protected":false},"excerpt":{"rendered":"<p>Biogance Cocoon Spa Time Step 4 Fresh and Refresh Shampoo Finition All Type of Skin je zavr\u0161ni \u0161ampon za pse koji uklanja vi\u0161ak masno\u0107e<\/p>","protected":false},"featured_media":25476,"comment_status":"open","ping_status":"closed","template":"","meta":{"_acf_changed":false},"pwb-brand":[939],"product_cat":[104,389,47],"product_tag":[],"class_list":{"0":"post-25490","1":"product","2":"type-product","3":"status-publish","4":"has-post-thumbnail","6":"pwb-brand-biogance","7":"product_cat-higijena-i-nega-pasa","8":"product_cat-higijenski-proizvodi-higijena-i-nega-pasa","9":"product_cat-psi","11":"first","12":"instock","13":"taxable","14":"shipping-taxable","15":"purchasable","16":"product-type-simple"},"acf":[],"brands":[{"id":939,"name":"Biogance","slug":"biogance"}],"_links":{"self":[{"href":"https:\/\/pawz.rs\/en\/wp-json\/wp\/v2\/product\/25490","targetHints":{"allow":["GET"]}}],"collection":[{"href":"https:\/\/pawz.rs\/en\/wp-json\/wp\/v2\/product"}],"about":[{"href":"https:\/\/pawz.rs\/en\/wp-json\/wp\/v2\/types\/product"}],"replies":[{"embeddable":true,"href":"https:\/\/pawz.rs\/en\/wp-json\/wp\/v2\/comments?post=25490"}],"wp:featuredmedia":[{"embeddable":true,"href":"https:\/\/pawz.rs\/en\/wp-json\/wp\/v2\/media\/25476"}],"wp:attachment":[{"href":"https:\/\/pawz.rs\/en\/wp-json\/wp\/v2\/media?parent=25490"}],"wp:term":[{"taxonomy":"pwb-brand","embeddable":true,"href":"https:\/\/pawz.rs\/en\/wp-json\/wp\/v2\/pwb-brand?post=25490"},{"taxonomy":"product_cat","embeddable":true,"href":"https:\/\/pawz.rs\/en\/wp-json\/wp\/v2\/product_cat?post=25490"},{"taxonomy":"product_tag","embeddable":true,"href":"https:\/\/pawz.rs\/en\/wp-json\/wp\/v2\/product_tag?post=25490"}],"curies":[{"name":"wp","href":"https:\/\/api.w.org\/{rel}","templated":true}]}}