{"id":25532,"date":"2024-05-27T12:33:41","date_gmt":"2024-05-27T10:33:41","guid":{"rendered":"https:\/\/pawz.rs\/?post_type=product&#038;p=25532"},"modified":"2026-01-17T20:43:08","modified_gmt":"2026-01-17T19:43:08","slug":"royal-canin-mini-puppy-12-x-85-g","status":"publish","type":"product","link":"https:\/\/pawz.rs\/en\/royal-canin-mini-puppy-12-x-85-g\/","title":{"rendered":"Royal Canin Mini Puppy 12 x 85 g"},"content":{"rendered":"<p><strong>Royal Canin Mini Puppy 12 x 85 g<\/strong><\/p>\n<p>Royal Canin prilago\u0111ava svoje proizvode fazi u kojoj se nalazi svaki kuc\u0301ni ljubimac, kako bi u potpunosti iskoristio hranjive sastojke.<br \/>\nU ovom slu\u010daju, hrana je posebno pogodna za \u0161tence u fazi rasta, jer obezbe\u0111uje dodatke antioksidanata sa vitaminom E, koji poja\u010davaju prirodni imunitet \u0161teneta i olak\u0161avaju varenje.<br \/>\nU ovoj fazi \u017eivota, pored osnovnih hranljivih materija, \u0161tenci zahtevaju dodatnu energiju. Izbor sastojaka \u0161tenetu daje vi\u0161e energije i favorizuje sna\u017ean imunolo\u0161ki sistem.<br \/>\nOva hrana je optimalna za male rase, one u kojima psi u odrasloj fazi ne prelaze 10 kg te\u017eine.<\/p>\n<p><strong>Sastav:<\/strong><br \/>\nMesni i \u017eivotinjski nusproizvodi, \u017eitarice, biljni nusproizvodi, ulja i masti, minerali, kvas, \u0161ec\u0301er.<\/p>\n<p><strong>Analiti\u010dki sastav:<\/strong><br \/>\nSirovi protein (8%), sirova mast (6%), sirova vlakna (1%), sirovi pepeo (2%), vlaga (79%), vitamin E (150 mg)<\/p>\n<p><strong>Nutritivni dodaci:<\/strong><br \/>\nVitamin D3 (140 IU \/ kg), gvo\u017e\u0111e [E1] (5 mg \/ kg), jod [E2] (0,3 mg \/ kg), bakar [E4] (2,4 mg \/ kg), mangan [E5] (1.6 mg \/ kg), cink [E6] (16 mg \/ kg).<\/p>\n<p>Tehnolo\u0161ki aditivi: Klinoptilolit sedimentnog porekla.<\/p>\n<p>Bez ve\u0161ta\u010dkih boja, aroma i konzervansa. Hranu poslu\u017eiti na sobnoj temperaturi, uz dostupnu sve\u017eu vodu.<\/p>\n<p>Mo\u017ee se me\u0161ati sa odgovaraju\u0107om suvom formulom, ili se mo\u017ee koristiti samostalno. Proizvod \u010duvati na suvom i hladnom mestu.<\/p>\n<p>Poslu\u017eiti hranu uz dostupnu sve\u017eu vodu.<br \/>\nZbog zdravlja Va\u0161eg ljubimca redovno konsultujte veterinara.<\/p>\n<p>Proizvod \u010duvati na suvom, tamnom i hladnom mestu.<\/p>\n<p>Proizvo\u0111a\u010d: Royal Canin<br \/>\nZemlja porekla: EU<\/p>\n\n    <div class=\"xs_social_share_widget xs_share_url after_content \t\tmain_content  wslu-style-1 wslu-share-box-shaped wslu-fill-colored wslu-none wslu-share-horizontal wslu-theme-font-no wslu-main_content\">\n\n\t\t\n        <ul>\n\t\t\t        <\/ul>\n    <\/div> \n","protected":false},"excerpt":{"rendered":"<p>Royal Canin Mini Puppy je kompletna vla\u017ena hrana za \u0161tence malih rasa (odrasli te\u017eine do 10kg) do 10 meseci starosti.<\/p>","protected":false},"featured_media":25533,"comment_status":"open","ping_status":"closed","template":"","meta":{"_acf_changed":false},"pwb-brand":[340,342],"product_cat":[48,47,50],"product_tag":[1542],"class_list":{"0":"post-25532","1":"product","2":"type-product","3":"status-publish","4":"has-post-thumbnail","6":"pwb-brand-royal-canin","7":"pwb-brand-royal-canin-hrana-za-pse","8":"product_cat-hrana-za-pse","9":"product_cat-psi","10":"product_cat-vlazna-hrana-za-pse","11":"product_tag-uuuuuuu43782946394u8327439782","13":"first","14":"instock","15":"taxable","16":"shipping-taxable","17":"purchasable","18":"product-type-simple"},"acf":[],"brands":[{"id":340,"name":"Royal Canin","slug":"royal-canin"},{"id":342,"name":"Royal Canin Dog Food","slug":"royal-canin-hrana-za-pse"}],"_links":{"self":[{"href":"https:\/\/pawz.rs\/en\/wp-json\/wp\/v2\/product\/25532","targetHints":{"allow":["GET"]}}],"collection":[{"href":"https:\/\/pawz.rs\/en\/wp-json\/wp\/v2\/product"}],"about":[{"href":"https:\/\/pawz.rs\/en\/wp-json\/wp\/v2\/types\/product"}],"replies":[{"embeddable":true,"href":"https:\/\/pawz.rs\/en\/wp-json\/wp\/v2\/comments?post=25532"}],"wp:featuredmedia":[{"embeddable":true,"href":"https:\/\/pawz.rs\/en\/wp-json\/wp\/v2\/media\/25533"}],"wp:attachment":[{"href":"https:\/\/pawz.rs\/en\/wp-json\/wp\/v2\/media?parent=25532"}],"wp:term":[{"taxonomy":"pwb-brand","embeddable":true,"href":"https:\/\/pawz.rs\/en\/wp-json\/wp\/v2\/pwb-brand?post=25532"},{"taxonomy":"product_cat","embeddable":true,"href":"https:\/\/pawz.rs\/en\/wp-json\/wp\/v2\/product_cat?post=25532"},{"taxonomy":"product_tag","embeddable":true,"href":"https:\/\/pawz.rs\/en\/wp-json\/wp\/v2\/product_tag?post=25532"}],"curies":[{"name":"wp","href":"https:\/\/api.w.org\/{rel}","templated":true}]}}