{"id":25534,"date":"2024-05-27T12:33:40","date_gmt":"2024-05-27T10:33:40","guid":{"rendered":"https:\/\/pawz.rs\/?post_type=product&#038;p=25534"},"modified":"2026-01-17T20:43:09","modified_gmt":"2026-01-17T19:43:09","slug":"royal-canin-mini-adult-12-x-85-g","status":"publish","type":"product","link":"https:\/\/pawz.rs\/en\/royal-canin-mini-adult-12-x-85-g\/","title":{"rendered":"Royal Canin Mini Adult 12 x 85 g"},"content":{"rendered":"<p><strong>Royal Canin Mini Adult 12 x 85 g<\/strong><\/p>\n<p>Vla\u017ena hrana, posebno formulisana za ishranu va\u0161eg malog psa (do 10 kg) i pogodna je u uzrastu od 10 meseci do 12 godina.<br \/>\nSpecifi\u010dne hranljive materije u Royal Canin Mini Adult podsti\u010du zdravu probavu i uravnote\u017eenu crevnu floru.<br \/>\nPo\u0161to je metabolizam sporiji nego tokom faze rasta, prilago\u0111eni nivo energije u ovoj hrani poma\u017ee va\u0161em malom psu da odr\u017ei svoju idealnu te\u017einu.<br \/>\nUz to, ova hrana je obogac\u0301ena va\u017enim hranljivim materijama, kao \u0161to su omega-3 masne kiseline EPA i DHA, koje odr\u017eavaju zdravlje ko\u017ee i dlake.<\/p>\n<p><strong>Sastav:<\/strong><br \/>\nMesni i \u017eivotinjski nusproizvodi, \u017eito, ulja i masti, biljni nusproizvodi, minerali, \u0161ec\u0301er.<\/p>\n<p><strong>Analytical composition:<\/strong><br \/>\nSirovi protein (7,5%), sirova masnoc\u0301a (5,5%), sirova vlakna (1,1%), sirovi pepeo (1,6%), vlaga (81%), EPA + DHA masne kiseline (0,151 mg).<\/p>\n<p><strong>Nutritivni dodaci:<\/strong><br \/>\nVitamin D3 (150 IU \/ kg), gvo\u017e\u0111e (6,5 mg \/ kg), jod (0,2 mg \/ kg), bakar (1,7 mg \/ kg), mangan (2 mg \/ kg), cink (20 mg \/ kg).<\/p>\n<p>Tehnolo\u0161ki aditivi: Klinoptilolit sedimentnog porekla.<\/p>\n<p>Bez ve\u0161ta\u010dkih boja, aroma i konzervansa. Hranu poslu\u017eiti na sobnoj temperaturi, uz dostupnu sve\u017eu vodu.<\/p>\n<p>Mo\u017ee se me\u0161ati sa odgovaraju\u0107om suvom formulom, ili se mo\u017ee koristiti samostalno. Proizvod \u010duvati na suvom i hladnom mestu.<\/p>\n<p>Poslu\u017eiti hranu uz dostupnu sve\u017eu vodu.<br \/>\nFor your pet&#039;s health, consult a veterinarian regularly.<\/p>\n<p>Store the product in a dry, dark and cool place.<\/p>\n<p>Manufacturer: Royal Canin<br \/>\nCountry of origin: EU<\/p>\n\n    <div class=\"xs_social_share_widget xs_share_url after_content \t\tmain_content  wslu-style-1 wslu-share-box-shaped wslu-fill-colored wslu-none wslu-share-horizontal wslu-theme-font-no wslu-main_content\">\n\n\t\t\n        <ul>\n\t\t\t        <\/ul>\n    <\/div>","protected":false},"excerpt":{"rendered":"<p>Royal Canin Mini Adult je kompletna vla\u017ena hrana za odrasle pse malih rasa (do 10kg telesne mase) od 10 meseci do 12 godina starosti.<\/p>","protected":false},"featured_media":25535,"comment_status":"open","ping_status":"closed","template":"","meta":{"_acf_changed":false},"pwb-brand":[340,342],"product_cat":[48,47,50],"product_tag":[1542],"class_list":{"0":"post-25534","1":"product","2":"type-product","3":"status-publish","4":"has-post-thumbnail","6":"pwb-brand-royal-canin","7":"pwb-brand-royal-canin-hrana-za-pse","8":"product_cat-hrana-za-pse","9":"product_cat-psi","10":"product_cat-vlazna-hrana-za-pse","11":"product_tag-uuuuuuu43782946394u8327439782","13":"first","14":"instock","15":"taxable","16":"shipping-taxable","17":"purchasable","18":"product-type-simple"},"acf":[],"brands":[{"id":340,"name":"Royal Canin","slug":"royal-canin"},{"id":342,"name":"Royal Canin Dog Food","slug":"royal-canin-hrana-za-pse"}],"_links":{"self":[{"href":"https:\/\/pawz.rs\/en\/wp-json\/wp\/v2\/product\/25534","targetHints":{"allow":["GET"]}}],"collection":[{"href":"https:\/\/pawz.rs\/en\/wp-json\/wp\/v2\/product"}],"about":[{"href":"https:\/\/pawz.rs\/en\/wp-json\/wp\/v2\/types\/product"}],"replies":[{"embeddable":true,"href":"https:\/\/pawz.rs\/en\/wp-json\/wp\/v2\/comments?post=25534"}],"wp:featuredmedia":[{"embeddable":true,"href":"https:\/\/pawz.rs\/en\/wp-json\/wp\/v2\/media\/25535"}],"wp:attachment":[{"href":"https:\/\/pawz.rs\/en\/wp-json\/wp\/v2\/media?parent=25534"}],"wp:term":[{"taxonomy":"pwb-brand","embeddable":true,"href":"https:\/\/pawz.rs\/en\/wp-json\/wp\/v2\/pwb-brand?post=25534"},{"taxonomy":"product_cat","embeddable":true,"href":"https:\/\/pawz.rs\/en\/wp-json\/wp\/v2\/product_cat?post=25534"},{"taxonomy":"product_tag","embeddable":true,"href":"https:\/\/pawz.rs\/en\/wp-json\/wp\/v2\/product_tag?post=25534"}],"curies":[{"name":"wp","href":"https:\/\/api.w.org\/{rel}","templated":true}]}}