{"id":25558,"date":"2024-05-27T12:33:43","date_gmt":"2024-05-27T10:33:43","guid":{"rendered":"https:\/\/pawz.rs\/?post_type=product&#038;p=25558"},"modified":"2026-01-17T20:43:10","modified_gmt":"2026-01-17T19:43:10","slug":"royal-canin-medium-puppy-10-x-140-g","status":"publish","type":"product","link":"https:\/\/pawz.rs\/en\/royal-canin-medium-puppy-10-x-140-g\/","title":{"rendered":"Royal Canin Medium Puppy 10 x 140 g"},"content":{"rendered":"<p><strong>Royal Canin Medium Puppy 10 x 140 g<\/strong><\/p>\n<p>Ukusna vla\u017ena hrana za \u0161tence starije te\u017eine izme\u0111u 11kg i 25kg.<\/p>\n<p>Rast je su\u0161tinska faza u \u017eivotu psa. Tokom tog perioda, va\u0161em \u0161tenetu je potrebna kompletna i uravnote\u017eena ishrana da bi se podr\u017ealo njegovo zdravlje.<br \/>\nEkskluzivni kompleks antioksidanata, uklju\u010dujuc\u0301i vitamin E, poma\u017ee da se oja\u010da prirodna odbrana va\u0161eg malog prijatelja. Specifi\u010dni hranljivi sastojci doprinose zdravoj probavi i uravnote\u017eenoj crevnoj flori. \u0160tenci srednje velike rase imaju relativno kratak period rasta.<br \/>\nDa bi udovoljio potrebama va\u0161eg psa, vla\u017ena hrana Roial Canin Medium Puppy zadovoljava visoke energetske potrebe koje pas ima.<\/p>\n<p><strong>Sastav:<\/strong><br \/>\nDehidrirani proteini \u017eivine, kukuruz, \u017eivotinjske masti, repina pulpa, izolat biljnih proteina*, kukuruzni gluten, dehidrirani svinjski proteini*, pirina\u010d, p\u0161eni\u010dno bra\u0161no, hidrolizat \u017eivotinjskih proteina, p\u0161enica, kukuruzno bra\u0161no, minerali, riblje ulje, sojino ulje, kvasci i njihovi delovi, frukto-oligosaharidi (0,34 %), hidrolizirani kvasac (izvor mananoligosaharida), ekstrakti kvasca (izvor betaglukana), ekstrakt nevena (izvor luteina).<\/p>\n<p><strong>Analytical composition:<\/strong><br \/>\nSirovi proteini: 32 % &#8211; Sirova ulja i masti: 20 % &#8211; Sirovi pepeo: 8 % &#8211; Sirova vlakna: 1,7 %.<\/p>\n<p><strong>Nutritivni dodaci:<\/strong><br \/>\nVitamin A: 16000 IU, Vitamin D3: 1000 IU, Vitamin E: 520 mg, E1 (\u017deljezo): 45 mg, E2 (Jod): 4,5 mg, E4 (Bakar): 14 mg, E5 (Mangan): 59 mg, E6 (Cink): 123 mg, E8 (Selen): 0,08 mg.<\/p>\n<p><strong>Tehnolo\u0161ki aditivi:<\/strong> Klinoptilolit sedimentnog porekla: 10 g.<\/p>\n<p><strong>Senzorni dodaci:<\/strong> Ekstrakt juke: 125 mg &#8211; Konzervansi &#8211; Antioksidansi<\/p>\n<p>Bez ve\u0161ta\u010dkih boja, aroma i konzervansa.<\/p>\n<p>Mo\u017ee se me\u0161ati sa odgovaraju\u0107om suvom formulom, ili se mo\u017ee koristiti samostalno. Proizvod \u010duvati na suvom i hladnom mestu.<\/p>\n<p>Poslu\u017eiti hranu uz dostupnu sve\u017eu vodu.<br \/>\nFor your pet&#039;s health, consult a veterinarian regularly.<\/p>\n<p>Store the product in a dry, dark and cool place.<\/p>\n<p>Manufacturer: Royal Canin<br \/>\nCountry of origin: EU<\/p>\n\n    <div class=\"xs_social_share_widget xs_share_url after_content \t\tmain_content  wslu-style-1 wslu-share-box-shaped wslu-fill-colored wslu-none wslu-share-horizontal wslu-theme-font-no wslu-main_content\">\n\n\t\t\n        <ul>\n\t\t\t        <\/ul>\n    <\/div>","protected":false},"excerpt":{"rendered":"<p>Royal Canin Medium Puppy je kompletna vla\u017ena hrana za \u0161tence srednje rase, do 12 meseci starosti<\/p>","protected":false},"featured_media":25562,"comment_status":"open","ping_status":"closed","template":"","meta":{"_acf_changed":false},"pwb-brand":[340,342],"product_cat":[48,47,50],"product_tag":[1542],"class_list":{"0":"post-25558","1":"product","2":"type-product","3":"status-publish","4":"has-post-thumbnail","6":"pwb-brand-royal-canin","7":"pwb-brand-royal-canin-hrana-za-pse","8":"product_cat-hrana-za-pse","9":"product_cat-psi","10":"product_cat-vlazna-hrana-za-pse","11":"product_tag-uuuuuuu43782946394u8327439782","13":"first","14":"instock","15":"taxable","16":"shipping-taxable","17":"purchasable","18":"product-type-simple"},"acf":[],"brands":[{"id":340,"name":"Royal Canin","slug":"royal-canin"},{"id":342,"name":"Royal Canin Dog Food","slug":"royal-canin-hrana-za-pse"}],"_links":{"self":[{"href":"https:\/\/pawz.rs\/en\/wp-json\/wp\/v2\/product\/25558","targetHints":{"allow":["GET"]}}],"collection":[{"href":"https:\/\/pawz.rs\/en\/wp-json\/wp\/v2\/product"}],"about":[{"href":"https:\/\/pawz.rs\/en\/wp-json\/wp\/v2\/types\/product"}],"replies":[{"embeddable":true,"href":"https:\/\/pawz.rs\/en\/wp-json\/wp\/v2\/comments?post=25558"}],"wp:featuredmedia":[{"embeddable":true,"href":"https:\/\/pawz.rs\/en\/wp-json\/wp\/v2\/media\/25562"}],"wp:attachment":[{"href":"https:\/\/pawz.rs\/en\/wp-json\/wp\/v2\/media?parent=25558"}],"wp:term":[{"taxonomy":"pwb-brand","embeddable":true,"href":"https:\/\/pawz.rs\/en\/wp-json\/wp\/v2\/pwb-brand?post=25558"},{"taxonomy":"product_cat","embeddable":true,"href":"https:\/\/pawz.rs\/en\/wp-json\/wp\/v2\/product_cat?post=25558"},{"taxonomy":"product_tag","embeddable":true,"href":"https:\/\/pawz.rs\/en\/wp-json\/wp\/v2\/product_tag?post=25558"}],"curies":[{"name":"wp","href":"https:\/\/api.w.org\/{rel}","templated":true}]}}