{"id":25591,"date":"2024-05-29T17:23:52","date_gmt":"2024-05-29T15:23:52","guid":{"rendered":"https:\/\/pawz.rs\/?post_type=product&#038;p=25591"},"modified":"2025-06-29T20:02:46","modified_gmt":"2025-06-29T18:02:46","slug":"libra-cat-adult-piletina","status":"publish","type":"product","link":"https:\/\/pawz.rs\/en\/libra-cat-adult-piletina\/","title":{"rendered":"Libra Cat Adult Piletina"},"content":{"rendered":"<p><strong>Libra Cat Adult Piletina<\/strong><\/p>\n<p>Libra Cat Adult Chicken je kompletna i izbalansirana hrana za odrasle ma\u010dke.<\/p>\n<p><strong><span class=\"ref-naslovi\">Sastav:<br \/>\n<\/span><\/strong>\u017ditarice (pirina\u010d 4%), meso i nusproizvodi \u017eivotinjskog porekla (dehidrirana piletina 14%), ekstrakti biljnih proteina, ulja i masti, povrc\u0301e, nusproizvodi biljnog porekla, mineralne materije.<\/p>\n<p><strong>Analytical composition: <\/strong><br \/>\nVlaga 6%, Proteini 33%, Masti 13%, Sirova vlakna 2%, Minerali 7,5%, Kalcijum 1,43%, Fosfor 1,08%, Natrijum 0,3%, Kalijum 0,8%, Magnezijum 0,1%, Omega 3 0,12%, Omega 6 1,5%. Energija koja se metabolizira: 3840 kcal\/kg.<\/p>\n<p><strong>Nutritivni dodaci: <\/strong><br \/>\nTaurin 700 mg, vitamin A 27000 ij, vitamin D3 1800 ij, vitamin E 95 mg, vitamin C, gvo\u017e\u0111e 78 mg, jod 1,31 mg, bakar 8 mg, mangan 36,5 mg, cink 80 mg, selen 0,1 mg.<\/p>\n<p>Proizvo\u0111a\u010d: Novafoods<br \/>\nZemlja porekla: Italija<\/p>\n\n    <div class=\"xs_social_share_widget xs_share_url after_content \t\tmain_content  wslu-style-1 wslu-share-box-shaped wslu-fill-colored wslu-none wslu-share-horizontal wslu-theme-font-no wslu-main_content\">\n\n\t\t\n        <ul>\n\t\t\t        <\/ul>\n    <\/div>","protected":false},"excerpt":{"rendered":"<p>Libra Cat Adult je kompletna suva hrana za odrasle ma\u010dke, sa piletinom<\/p>","protected":false},"featured_media":25594,"comment_status":"open","ping_status":"closed","template":"","meta":{"_acf_changed":false},"pwb-brand":[1213],"product_cat":[23,21,149],"product_tag":[],"class_list":{"0":"post-25591","1":"product","2":"type-product","3":"status-publish","4":"has-post-thumbnail","6":"pwb-brand-libra","7":"product_cat-macke","8":"product_cat-hrana-za-macke","9":"product_cat-granule-za-macke","11":"first","12":"instock","13":"taxable","14":"shipping-taxable","15":"purchasable","16":"product-type-variable","17":"has-default-attributes"},"acf":[],"brands":[{"id":1213,"name":"Libra","slug":"libra"}],"_links":{"self":[{"href":"https:\/\/pawz.rs\/en\/wp-json\/wp\/v2\/product\/25591","targetHints":{"allow":["GET"]}}],"collection":[{"href":"https:\/\/pawz.rs\/en\/wp-json\/wp\/v2\/product"}],"about":[{"href":"https:\/\/pawz.rs\/en\/wp-json\/wp\/v2\/types\/product"}],"replies":[{"embeddable":true,"href":"https:\/\/pawz.rs\/en\/wp-json\/wp\/v2\/comments?post=25591"}],"wp:featuredmedia":[{"embeddable":true,"href":"https:\/\/pawz.rs\/en\/wp-json\/wp\/v2\/media\/25594"}],"wp:attachment":[{"href":"https:\/\/pawz.rs\/en\/wp-json\/wp\/v2\/media?parent=25591"}],"wp:term":[{"taxonomy":"pwb-brand","embeddable":true,"href":"https:\/\/pawz.rs\/en\/wp-json\/wp\/v2\/pwb-brand?post=25591"},{"taxonomy":"product_cat","embeddable":true,"href":"https:\/\/pawz.rs\/en\/wp-json\/wp\/v2\/product_cat?post=25591"},{"taxonomy":"product_tag","embeddable":true,"href":"https:\/\/pawz.rs\/en\/wp-json\/wp\/v2\/product_tag?post=25591"}],"curies":[{"name":"wp","href":"https:\/\/api.w.org\/{rel}","templated":true}]}}