{"id":25603,"date":"2024-05-29T17:23:50","date_gmt":"2024-05-29T15:23:50","guid":{"rendered":"https:\/\/pawz.rs\/?post_type=product&#038;p=25603"},"modified":"2025-06-29T20:02:46","modified_gmt":"2025-06-29T18:02:46","slug":"libra-cat-adult-urinary-piletina","status":"publish","type":"product","link":"https:\/\/pawz.rs\/en\/libra-cat-adult-urinary-piletina\/","title":{"rendered":"Libra Cat Adult Urinary Piletina"},"content":{"rendered":"<p><strong>Libra Cat Adult Urinary Piletina<\/strong><\/p>\n<p>Libra Cat Adult Urinary je nutritivno izbalansirana, raznovrsna i visokokvalitetna hrana koja sadr\u017ei sve neophodne sastojke za zdravlje va\u0161e ma\u010dke, namenjena ma\u010dkama sa osetljivim mokra\u0107nim kanalima<\/p>\n<p><strong><span class=\"ref-naslovi\">Sastav:<br \/>\n<\/span><\/strong>\u017ditarice, meso i \u017eivotinjske prera\u0111evine (dehidrirana piletina 10%), ekstrakti biljnih proteina, ulja i masti, povr\u0107e, minerali.<\/p>\n<p><strong>Analytical composition:<\/strong><br \/>\nSirovi proteini 34%; sirove masti 13%; sirova vlakna 2%; sirovi pepeo 7%; omega 6 1,5%<\/p>\n<p><strong>Nutritivni dodaci:<br \/>\n<\/strong>Vitamin A 27000 IU; vitamin D3 1800 IU; vitamin E 95 mg; taurin 700 mg; gvo\u017e\u0111e (II) sulfat monohidrat 237 mg (Fe: 78 mg); kalijum jodid 1,7 mg (I: 1,31 mg); bakar (II) sulfat pentahidrat 30 mg (Cu: 8 mg); mangan sulfat monohidrat 112 mg (Mn: 36,5 mg); cink sulfat monohidrat 219 mg (Zn: 80 mg); natrijum selenit 0,22 mg (Se: 0,1 mg).<br \/>\nZootehni\u010dki aditivi: natrijum hlorid 5g.<\/p>\n<p>Proizvo\u0111a\u010d: Novafoods<br \/>\nZemlja porekla: Italija<\/p>\n\n    <div class=\"xs_social_share_widget xs_share_url after_content \t\tmain_content  wslu-style-1 wslu-share-box-shaped wslu-fill-colored wslu-none wslu-share-horizontal wslu-theme-font-no wslu-main_content\">\n\n\t\t\n        <ul>\n\t\t\t        <\/ul>\n    <\/div>","protected":false},"excerpt":{"rendered":"<p>Libra Cat Adult Urinary je kompletna hrana za odrasle ma\u010dke kao i one koje imaju problem sa urinarnim sistemom, sa piletinom<\/p>","protected":false},"featured_media":25606,"comment_status":"open","ping_status":"closed","template":"","meta":{"_acf_changed":false},"pwb-brand":[1213],"product_cat":[23,21,149],"product_tag":[],"class_list":{"0":"post-25603","1":"product","2":"type-product","3":"status-publish","4":"has-post-thumbnail","6":"pwb-brand-libra","7":"product_cat-macke","8":"product_cat-hrana-za-macke","9":"product_cat-granule-za-macke","11":"first","12":"instock","13":"taxable","14":"shipping-taxable","15":"purchasable","16":"product-type-variable","17":"has-default-attributes"},"acf":[],"brands":[{"id":1213,"name":"Libra","slug":"libra"}],"_links":{"self":[{"href":"https:\/\/pawz.rs\/en\/wp-json\/wp\/v2\/product\/25603","targetHints":{"allow":["GET"]}}],"collection":[{"href":"https:\/\/pawz.rs\/en\/wp-json\/wp\/v2\/product"}],"about":[{"href":"https:\/\/pawz.rs\/en\/wp-json\/wp\/v2\/types\/product"}],"replies":[{"embeddable":true,"href":"https:\/\/pawz.rs\/en\/wp-json\/wp\/v2\/comments?post=25603"}],"wp:featuredmedia":[{"embeddable":true,"href":"https:\/\/pawz.rs\/en\/wp-json\/wp\/v2\/media\/25606"}],"wp:attachment":[{"href":"https:\/\/pawz.rs\/en\/wp-json\/wp\/v2\/media?parent=25603"}],"wp:term":[{"taxonomy":"pwb-brand","embeddable":true,"href":"https:\/\/pawz.rs\/en\/wp-json\/wp\/v2\/pwb-brand?post=25603"},{"taxonomy":"product_cat","embeddable":true,"href":"https:\/\/pawz.rs\/en\/wp-json\/wp\/v2\/product_cat?post=25603"},{"taxonomy":"product_tag","embeddable":true,"href":"https:\/\/pawz.rs\/en\/wp-json\/wp\/v2\/product_tag?post=25603"}],"curies":[{"name":"wp","href":"https:\/\/api.w.org\/{rel}","templated":true}]}}