{"id":25615,"date":"2024-05-29T17:23:48","date_gmt":"2024-05-29T15:23:48","guid":{"rendered":"https:\/\/pawz.rs\/?post_type=product&#038;p=25615"},"modified":"2025-06-29T20:02:44","modified_gmt":"2025-06-29T18:02:44","slug":"libra-dog-adult-piletina-10-kg","status":"publish","type":"product","link":"https:\/\/pawz.rs\/en\/libra-dog-adult-piletina-10-kg\/","title":{"rendered":"Libra Dog Adult Piletina 10 kg"},"content":{"rendered":"<p><strong>Libra Dog Adult Piletina 10 kg<\/strong><\/p>\n<p>Libra Dog Adult Piletina je nutritivno izbalansirana, raznovrsna i visokokvalitetna hrana koja sadr\u017ei sve neophodne sastojke za zdravlje va\u0161eg psa, namenjena odraslim psima<\/p>\n<p><strong><span class=\"ref-naslovi\">Sastav:<br \/>\n<\/span><\/strong>\u017ditarice (celo zrno p\u0161enice 4%, celo zrno kukuruza 4%), meso i \u017eivotinjske prera\u0111evine (dehidrirana piletina 4%), prera\u0111evine biljnog porekla, povr\u0107e, ulja i masti, ekstrakti biljnih proteina, minerali.<\/p>\n<p><strong>Nutritivni aditivi:<\/strong><br \/>\nVitamin A 21000 IU; vitamin D3 1400 IU; vitamin E 75 mg; gvo\u017e\u0111e(II) sulfat monohidrat 237 mg (Fe: 78 mg); kalijum jodid 1.7 mg (I: 1.31 mg); bakar(II) sulfat pentahidrat 30 mg (Cu: 8 mg); mangan sulfat monohidrat 112 mg (Mn: 36.5 mg); cink sulfat monohidrat 219 mg (Zn: 80 mg); natrijum selenit 0.22 mg (Se: 0.1 mg). Sa antioksidansima.<\/p>\n<p><strong> Analytical composition: <\/strong><br \/>\nSirovi proteini 24%; sirove masti 12%; sirova vlakna 3%; sirovi pepeo 8%; omega 6 1.5%<\/p>\n<p>Proizvo\u0111a\u010d: Novafoods<br \/>\nZemlja porekla: Italija<\/p>\n\n    <div class=\"xs_social_share_widget xs_share_url after_content \t\tmain_content  wslu-style-1 wslu-share-box-shaped wslu-fill-colored wslu-none wslu-share-horizontal wslu-theme-font-no wslu-main_content\">\n\n\t\t\n        <ul>\n\t\t\t        <\/ul>\n    <\/div>","protected":false},"excerpt":{"rendered":"<p>Libra Dog Adult je kompletna suva hrana namenjena odraslim psima svih rasa, sa piletinom<\/p>","protected":false},"featured_media":25618,"comment_status":"open","ping_status":"closed","template":"","meta":{"_acf_changed":false},"pwb-brand":[1213],"product_cat":[47,48,49],"product_tag":[],"class_list":{"0":"post-25615","1":"product","2":"type-product","3":"status-publish","4":"has-post-thumbnail","6":"pwb-brand-libra","7":"product_cat-psi","8":"product_cat-hrana-za-pse","9":"product_cat-granule-za-pse","11":"first","12":"instock","13":"taxable","14":"shipping-taxable","15":"purchasable","16":"product-type-simple"},"acf":[],"brands":[{"id":1213,"name":"Libra","slug":"libra"}],"_links":{"self":[{"href":"https:\/\/pawz.rs\/en\/wp-json\/wp\/v2\/product\/25615","targetHints":{"allow":["GET"]}}],"collection":[{"href":"https:\/\/pawz.rs\/en\/wp-json\/wp\/v2\/product"}],"about":[{"href":"https:\/\/pawz.rs\/en\/wp-json\/wp\/v2\/types\/product"}],"replies":[{"embeddable":true,"href":"https:\/\/pawz.rs\/en\/wp-json\/wp\/v2\/comments?post=25615"}],"wp:featuredmedia":[{"embeddable":true,"href":"https:\/\/pawz.rs\/en\/wp-json\/wp\/v2\/media\/25618"}],"wp:attachment":[{"href":"https:\/\/pawz.rs\/en\/wp-json\/wp\/v2\/media?parent=25615"}],"wp:term":[{"taxonomy":"pwb-brand","embeddable":true,"href":"https:\/\/pawz.rs\/en\/wp-json\/wp\/v2\/pwb-brand?post=25615"},{"taxonomy":"product_cat","embeddable":true,"href":"https:\/\/pawz.rs\/en\/wp-json\/wp\/v2\/product_cat?post=25615"},{"taxonomy":"product_tag","embeddable":true,"href":"https:\/\/pawz.rs\/en\/wp-json\/wp\/v2\/product_tag?post=25615"}],"curies":[{"name":"wp","href":"https:\/\/api.w.org\/{rel}","templated":true}]}}