{"id":25657,"date":"2024-05-29T17:23:04","date_gmt":"2024-05-29T15:23:04","guid":{"rendered":"https:\/\/pawz.rs\/?post_type=product&#038;p=25657"},"modified":"2026-04-20T08:14:49","modified_gmt":"2026-04-20T06:14:49","slug":"josera-high-energy-12-5-kg","status":"publish","type":"product","link":"https:\/\/pawz.rs\/en\/josera-high-energy-12-5-kg\/","title":{"rendered":"Josera High Energy 12.5 kg"},"content":{"rendered":"<p><strong>Josera High Energy 12.5 kg<\/strong><\/p>\n<p class=\"pdp-info__short-desc\">Ishrana sa visokim performansama za na\u0161e \u0161ampione, uz koju su nezaustavljivi! Receptura za kompletno telo osigurava visok nivo energije. Aktivno podr\u017eava metabolizam &#8211; tokom treninga, na takmi\u010denjima ili tokom rada.<\/p>\n<ul class=\"pdp-info__bullets\">\n<li>Sa ukusnim lososom<\/li>\n<li>Posebno za odrasle sportske, izlo\u017ebene i radne pse<\/li>\n<li>Tako\u0111e pogodno za laktacione i bremenite keru\u0161e, ako su potrebni veliki kroketi<\/li>\n<li>Uz L-karnitin i taurin koji podr\u017eavaju rad srca<\/li>\n<li>Va\u017eni antioksidansi podr\u017eavaju metaboli\u010dki aktivna tkiva<\/li>\n<\/ul>\n<p><strong>Sastav:<\/strong> Su\u0161eni protein piletine; integralni kukuruz; \u017eivinska mast; pirina\u010d; vlakna cvekle; su\u0161eni protein lososa; hidrolizovani \u017eivinski protein; minerali; cikorija u prahu; su\u0161eno meso novozelandske zelenousne dagnje (Perna canaliculus);<\/p>\n<p>Serve food in dry form with available fresh water.<br \/>\nFor your pet&#039;s health, consult a veterinarian regularly.<\/p>\n<p>Store the product in a dry, dark and cool place.<\/p>\n<p>Proizvo\u0111a\u010d: Josera petfood GmbH<br \/>\nCountry of origin: Germany<\/p>\n\n    <div class=\"xs_social_share_widget xs_share_url after_content \t\tmain_content  wslu-style-1 wslu-share-box-shaped wslu-fill-colored wslu-none wslu-share-horizontal wslu-theme-font-no wslu-main_content\">\n\n\t\t\n        <ul>\n\t\t\t        <\/ul>\n    <\/div>","protected":false},"excerpt":{"rendered":"<p>Josera High Energy &#8211; Ishrana sa visokim performansama za na\u0161e \u0161ampione, uz koju su nezaustavljivi!<\/p>","protected":false},"featured_media":25658,"comment_status":"open","ping_status":"closed","template":"","meta":{"_acf_changed":false},"pwb-brand":[298,300],"product_cat":[47,48,49],"product_tag":[1237],"class_list":{"0":"post-25657","1":"product","2":"type-product","3":"status-publish","4":"has-post-thumbnail","6":"pwb-brand-josera","7":"pwb-brand-josera-hrana-za-pse","8":"product_cat-psi","9":"product_cat-hrana-za-pse","10":"product_cat-granule-za-pse","11":"product_tag-bump-psi","13":"first","14":"instock","15":"taxable","16":"shipping-taxable","17":"purchasable","18":"product-type-simple"},"acf":[],"brands":[{"id":298,"name":"Josera","slug":"josera"},{"id":300,"name":"josera Dog Food","slug":"josera-hrana-za-pse"}],"_links":{"self":[{"href":"https:\/\/pawz.rs\/en\/wp-json\/wp\/v2\/product\/25657","targetHints":{"allow":["GET"]}}],"collection":[{"href":"https:\/\/pawz.rs\/en\/wp-json\/wp\/v2\/product"}],"about":[{"href":"https:\/\/pawz.rs\/en\/wp-json\/wp\/v2\/types\/product"}],"replies":[{"embeddable":true,"href":"https:\/\/pawz.rs\/en\/wp-json\/wp\/v2\/comments?post=25657"}],"wp:featuredmedia":[{"embeddable":true,"href":"https:\/\/pawz.rs\/en\/wp-json\/wp\/v2\/media\/25658"}],"wp:attachment":[{"href":"https:\/\/pawz.rs\/en\/wp-json\/wp\/v2\/media?parent=25657"}],"wp:term":[{"taxonomy":"pwb-brand","embeddable":true,"href":"https:\/\/pawz.rs\/en\/wp-json\/wp\/v2\/pwb-brand?post=25657"},{"taxonomy":"product_cat","embeddable":true,"href":"https:\/\/pawz.rs\/en\/wp-json\/wp\/v2\/product_cat?post=25657"},{"taxonomy":"product_tag","embeddable":true,"href":"https:\/\/pawz.rs\/en\/wp-json\/wp\/v2\/product_tag?post=25657"}],"curies":[{"name":"wp","href":"https:\/\/api.w.org\/{rel}","templated":true}]}}