{"id":25659,"date":"2024-05-29T17:23:05","date_gmt":"2024-05-29T15:23:05","guid":{"rendered":"https:\/\/pawz.rs\/?post_type=product&#038;p=25659"},"modified":"2026-04-14T21:56:33","modified_gmt":"2026-04-14T19:56:33","slug":"josera-optiness-12-5-kg","status":"publish","type":"product","link":"https:\/\/pawz.rs\/en\/josera-optiness-12-5-kg\/","title":{"rendered":"Josera Optiness 12.5 kg"},"content":{"rendered":"<p><strong>Josera Optiness 12.5 kg<\/strong><\/p>\n<p class=\"pdp-info__short-desc\">Specijalna receptura za svaki dan koji pru\u017ea na\u0161im probirljivim \u010detvorono\u017enim prijateljima sve \u0161to im je potrebno. Fina jagnjetina i veoma kvalitetni izvori ugljenih hidrata bez \u017eitarica obezbe\u0111uju najbolje mogu\u0107e prihvatanje hrane. Smanjeni sadr\u017eaj proteina tako\u0111e poma\u017ee radu organa.<\/p>\n<ul class=\"pdp-info__bullets\">\n<li>Ve\u0107i kroketi za srednje i velike pse<\/li>\n<li>Smanjen sadr\u017eaj proteina olak\u0161ava rad organa<\/li>\n<li>L-karnitin i taurin podr\u017eavaju rad srca<\/li>\n<li>Vredne masne kiseline poma\u017eu u o\u010duvanju zdrave ko\u017ee i sjajne dlake<\/li>\n<li>Bez dodatka kukuruza<\/li>\n<\/ul>\n<p><strong>Sastav:<\/strong> Su\u0161eni protein piletine; pirina\u010d; jecam; su\u0161eni krompir; vlakna cvekle; \u017eivinska mast; su\u0161eni protein jagnjetine; hidrolizovani \u017eivinski protein; minerali; cikorija u prahu; su\u0161eno meso novozelandske zelenousne dagnje (Perna canaliculus);<\/p>\n<p>Serve food in dry form with available fresh water.<br \/>\nFor your pet&#039;s health, consult a veterinarian regularly.<\/p>\n<p>Store the product in a dry, dark and cool place.<\/p>\n<p>Proizvo\u0111a\u010d: Josera petfood GmbH<br \/>\nCountry of origin: Germany<\/p>\n\n    <div class=\"xs_social_share_widget xs_share_url after_content \t\tmain_content  wslu-style-1 wslu-share-box-shaped wslu-fill-colored wslu-none wslu-share-horizontal wslu-theme-font-no wslu-main_content\">\n\n\t\t\n        <ul>\n\t\t\t        <\/ul>\n    <\/div>","protected":false},"excerpt":{"rendered":"<p>Josera Optiness kompletna suva hrana za odrasle probirljive pse, srednje i velike rase<\/p>","protected":false},"featured_media":25661,"comment_status":"open","ping_status":"closed","template":"","meta":{"_acf_changed":false},"pwb-brand":[298,300],"product_cat":[49,48,47],"product_tag":[208,1237],"class_list":{"0":"post-25659","1":"product","2":"type-product","3":"status-publish","4":"has-post-thumbnail","6":"pwb-brand-josera","7":"pwb-brand-josera-hrana-za-pse","8":"product_cat-granule-za-pse","9":"product_cat-hrana-za-pse","10":"product_cat-psi","11":"product_tag-bez-zitarica","12":"product_tag-bump-psi","14":"first","15":"instock","16":"taxable","17":"shipping-taxable","18":"purchasable","19":"product-type-simple"},"acf":[],"brands":[{"id":298,"name":"Josera","slug":"josera"},{"id":300,"name":"josera Dog Food","slug":"josera-hrana-za-pse"}],"_links":{"self":[{"href":"https:\/\/pawz.rs\/en\/wp-json\/wp\/v2\/product\/25659","targetHints":{"allow":["GET"]}}],"collection":[{"href":"https:\/\/pawz.rs\/en\/wp-json\/wp\/v2\/product"}],"about":[{"href":"https:\/\/pawz.rs\/en\/wp-json\/wp\/v2\/types\/product"}],"replies":[{"embeddable":true,"href":"https:\/\/pawz.rs\/en\/wp-json\/wp\/v2\/comments?post=25659"}],"wp:featuredmedia":[{"embeddable":true,"href":"https:\/\/pawz.rs\/en\/wp-json\/wp\/v2\/media\/25661"}],"wp:attachment":[{"href":"https:\/\/pawz.rs\/en\/wp-json\/wp\/v2\/media?parent=25659"}],"wp:term":[{"taxonomy":"pwb-brand","embeddable":true,"href":"https:\/\/pawz.rs\/en\/wp-json\/wp\/v2\/pwb-brand?post=25659"},{"taxonomy":"product_cat","embeddable":true,"href":"https:\/\/pawz.rs\/en\/wp-json\/wp\/v2\/product_cat?post=25659"},{"taxonomy":"product_tag","embeddable":true,"href":"https:\/\/pawz.rs\/en\/wp-json\/wp\/v2\/product_tag?post=25659"}],"curies":[{"name":"wp","href":"https:\/\/api.w.org\/{rel}","templated":true}]}}